{"id":2375,"date":"2020-04-16T17:19:47","date_gmt":"2020-04-16T15:19:47","guid":{"rendered":"https:\/\/www.myopiacare.org\/cookie-policy-2\/"},"modified":"2020-04-17T12:03:37","modified_gmt":"2020-04-17T10:03:37","slug":"cookie-policy","status":"publish","type":"page","link":"https:\/\/www.myopiacare.org\/de\/cookie-policy\/","title":{"rendered":"Cookies"},"content":{"rendered":"\t\t<div data-elementor-type=\"wp-page\" data-elementor-id=\"2375\" class=\"elementor elementor-2375\" data-elementor-post-type=\"page\">\n\t\t\t\t\t\t<section class=\"elementor-section elementor-top-section elementor-element elementor-element-b3755e5 elementor-section-boxed elementor-section-height-default elementor-section-height-default\" data-id=\"b3755e5\" data-element_type=\"section\" data-e-type=\"section\">\n\t\t\t\t\t\t<div class=\"elementor-container elementor-column-gap-default\">\n\t\t\t\t\t<div class=\"elementor-column elementor-col-100 elementor-top-column elementor-element elementor-element-27a8270\" data-id=\"27a8270\" data-element_type=\"column\" data-e-type=\"column\">\n\t\t\t<div class=\"elementor-widget-wrap elementor-element-populated\">\n\t\t\t\t\t\t<div class=\"elementor-element elementor-element-df97249 elementor-widget elementor-widget-heading\" data-id=\"df97249\" data-element_type=\"widget\" data-e-type=\"widget\" data-widget_type=\"heading.default\">\n\t\t\t\t<div class=\"elementor-widget-container\">\n\t\t\t\t\t<h2 class=\"elementor-heading-title elementor-size-default\">Cookies<\/h2>\t\t\t\t<\/div>\n\t\t\t\t<\/div>\n\t\t\t\t<div class=\"elementor-element elementor-element-34dce79 elementor-widget elementor-widget-text-editor\" data-id=\"34dce79\" data-element_type=\"widget\" data-e-type=\"widget\" data-widget_type=\"text-editor.default\">\n\t\t\t\t<div class=\"elementor-widget-container\">\n\t\t\t\t\t\t\t\t\t<p>Die Internetseiten verwenden teilweise so genannte Cookies. Cookies richten auf Ihrem Rechner keinen Schaden an und enthalten keine Viren. Cookies dienen dazu, unser Angebot nutzerfreundlicher, effektiver und sicherer zu machen. Cookies sind kleine Textdateien, die auf Ihrem Rechner abgelegt werden und die Ihr Browser speichert.<\/p>\n<p>Die meisten der von uns verwendeten Cookies sind so genannte \u201eSession-Cookies\u201c. Sie werden nach Ende Ihres Besuchs automatisch gel\u00f6scht. Andere Cookies bleiben auf Ihrem Endger\u00e4t gespeichert, bis Sie diese l\u00f6schen. Diese Cookies erm\u00f6glichen es uns, Ihren Browser beim n\u00e4chsten Besuch wiederzuerkennen.<\/p>\n<p>Sie k\u00f6nnen Ihren Browser so einstellen, dass Sie \u00fcber das Setzen von Cookies informiert werden und Cookies nur im Einzelfall erlauben, die Annahme von Cookies f\u00fcr bestimmte F\u00e4lle oder generell ausschlie\u00dfen sowie das automatische L\u00f6schen der Cookies beim Schlie\u00dfen des Browser aktivieren. Bei der Deaktivierung von Cookies kann die Funktionalit\u00e4t dieser Website eingeschr\u00e4nkt sein.<\/p>\n<p>Quelle:\u00a0<a href=\"http:\/\/www.e-recht24.de\/\" target=\"_blank\" rel=\"noopener noreferrer\">www.e-recht24.de\u00a0<\/a><\/p>\n\t\t\t\t\t\t\t\t<\/div>\n\t\t\t\t<\/div>\n\t\t\t\t\t<\/div>\n\t\t<\/div>\n\t\t\t\t\t<\/div>\n\t\t<\/section>\n\t\t\t\t<\/div>\n\t\t","protected":false},"excerpt":{"rendered":"<p>Cookies Die Internetseiten verwenden teilweise so genannte Cookies. Cookies richten auf Ihrem Rechner keinen Schaden an und enthalten keine Viren. Cookies dienen dazu, unser Angebot nutzerfreundlicher, effektiver und sicherer zu machen. Cookies sind kleine Textdateien, die auf Ihrem Rechner abgelegt werden und die Ihr Browser speichert. Die meisten der von uns verwendeten Cookies sind so [&hellip;]<\/p>\n","protected":false},"author":3,"featured_media":0,"parent":0,"menu_order":0,"comment_status":"closed","ping_status":"closed","template":"","meta":{"site-sidebar-layout":"default","site-content-layout":"default","ast-site-content-layout":"default","site-content-style":"default","site-sidebar-style":"default","ast-global-header-display":"","ast-banner-title-visibility":"","ast-main-header-display":"disabled","ast-hfb-above-header-display":"","ast-hfb-below-header-display":"","ast-hfb-mobile-header-display":"","site-post-title":"disabled","ast-breadcrumbs-content":"disabled","ast-featured-img":"","footer-sml-layout":"","ast-disable-related-posts":"","theme-transparent-header-meta":"default","adv-header-id-meta":"","stick-header-meta":"","header-above-stick-meta":"","header-main-stick-meta":"","header-below-stick-meta":"","astra-migrate-meta-layouts":"default","ast-page-background-enabled":"default","ast-page-background-meta":{"desktop":{"background-color":"","background-image":"","background-repeat":"repeat","background-position":"center center","background-size":"auto","background-attachment":"scroll","background-type":"","background-media":"","overlay-type":"","overlay-color":"","overlay-opacity":"","overlay-gradient":""},"tablet":{"background-color":"","background-image":"","background-repeat":"repeat","background-position":"center center","background-size":"auto","background-attachment":"scroll","background-type":"","background-media":"","overlay-type":"","overlay-color":"","overlay-opacity":"","overlay-gradient":""},"mobile":{"background-color":"","background-image":"","background-repeat":"repeat","background-position":"center center","background-size":"auto","background-attachment":"scroll","background-type":"","background-media":"","overlay-type":"","overlay-color":"","overlay-opacity":"","overlay-gradient":""}},"ast-content-background-meta":{"desktop":{"background-color":"var(--ast-global-color-5)","background-image":"","background-repeat":"repeat","background-position":"center center","background-size":"auto","background-attachment":"scroll","background-type":"","background-media":"","overlay-type":"","overlay-color":"","overlay-opacity":"","overlay-gradient":""},"tablet":{"background-color":"var(--ast-global-color-5)","background-image":"","background-repeat":"repeat","background-position":"center center","background-size":"auto","background-attachment":"scroll","background-type":"","background-media":"","overlay-type":"","overlay-color":"","overlay-opacity":"","overlay-gradient":""},"mobile":{"background-color":"var(--ast-global-color-5)","background-image":"","background-repeat":"repeat","background-position":"center center","background-size":"auto","background-attachment":"scroll","background-type":"","background-media":"","overlay-type":"","overlay-color":"","overlay-opacity":"","overlay-gradient":""}},"footnotes":""},"class_list":["post-2375","page","type-page","status-publish","hentry"],"yoast_head":"<!-- This site is optimized with the Yoast SEO plugin v27.5 - https:\/\/yoast.com\/product\/yoast-seo-wordpress\/ -->\n<title>Cookies | myopia care<\/title>\n<meta name=\"robots\" content=\"index, follow, max-snippet:-1, max-image-preview:large, max-video-preview:-1\" \/>\n<link rel=\"canonical\" href=\"https:\/\/www.myopiacare.org\/de\/cookie-policy\/\" \/>\n<meta property=\"og:locale\" content=\"de_DE\" \/>\n<meta property=\"og:type\" content=\"article\" \/>\n<meta property=\"og:title\" content=\"Cookies | myopia care\" \/>\n<meta property=\"og:description\" content=\"Cookies Die Internetseiten verwenden teilweise so genannte Cookies. Cookies richten auf Ihrem Rechner keinen Schaden an und enthalten keine Viren. Cookies dienen dazu, unser Angebot nutzerfreundlicher, effektiver und sicherer zu machen. Cookies sind kleine Textdateien, die auf Ihrem Rechner abgelegt werden und die Ihr Browser speichert. Die meisten der von uns verwendeten Cookies sind so [&hellip;]\" \/>\n<meta property=\"og:url\" content=\"https:\/\/www.myopiacare.org\/de\/cookie-policy\/\" \/>\n<meta property=\"og:site_name\" content=\"myopia care\" \/>\n<meta property=\"article:publisher\" content=\"https:\/\/www.facebook.com\/myopia.care\/\" \/>\n<meta property=\"article:modified_time\" content=\"2020-04-17T10:03:37+00:00\" \/>\n<meta name=\"twitter:card\" content=\"summary_large_image\" \/>\n<meta name=\"twitter:label1\" content=\"Gesch\u00e4tzte Lesezeit\" \/>\n\t<meta name=\"twitter:data1\" content=\"1\u00a0Minute\" \/>\n<script type=\"application\/ld+json\" class=\"yoast-schema-graph\">{\"@context\":\"https:\\\/\\\/schema.org\",\"@graph\":[{\"@type\":\"WebPage\",\"@id\":\"https:\\\/\\\/www.myopiacare.org\\\/de\\\/cookie-policy\\\/\",\"url\":\"https:\\\/\\\/www.myopiacare.org\\\/de\\\/cookie-policy\\\/\",\"name\":\"Cookies | myopia care\",\"isPartOf\":{\"@id\":\"https:\\\/\\\/www.myopiacare.org\\\/#website\"},\"datePublished\":\"2020-04-16T15:19:47+00:00\",\"dateModified\":\"2020-04-17T10:03:37+00:00\",\"breadcrumb\":{\"@id\":\"https:\\\/\\\/www.myopiacare.org\\\/de\\\/cookie-policy\\\/#breadcrumb\"},\"inLanguage\":\"de\",\"potentialAction\":[{\"@type\":\"ReadAction\",\"target\":[\"https:\\\/\\\/www.myopiacare.org\\\/de\\\/cookie-policy\\\/\"]}]},{\"@type\":\"BreadcrumbList\",\"@id\":\"https:\\\/\\\/www.myopiacare.org\\\/de\\\/cookie-policy\\\/#breadcrumb\",\"itemListElement\":[{\"@type\":\"ListItem\",\"position\":1,\"name\":\"Home\",\"item\":\"https:\\\/\\\/www.myopiacare.org\\\/\"},{\"@type\":\"ListItem\",\"position\":2,\"name\":\"Cookies\"}]},{\"@type\":\"WebSite\",\"@id\":\"https:\\\/\\\/www.myopiacare.org\\\/#website\",\"url\":\"https:\\\/\\\/www.myopiacare.org\\\/\",\"name\":\"myopia care\",\"description\":\"Test your Predicted Level of Myopia (Short-sightedness)\",\"publisher\":{\"@id\":\"https:\\\/\\\/www.myopiacare.org\\\/#organization\"},\"potentialAction\":[{\"@type\":\"SearchAction\",\"target\":{\"@type\":\"EntryPoint\",\"urlTemplate\":\"https:\\\/\\\/www.myopiacare.org\\\/?s={search_term_string}\"},\"query-input\":{\"@type\":\"PropertyValueSpecification\",\"valueRequired\":true,\"valueName\":\"search_term_string\"}}],\"inLanguage\":\"de\"},{\"@type\":\"Organization\",\"@id\":\"https:\\\/\\\/www.myopiacare.org\\\/#organization\",\"name\":\"myopia.care\",\"url\":\"https:\\\/\\\/www.myopiacare.org\\\/\",\"logo\":{\"@type\":\"ImageObject\",\"inLanguage\":\"de\",\"@id\":\"https:\\\/\\\/www.myopiacare.org\\\/#\\\/schema\\\/logo\\\/image\\\/\",\"url\":\"https:\\\/\\\/www.myopiacare.org\\\/wp-content\\\/uploads\\\/2016\\\/10\\\/Myopia-Care-logo-picto-Large_clear.png\",\"contentUrl\":\"https:\\\/\\\/www.myopiacare.org\\\/wp-content\\\/uploads\\\/2016\\\/10\\\/Myopia-Care-logo-picto-Large_clear.png\",\"width\":1341,\"height\":180,\"caption\":\"myopia.care\"},\"image\":{\"@id\":\"https:\\\/\\\/www.myopiacare.org\\\/#\\\/schema\\\/logo\\\/image\\\/\"},\"sameAs\":[\"https:\\\/\\\/www.facebook.com\\\/myopia.care\\\/\"]}]}<\/script>\n<!-- \/ Yoast SEO plugin. -->","yoast_head_json":{"title":"Cookies | myopia care","robots":{"index":"index","follow":"follow","max-snippet":"max-snippet:-1","max-image-preview":"max-image-preview:large","max-video-preview":"max-video-preview:-1"},"canonical":"https:\/\/www.myopiacare.org\/de\/cookie-policy\/","og_locale":"de_DE","og_type":"article","og_title":"Cookies | myopia care","og_description":"Cookies Die Internetseiten verwenden teilweise so genannte Cookies. Cookies richten auf Ihrem Rechner keinen Schaden an und enthalten keine Viren. Cookies dienen dazu, unser Angebot nutzerfreundlicher, effektiver und sicherer zu machen. Cookies sind kleine Textdateien, die auf Ihrem Rechner abgelegt werden und die Ihr Browser speichert. Die meisten der von uns verwendeten Cookies sind so [&hellip;]","og_url":"https:\/\/www.myopiacare.org\/de\/cookie-policy\/","og_site_name":"myopia care","article_publisher":"https:\/\/www.facebook.com\/myopia.care\/","article_modified_time":"2020-04-17T10:03:37+00:00","twitter_card":"summary_large_image","twitter_misc":{"Gesch\u00e4tzte Lesezeit":"1\u00a0Minute"},"schema":{"@context":"https:\/\/schema.org","@graph":[{"@type":"WebPage","@id":"https:\/\/www.myopiacare.org\/de\/cookie-policy\/","url":"https:\/\/www.myopiacare.org\/de\/cookie-policy\/","name":"Cookies | myopia care","isPartOf":{"@id":"https:\/\/www.myopiacare.org\/#website"},"datePublished":"2020-04-16T15:19:47+00:00","dateModified":"2020-04-17T10:03:37+00:00","breadcrumb":{"@id":"https:\/\/www.myopiacare.org\/de\/cookie-policy\/#breadcrumb"},"inLanguage":"de","potentialAction":[{"@type":"ReadAction","target":["https:\/\/www.myopiacare.org\/de\/cookie-policy\/"]}]},{"@type":"BreadcrumbList","@id":"https:\/\/www.myopiacare.org\/de\/cookie-policy\/#breadcrumb","itemListElement":[{"@type":"ListItem","position":1,"name":"Home","item":"https:\/\/www.myopiacare.org\/"},{"@type":"ListItem","position":2,"name":"Cookies"}]},{"@type":"WebSite","@id":"https:\/\/www.myopiacare.org\/#website","url":"https:\/\/www.myopiacare.org\/","name":"myopia care","description":"Test your Predicted Level of Myopia (Short-sightedness)","publisher":{"@id":"https:\/\/www.myopiacare.org\/#organization"},"potentialAction":[{"@type":"SearchAction","target":{"@type":"EntryPoint","urlTemplate":"https:\/\/www.myopiacare.org\/?s={search_term_string}"},"query-input":{"@type":"PropertyValueSpecification","valueRequired":true,"valueName":"search_term_string"}}],"inLanguage":"de"},{"@type":"Organization","@id":"https:\/\/www.myopiacare.org\/#organization","name":"myopia.care","url":"https:\/\/www.myopiacare.org\/","logo":{"@type":"ImageObject","inLanguage":"de","@id":"https:\/\/www.myopiacare.org\/#\/schema\/logo\/image\/","url":"https:\/\/www.myopiacare.org\/wp-content\/uploads\/2016\/10\/Myopia-Care-logo-picto-Large_clear.png","contentUrl":"https:\/\/www.myopiacare.org\/wp-content\/uploads\/2016\/10\/Myopia-Care-logo-picto-Large_clear.png","width":1341,"height":180,"caption":"myopia.care"},"image":{"@id":"https:\/\/www.myopiacare.org\/#\/schema\/logo\/image\/"},"sameAs":["https:\/\/www.facebook.com\/myopia.care\/"]}]}},"_links":{"self":[{"href":"https:\/\/www.myopiacare.org\/de\/wp-json\/wp\/v2\/pages\/2375\/"}],"collection":[{"href":"https:\/\/www.myopiacare.org\/de\/wp-json\/wp\/v2\/pages\/"}],"about":[{"href":"https:\/\/www.myopiacare.org\/de\/wp-json\/wp\/v2\/types\/page\/"}],"author":[{"embeddable":true,"href":"https:\/\/www.myopiacare.org\/de\/wp-json\/wp\/v2\/users\/3\/"}],"replies":[{"embeddable":true,"href":"https:\/\/www.myopiacare.org\/de\/wp-json\/wp\/v2\/comments\/?post=2375"}],"version-history":[{"count":8,"href":"https:\/\/www.myopiacare.org\/de\/wp-json\/wp\/v2\/pages\/2375\/revisions\/"}],"predecessor-version":[{"id":2765,"href":"https:\/\/www.myopiacare.org\/de\/wp-json\/wp\/v2\/pages\/2375\/revisions\/2765\/"}],"wp:attachment":[{"href":"https:\/\/www.myopiacare.org\/de\/wp-json\/wp\/v2\/media\/?parent=2375"}],"curies":[{"name":"wp","href":"https:\/\/api.w.org\/{rel}","templated":true}]}}