{"id":28,"date":"2016-10-02T18:51:28","date_gmt":"2016-10-02T16:51:28","guid":{"rendered":"https:\/\/www.myopiacare.org\/de\/?page_id=28"},"modified":"2020-04-16T20:13:23","modified_gmt":"2020-04-16T18:13:23","slug":"impressum1","status":"publish","type":"page","link":"https:\/\/www.myopiacare.org\/de\/impressum1\/","title":{"rendered":"Impressum"},"content":{"rendered":"<div id=\"pl-28\"  class=\"panel-layout\" >\n<div id=\"pg-28-0\"  class=\"panel-grid panel-no-style\" >\n<div id=\"pgc-28-0-0\"  class=\"panel-grid-cell\"  data-weight=\"1\" >\n<div id=\"panel-28-0-0-0\" class=\"so-panel widget widget_sow-editor panel-first-child panel-last-child\" data-index=\"0\" data-style=\"{&quot;background_image_attachment&quot;:false,&quot;background_display&quot;:&quot;tile&quot;,&quot;animation_offset&quot;:&quot;10&quot;,&quot;animation_iteration&quot;:&quot;1&quot;,&quot;kt_animation_duration&quot;:&quot;default&quot;,&quot;kt_animation_delay&quot;:&quot;default&quot;,&quot;iw-visible-screen&quot;:&quot;iw-all&quot;,&quot;iw-visible-layout&quot;:&quot;iw-all&quot;}\" >\n<div class=\"so-widget-sow-editor so-widget-sow-editor-base\">\n<div class=\"siteorigin-widget-tinymce textwidget\">\n<h5 style=\"text-align: right;\"><a href=\"https:\/\/www.myopiacare.org\/de\/datenschutz1\/\">Datenschutz<\/a>\u00a0\/\u00a0<a href=\"https:\/\/www.myopiacare.org\/de\/nutzungsbedingungen1\/\">Nutzungsbedingungen<\/a>\u00a0\/\u00a0<a href=\"https:\/\/www.myopiacare.org\/de\/disclaimer1\/\">Disclaimer<\/a><\/h5>\n<hr \/>\n<h2>Impressum<\/h2>\n<h4>Angaben gem\u00e4\u00df \u00a7 5 TMG:<\/h4>\n<p>MyopiaCare<br \/>\nCh. Du Parc de Valency 1<br \/>\n1004 Lausanne<\/p>\n<h4>Vertreten durch:<\/h4>\n<p>Herr Pascal Blaser<\/p>\n<h4>Kontakt:<\/h4>\n<p>Telefon:\u00a0+41 (0) 76 423 31 41<\/p>\n<p>Email: info at myopiacare punkt com<\/p>\n<p>Webseite: <a href=\"https:\/\/www.myopiacare.org\">www.myopiacare.org<\/a><\/p>\n<h4>Aufsichtsbeh\u00f6rde:<\/h4>\n<p>Eidgen\u00f6ssischer Datenschutz- und \u00d6ffentlichkeitsbeauftragter (ED\u00d6B)<\/p>\n<p>Registrierugsnummer 2016 00039<\/p>\n<h4>Verantwortlich f\u00fcr den Inhalt nach \u00a7 55 Abs. 2 RStV:<\/h4>\n<p>Herr Pascal Blaser<\/p>\n<h4>Hinweis auf EU-Streitschlichtung<\/h4>\n<p>Die Europ\u00e4ische Kommission stellt eine Plattform zur Online-Streitbeilegung (OS) bereit: <a href=\"http:\/\/ec.europa.eu\/consumers\/odr\">http:\/\/ec.europa.eu\/consumers\/odr<\/a><br \/>\nUnsere E-Mail-Adresse finden sie oben im Impressum.<\/p>\n<h4>Bilder und Grafiknachweise<\/h4>\n<p>https:\/\/unsplash.com\/<\/p>\n<p>https:\/\/pixabay.com\/<\/p>\n<p>https:\/\/fotolia.com\/<\/p>\n<p>www.wikipedia.de<\/p>\n<p>www.allaboutvision.com<\/p>\n<p>Falls Quellen von Bilder oder Grafiken nicht richtig nachgewiesen sind, bzw. Bilderrechte nicht ordnungsgem\u00e4ss verwendet wurde bitten wir um Enschuldigung und <a href=\"mailto: info@myopiacheck.com\">Benachrichtigung<\/a>. Wir werden dies umgehend Beheben.<\/p>\n<p>Quelle: <em><a href=\"https:\/\/www.e-recht24.de\/impressum-generator.html\">https:\/\/www.e-recht24.de<\/a><\/em><\/p>\n<\/div>\n<\/div>\n<\/div>\n<\/div>\n<\/div>\n<\/div>\n","protected":false},"excerpt":{"rendered":"<p>Datenschutz\u00a0\/\u00a0Nutzungsbedingungen\u00a0\/\u00a0Disclaimer Impressum Angaben gem\u00e4\u00df \u00a7 5 TMG: MyopiaCare Ch. Du Parc de Valency 1 1004 Lausanne Vertreten durch: Herr Pascal Blaser Kontakt: Telefon:\u00a0+41 (0) 76 423 31 41 Email: info at myopiacare punkt com Webseite: www.myopiacare.org Aufsichtsbeh\u00f6rde: Eidgen\u00f6ssischer Datenschutz- und \u00d6ffentlichkeitsbeauftragter (ED\u00d6B) Registrierugsnummer 2016 00039 Verantwortlich f\u00fcr den Inhalt nach \u00a7 55 Abs. 2 RStV: [&hellip;]<\/p>\n","protected":false},"author":1,"featured_media":0,"parent":0,"menu_order":0,"comment_status":"closed","ping_status":"closed","template":"","meta":{"site-sidebar-layout":"default","site-content-layout":"","ast-site-content-layout":"default","site-content-style":"default","site-sidebar-style":"default","ast-global-header-display":"","ast-banner-title-visibility":"","ast-main-header-display":"","ast-hfb-above-header-display":"","ast-hfb-below-header-display":"","ast-hfb-mobile-header-display":"","site-post-title":"","ast-breadcrumbs-content":"","ast-featured-img":"","footer-sml-layout":"","ast-disable-related-posts":"","theme-transparent-header-meta":"","adv-header-id-meta":"","stick-header-meta":"","header-above-stick-meta":"","header-main-stick-meta":"","header-below-stick-meta":"","astra-migrate-meta-layouts":"default","ast-page-background-enabled":"default","ast-page-background-meta":{"desktop":{"background-color":"","background-image":"","background-repeat":"repeat","background-position":"center center","background-size":"auto","background-attachment":"scroll","background-type":"","background-media":"","overlay-type":"","overlay-color":"","overlay-opacity":"","overlay-gradient":""},"tablet":{"background-color":"","background-image":"","background-repeat":"repeat","background-position":"center center","background-size":"auto","background-attachment":"scroll","background-type":"","background-media":"","overlay-type":"","overlay-color":"","overlay-opacity":"","overlay-gradient":""},"mobile":{"background-color":"","background-image":"","background-repeat":"repeat","background-position":"center center","background-size":"auto","background-attachment":"scroll","background-type":"","background-media":"","overlay-type":"","overlay-color":"","overlay-opacity":"","overlay-gradient":""}},"ast-content-background-meta":{"desktop":{"background-color":"var(--ast-global-color-5)","background-image":"","background-repeat":"repeat","background-position":"center center","background-size":"auto","background-attachment":"scroll","background-type":"","background-media":"","overlay-type":"","overlay-color":"","overlay-opacity":"","overlay-gradient":""},"tablet":{"background-color":"var(--ast-global-color-5)","background-image":"","background-repeat":"repeat","background-position":"center center","background-size":"auto","background-attachment":"scroll","background-type":"","background-media":"","overlay-type":"","overlay-color":"","overlay-opacity":"","overlay-gradient":""},"mobile":{"background-color":"var(--ast-global-color-5)","background-image":"","background-repeat":"repeat","background-position":"center center","background-size":"auto","background-attachment":"scroll","background-type":"","background-media":"","overlay-type":"","overlay-color":"","overlay-opacity":"","overlay-gradient":""}},"footnotes":""},"class_list":["post-28","page","type-page","status-publish","hentry"],"yoast_head":"<!-- This site is optimized with the Yoast SEO plugin v27.4 - https:\/\/yoast.com\/product\/yoast-seo-wordpress\/ -->\n<title>Impressum | myopia care<\/title>\n<meta name=\"robots\" content=\"index, follow, max-snippet:-1, max-image-preview:large, max-video-preview:-1\" \/>\n<link rel=\"canonical\" href=\"https:\/\/www.myopiacare.org\/de\/impressum1\/\" \/>\n<meta property=\"og:locale\" content=\"de_DE\" \/>\n<meta property=\"og:type\" content=\"article\" \/>\n<meta property=\"og:title\" content=\"Impressum | myopia care\" \/>\n<meta property=\"og:description\" content=\"Datenschutz\u00a0\/\u00a0Nutzungsbedingungen\u00a0\/\u00a0Disclaimer Impressum Angaben gem\u00e4\u00df \u00a7 5 TMG: MyopiaCare Ch. Du Parc de Valency 1 1004 Lausanne Vertreten durch: Herr Pascal Blaser Kontakt: Telefon:\u00a0+41 (0) 76 423 31 41 Email: info at myopiacare punkt com Webseite: www.myopiacare.org Aufsichtsbeh\u00f6rde: Eidgen\u00f6ssischer Datenschutz- und \u00d6ffentlichkeitsbeauftragter (ED\u00d6B) Registrierugsnummer 2016 00039 Verantwortlich f\u00fcr den Inhalt nach \u00a7 55 Abs. 2 RStV: [&hellip;]\" \/>\n<meta property=\"og:url\" content=\"https:\/\/www.myopiacare.org\/de\/impressum1\/\" \/>\n<meta property=\"og:site_name\" content=\"myopia care\" \/>\n<meta property=\"article:publisher\" content=\"https:\/\/www.facebook.com\/myopia.care\/\" \/>\n<meta property=\"article:modified_time\" content=\"2020-04-16T18:13:23+00:00\" \/>\n<meta name=\"twitter:card\" content=\"summary_large_image\" \/>\n<meta name=\"twitter:label1\" content=\"Gesch\u00e4tzte Lesezeit\" \/>\n\t<meta name=\"twitter:data1\" content=\"1\u00a0Minute\" \/>\n<script type=\"application\/ld+json\" class=\"yoast-schema-graph\">{\"@context\":\"https:\\\/\\\/schema.org\",\"@graph\":[{\"@type\":\"WebPage\",\"@id\":\"https:\\\/\\\/www.myopiacare.org\\\/de\\\/impressum1\\\/\",\"url\":\"https:\\\/\\\/www.myopiacare.org\\\/de\\\/impressum1\\\/\",\"name\":\"Impressum | myopia care\",\"isPartOf\":{\"@id\":\"https:\\\/\\\/www.myopiacare.org\\\/#website\"},\"datePublished\":\"2016-10-02T16:51:28+00:00\",\"dateModified\":\"2020-04-16T18:13:23+00:00\",\"breadcrumb\":{\"@id\":\"https:\\\/\\\/www.myopiacare.org\\\/de\\\/impressum1\\\/#breadcrumb\"},\"inLanguage\":\"de\",\"potentialAction\":[{\"@type\":\"ReadAction\",\"target\":[\"https:\\\/\\\/www.myopiacare.org\\\/de\\\/impressum1\\\/\"]}]},{\"@type\":\"BreadcrumbList\",\"@id\":\"https:\\\/\\\/www.myopiacare.org\\\/de\\\/impressum1\\\/#breadcrumb\",\"itemListElement\":[{\"@type\":\"ListItem\",\"position\":1,\"name\":\"Home\",\"item\":\"https:\\\/\\\/www.myopiacare.org\\\/\"},{\"@type\":\"ListItem\",\"position\":2,\"name\":\"Impressum\"}]},{\"@type\":\"WebSite\",\"@id\":\"https:\\\/\\\/www.myopiacare.org\\\/#website\",\"url\":\"https:\\\/\\\/www.myopiacare.org\\\/\",\"name\":\"myopia care\",\"description\":\"Test your Predicted Level of Myopia (Short-sightedness)\",\"publisher\":{\"@id\":\"https:\\\/\\\/www.myopiacare.org\\\/#organization\"},\"potentialAction\":[{\"@type\":\"SearchAction\",\"target\":{\"@type\":\"EntryPoint\",\"urlTemplate\":\"https:\\\/\\\/www.myopiacare.org\\\/?s={search_term_string}\"},\"query-input\":{\"@type\":\"PropertyValueSpecification\",\"valueRequired\":true,\"valueName\":\"search_term_string\"}}],\"inLanguage\":\"de\"},{\"@type\":\"Organization\",\"@id\":\"https:\\\/\\\/www.myopiacare.org\\\/#organization\",\"name\":\"myopia.care\",\"url\":\"https:\\\/\\\/www.myopiacare.org\\\/\",\"logo\":{\"@type\":\"ImageObject\",\"inLanguage\":\"de\",\"@id\":\"https:\\\/\\\/www.myopiacare.org\\\/#\\\/schema\\\/logo\\\/image\\\/\",\"url\":\"https:\\\/\\\/www.myopiacare.org\\\/wp-content\\\/uploads\\\/2016\\\/10\\\/Myopia-Care-logo-picto-Large_clear.png\",\"contentUrl\":\"https:\\\/\\\/www.myopiacare.org\\\/wp-content\\\/uploads\\\/2016\\\/10\\\/Myopia-Care-logo-picto-Large_clear.png\",\"width\":1341,\"height\":180,\"caption\":\"myopia.care\"},\"image\":{\"@id\":\"https:\\\/\\\/www.myopiacare.org\\\/#\\\/schema\\\/logo\\\/image\\\/\"},\"sameAs\":[\"https:\\\/\\\/www.facebook.com\\\/myopia.care\\\/\"]}]}<\/script>\n<!-- \/ Yoast SEO plugin. -->","yoast_head_json":{"title":"Impressum | myopia care","robots":{"index":"index","follow":"follow","max-snippet":"max-snippet:-1","max-image-preview":"max-image-preview:large","max-video-preview":"max-video-preview:-1"},"canonical":"https:\/\/www.myopiacare.org\/de\/impressum1\/","og_locale":"de_DE","og_type":"article","og_title":"Impressum | myopia care","og_description":"Datenschutz\u00a0\/\u00a0Nutzungsbedingungen\u00a0\/\u00a0Disclaimer Impressum Angaben gem\u00e4\u00df \u00a7 5 TMG: MyopiaCare Ch. Du Parc de Valency 1 1004 Lausanne Vertreten durch: Herr Pascal Blaser Kontakt: Telefon:\u00a0+41 (0) 76 423 31 41 Email: info at myopiacare punkt com Webseite: www.myopiacare.org Aufsichtsbeh\u00f6rde: Eidgen\u00f6ssischer Datenschutz- und \u00d6ffentlichkeitsbeauftragter (ED\u00d6B) Registrierugsnummer 2016 00039 Verantwortlich f\u00fcr den Inhalt nach \u00a7 55 Abs. 2 RStV: [&hellip;]","og_url":"https:\/\/www.myopiacare.org\/de\/impressum1\/","og_site_name":"myopia care","article_publisher":"https:\/\/www.facebook.com\/myopia.care\/","article_modified_time":"2020-04-16T18:13:23+00:00","twitter_card":"summary_large_image","twitter_misc":{"Gesch\u00e4tzte Lesezeit":"1\u00a0Minute"},"schema":{"@context":"https:\/\/schema.org","@graph":[{"@type":"WebPage","@id":"https:\/\/www.myopiacare.org\/de\/impressum1\/","url":"https:\/\/www.myopiacare.org\/de\/impressum1\/","name":"Impressum | myopia care","isPartOf":{"@id":"https:\/\/www.myopiacare.org\/#website"},"datePublished":"2016-10-02T16:51:28+00:00","dateModified":"2020-04-16T18:13:23+00:00","breadcrumb":{"@id":"https:\/\/www.myopiacare.org\/de\/impressum1\/#breadcrumb"},"inLanguage":"de","potentialAction":[{"@type":"ReadAction","target":["https:\/\/www.myopiacare.org\/de\/impressum1\/"]}]},{"@type":"BreadcrumbList","@id":"https:\/\/www.myopiacare.org\/de\/impressum1\/#breadcrumb","itemListElement":[{"@type":"ListItem","position":1,"name":"Home","item":"https:\/\/www.myopiacare.org\/"},{"@type":"ListItem","position":2,"name":"Impressum"}]},{"@type":"WebSite","@id":"https:\/\/www.myopiacare.org\/#website","url":"https:\/\/www.myopiacare.org\/","name":"myopia care","description":"Test your Predicted Level of Myopia (Short-sightedness)","publisher":{"@id":"https:\/\/www.myopiacare.org\/#organization"},"potentialAction":[{"@type":"SearchAction","target":{"@type":"EntryPoint","urlTemplate":"https:\/\/www.myopiacare.org\/?s={search_term_string}"},"query-input":{"@type":"PropertyValueSpecification","valueRequired":true,"valueName":"search_term_string"}}],"inLanguage":"de"},{"@type":"Organization","@id":"https:\/\/www.myopiacare.org\/#organization","name":"myopia.care","url":"https:\/\/www.myopiacare.org\/","logo":{"@type":"ImageObject","inLanguage":"de","@id":"https:\/\/www.myopiacare.org\/#\/schema\/logo\/image\/","url":"https:\/\/www.myopiacare.org\/wp-content\/uploads\/2016\/10\/Myopia-Care-logo-picto-Large_clear.png","contentUrl":"https:\/\/www.myopiacare.org\/wp-content\/uploads\/2016\/10\/Myopia-Care-logo-picto-Large_clear.png","width":1341,"height":180,"caption":"myopia.care"},"image":{"@id":"https:\/\/www.myopiacare.org\/#\/schema\/logo\/image\/"},"sameAs":["https:\/\/www.facebook.com\/myopia.care\/"]}]}},"_links":{"self":[{"href":"https:\/\/www.myopiacare.org\/de\/wp-json\/wp\/v2\/pages\/28\/"}],"collection":[{"href":"https:\/\/www.myopiacare.org\/de\/wp-json\/wp\/v2\/pages\/"}],"about":[{"href":"https:\/\/www.myopiacare.org\/de\/wp-json\/wp\/v2\/types\/page\/"}],"author":[{"embeddable":true,"href":"https:\/\/www.myopiacare.org\/de\/wp-json\/wp\/v2\/users\/1\/"}],"replies":[{"embeddable":true,"href":"https:\/\/www.myopiacare.org\/de\/wp-json\/wp\/v2\/comments\/?post=28"}],"version-history":[{"count":4,"href":"https:\/\/www.myopiacare.org\/de\/wp-json\/wp\/v2\/pages\/28\/revisions\/"}],"predecessor-version":[{"id":2568,"href":"https:\/\/www.myopiacare.org\/de\/wp-json\/wp\/v2\/pages\/28\/revisions\/2568\/"}],"wp:attachment":[{"href":"https:\/\/www.myopiacare.org\/de\/wp-json\/wp\/v2\/media\/?parent=28"}],"curies":[{"name":"wp","href":"https:\/\/api.w.org\/{rel}","templated":true}]}}