{"id":38,"date":"2016-10-02T18:58:30","date_gmt":"2016-10-02T16:58:30","guid":{"rendered":"https:\/\/www.myopiacare.org\/de\/?page_id=38"},"modified":"2020-04-16T20:12:51","modified_gmt":"2020-04-16T18:12:51","slug":"nutzungsbedingungen1","status":"publish","type":"page","link":"https:\/\/www.myopiacare.org\/de\/nutzungsbedingungen1\/","title":{"rendered":"Nutzungsbedingungen"},"content":{"rendered":"<div id=\"pl-38\"  class=\"panel-layout\" >\n<div id=\"pg-38-0\"  class=\"panel-grid panel-no-style\" >\n<div id=\"pgc-38-0-0\"  class=\"panel-grid-cell\"  data-weight=\"1\" >\n<div id=\"panel-38-0-0-0\" class=\"so-panel widget widget_sow-editor panel-first-child panel-last-child\" data-index=\"0\" data-style=\"{&quot;background_image_attachment&quot;:false,&quot;background_display&quot;:&quot;tile&quot;,&quot;animation_offset&quot;:&quot;10&quot;,&quot;animation_iteration&quot;:&quot;1&quot;,&quot;kt_animation_duration&quot;:&quot;default&quot;,&quot;kt_animation_delay&quot;:&quot;default&quot;,&quot;iw-visible-screen&quot;:&quot;iw-all&quot;,&quot;iw-visible-layout&quot;:&quot;iw-all&quot;}\" >\n<div class=\"so-widget-sow-editor so-widget-sow-editor-base\">\n<div class=\"siteorigin-widget-tinymce textwidget\">\n<h5 style=\"text-align: right;\"><a href=\"https:\/\/www.myopiacare.org\/de\/impressum1\/\">Impressum<\/a>\u00a0\/\u00a0<a href=\"https:\/\/www.myopiacare.org\/de\/datenschutz1\/\">Datenschutz<\/a>\u00a0\/\u00a0<a href=\"https:\/\/www.myopiacare.org\/de\/disclaimer1\/\">Disclaimer<\/a><\/h5>\n<hr \/>\n<h2>Nutzungsbedingungen<\/h2>\n<p>Gegenstand dieser Nutzungsbedingung sind s\u00e4mtliche \u00fcber die Webseite www.myopiacare.org, www.myopiacare.com\u00a0und myopia.care genutzten Services und Produkte.<\/p>\n<p><em>Dieses ist eine gek\u00fcrzte, vereinfachte Version der \u00ab<a href=\"https:\/\/www.myopiacare.org\/fr\/terms-conditions1\/\">Terms and Conditions<\/a>\u00bb in englischer Sprache. Die englische Version ist die Grundlage<\/em><\/p>\n<p>Myopia Care\u00a0betreibt die Webseiten www.myopiacare.org, www.myopiacare.com\u00a0und myopia.care. F\u00fcr die\u00a0Webseiten gilt diese Nutzungsbedingungen, bzw. deren englisches Original.<\/p>\n<h4>GENERELL<\/h4>\n<p>Wenn wir von \u201cwir\u201d oder \u201cuns\u201d sprechen, wird die \u00abMyopica Care\u00a0\u00bb, Lausanne Schweiz, gemeint. Myopia Care\u00a0bietet Produkte und Dienste (Services) zur Information und Berechnung von Myopie (Kurzsichtigkeit) an.\u00a0 Wenn wir von \u201cSie\u201d, \u201cIhnen\u201d, \u201cNutzer\u201d oder \u201cAugenspezialist (ECPs)\u201d sagen, meinen wir die Person, welche die entsprechenden Services nutzt. Wenn wir \u00fcber \u00abpers\u00f6nliche oder private Daten\u00bb sprechen, wird Bezug auf Ihren Namen und\/oder Ihre Emailadresse genommen. Wird von \u201egenerellen Informationen\u201c gesprochen werden alle anderen Informationen aus dem Fragebogen und dem Arbeitsbereich des Augenspezialisten (ECPs = Eye Care Professionals) verwendet.<\/p>\n<p>Myopia Care\u00a0f\u00fchlt\u00a0sich dem Schutz Ihrer personenbezogenen Daten und der Einhaltung des Datenschutzes verpflichtet. Weiter Informationen bei den <a href=\"https:\/\/myopiacare.org\/de\/datenschutz\/\">Datenschutzbestimmungen<\/a>.<\/p>\n<p>Myopia Care\u00a0bietet mit der Webseite myopia.care einen Fragebogen zur Risikoanalyse von Myopie f\u00fcr Betroffene und deren Eltern und eine Kundenkartei mit Produktempfehlungen f\u00fcr Augenspezialisten (ECPs) an. Der Fragebogen, die Zusammenfassung zur Risikoanalyse und die Empfehlungen wurden mit aktuell bestem Wissen erstellt. Es wird dringend empfohlen, bei Fragen zum\/zu Ihrem Sehen, ihren Augenspezialisten aufzusuchen. Wir k\u00f6nnen keine Haftung f\u00fcr die Empfehlungen, Produkte und deren Wirkung \u00fcbernehmen.<\/p>\n<p>Die Empfehlungen der Produkte, bzw. dessen Produktgruppen wurden mit entsprechend anerkannten Studien mit einem Algorithmus bestimmt UND sind finanziell unabh\u00e4ngig, auch wenn wir von der Industrie f\u00fcr Werbung (Banners u.a.) und Kommisionen bezahlt werden. Die Augenspezialisten in unserer Suchmaschine mussten sich auf unserer Internetseite als Member registrieren lassen. Members, die mit einem Stern gekennzeichnet sind, werden zus\u00e4tzlich Fellow (Myopie Spezialisten) genannt. Die Fellows werden besonders empfohlen, da diese sich zus\u00e4tzlich qualifiziert haben. F\u00fcr beide, Fellows und Members k\u00f6nnen Kommisionen f\u00fcr die Empfehlung erhoben werden.<\/p>\n<p>Die Webseite www.myopiacare.org und www.myopiacare.com sind die Beitrags- und Informationsseite f\u00fcr die Nutzer von myopia.care. Da werden die Services von myopia.care erl\u00e4utert.<\/p>\n<h4>Lizenzierung der Webseiten<\/h4>\n<h5>Myopia Care\u00a0und\/oder ihre Lizenznehmer besitzen die allgemeinen Rechte (intellectual property rights) der Webseiten und deren Inhalten. Kopieren, reproduzieren, verkaufen, wiederverkaufen unserer Services und Inhalte ist nur mit unserer schriftlichen Zustimmung erlaubt.<\/h5>\n<p>Falls Sie unsere Webseiten in Ihrem B\u00fcro, Blog, Webseite oder den Sozialen Medien empfehlen, verlinken oder nutzen wollen, bitte kontaktieren Sie uns. Wir sind offen Sie dabei zu unterst\u00fctzen.<\/p>\n<h4>NUTZUNG<\/h4>\n<p>Die Webseiten von Myopia Care\u00a0d\u00fcrfen nur von Personen \u00e4lter als 13 Jahre oder in Zusammenarbeit eines Vollj\u00e4hrigen genutzt werden. Das Alter zur Vollj\u00e4hrigkeit kann je nach Herkunftsland unterschiedlich sein. Wir \u00fcbernehmen keine Haftung f\u00fcr unberechtigte, unsachgem\u00e4\u00dfe Nutzung.<\/p>\n<p>Wir nehmen uns das Recht jeden, auch ohne Begr\u00fcndung, von unserem Service auszuschlie\u00dfen.<\/p>\n<p>Es ist selbstverst\u00e4ndlich, dass die pers\u00f6nlichen sowie die generellen Informationen und Inhalte (au\u00dfer die Kreditkarten Informationen) \u00fcber ungesch\u00fctzte Netzwerke bis zu unserem gesicherten Hosting laufen k\u00f6nnen. Kreditkarten Informationen werden von den Anbietern automatisch gesch\u00fctzt, liegt aber au\u00dferhalb unserer Zust\u00e4ndigkeit.<\/p>\n<p>Generell steht es jedem offen unsere Webseiten und Services zu nutzen. Wir haben aber die M\u00f6glichkeit einzeln oder allgemein, jegliche Personen, Gruppierungen, Regionen oder Gerichtsbarkeiten abzulehnen und diese von unseren Service auszuschlie\u00dfen.<\/p>\n<p>Wir haben die M\u00f6glichkeit, unsere Webseiten und Services ohne Voranmeldung einzustellen.<\/p>\n<h4>PERS\u00d6NLICHE INFORMARTIONEN<\/h4>\n<p>Wir legen gro\u00dfen Wert auf den Schutz Ihrer pers\u00f6nlichen Daten. Hierzu lesen Sie die <a href=\"https:\/\/myopiacare.org\/de\/datenschutz\/\">Datenschutzbestimmungen<\/a>.<\/p>\n<p>In unserem Fragebogen werden nat\u00fcrlich auch pers\u00f6nliche Fragen zur Herkunft, Medizinischen Geschichte von dem Betroffenen und dessen Familie erfragt. Alle Fragen haben eine wissenschaftliche Relevanz f\u00fcr die Risikoanalyse, die Webseitenweiterentwicklung, die Produktempfehlungen und weiterf\u00fchrende wissenschaftliche Studien. Diese Risikoanalyse ist der Grundstein dieser Webseiten. In jedem Fall werden nur anonymisierte Daten (keine Namen oder Email Adressen) zu Studien- und Analysezwecken weitergegeben.<\/p>\n<p>Wir leiten, au\u00dfer zu unserem Mailing Anbieter (Chimpmail.com), nie Ihre Namen oder Email Adressen weiter. Wir werden nicht mit Spam versenden und Sie haben immer die M\u00f6glichkeit, von dem Verteiler sich zu l\u00f6schen.<\/p>\n<h4>HAFTUNG F\u00dcR GEW\u00c4HRLEISTUNG<\/h4>\n<p>Myopia.care nutzt gegebenen Daten von seinen Nutzern f\u00fcr die Analyse und Empfehlungen. Wir haften nicht f\u00fcr die Richtigkeit dieser gegebenen Daten. Alte Daten m\u00fcssen entsprechend von den Nutzern gepflegt werden. Zur endg\u00fcltigen Empfehlungen eines Produktes muss immer einen Augenspezialisten vor Ort aufgesucht werden. Alle empfohlenen Produkte stehen unter dem Medizinproduktegesetzt und ben\u00f6tigen eine professionelle, pers\u00f6nliche Beratung. Wir \u00fcbernehmen keine Haftung f\u00fcr die genutzten Produkte.<\/p>\n<p>Obwohl wir die Inhalte sorgf\u00e4ltig gepr\u00fcft haben, k\u00f6nnen Fehler entstanden sein. Daf\u00fcr entschuldigen wir uns, lehnen aber jeden Anspruch ab. Falls Sie einen Fehler entdeckt haben, bitten wir Sie um sofortige Mitteilung an info at myopiacare.com<\/p>\n<p>Dar\u00fcber hinaus k\u00f6nnen wir nicht eine dauerhafte Funktion garantieren. Technische Probleme (interne und externe) k\u00f6nnen unserer Services zeitweise unterbrechen.<\/p>\n<h4>SERVICES, PREISE UND DEREN MODIFIKATIONEN<\/h4>\n<p>Preise und deren Konditionen unserer Services k\u00f6nnen ohne Voranmeldung ge\u00e4ndert werden.<\/p>\n<p>Der \u00f6ffentliche Fragebogen ist f\u00fcr die Nutzung KOSTENLOS. Die Nutzung des professionellen Inhaltes kann kostenpflichtig sein. Dazu mehr unter Preise und Konditionen auf myopiacare.com<\/p>\n<p>Die Nutzung ist von beiden Seiten ohne Einhaltung einer Frist k\u00fcndbar.<\/p>\n<h4>KONTEN UND RECHNUNGEN<\/h4>\n<p>Wir nehmen uns das Recht, Konten mit Ank\u00fcndigung aber ohne Begr\u00fcndung zu schlie\u00dfen. Offene Rechnungen m\u00fcssen in jedem Fall bezahlt werden. Anschrift und Kreditkarten Informationen m\u00fcssen von dem Nutzer selbstst\u00e4ndig aktualisiert werden. Da die \u00abgenerellen Informationen\u00bb nur mit dem Buchungscode und dem Konto-Login zu personalisieren sind, sind nach dem Schlie\u00dfen eines Kontos die \u00abpers\u00f6nlichen Informationen\u00bb eines Nutzers nicht mehr verwendbar. Daher kann eine erneute Verkn\u00fcpfung der \u00abgenerellen Informationen\u00bb mit einem ECPs nicht mehr gew\u00e4hrleistet werden. Dies ist zu Ihrem Datenschutz.<\/p>\n<h4>EXTERNE LINKS<\/h4>\n<p>Verschiedene Inhalte, Links, Produkte und Services k\u00f6nnen von au\u00dfenstehenden Anbietern kommen.<\/p>\n<p>Trotz gr\u00fcndlicher Pr\u00fcfung sind wir nicht f\u00fcr dessen Angebot verantwortlich. Wahrscheinlich nutzen diese Anbieter andere Nutzungs- und Datenschutzbedingungen.<\/p>\n<\/div>\n<\/div>\n<\/div>\n<\/div>\n<\/div>\n<\/div>\n","protected":false},"excerpt":{"rendered":"<p>Impressum\u00a0\/\u00a0Datenschutz\u00a0\/\u00a0Disclaimer Nutzungsbedingungen Gegenstand dieser Nutzungsbedingung sind s\u00e4mtliche \u00fcber die Webseite www.myopiacare.org, www.myopiacare.com\u00a0und myopia.care genutzten Services und Produkte. Dieses ist eine gek\u00fcrzte, vereinfachte Version der \u00abTerms and Conditions\u00bb in englischer Sprache. Die englische Version ist die Grundlage Myopia Care\u00a0betreibt die Webseiten www.myopiacare.org, www.myopiacare.com\u00a0und myopia.care. F\u00fcr die\u00a0Webseiten gilt diese Nutzungsbedingungen, bzw. deren englisches Original. GENERELL Wenn wir [&hellip;]<\/p>\n","protected":false},"author":1,"featured_media":0,"parent":0,"menu_order":0,"comment_status":"closed","ping_status":"closed","template":"","meta":{"site-sidebar-layout":"default","site-content-layout":"","ast-site-content-layout":"default","site-content-style":"default","site-sidebar-style":"default","ast-global-header-display":"","ast-banner-title-visibility":"","ast-main-header-display":"","ast-hfb-above-header-display":"","ast-hfb-below-header-display":"","ast-hfb-mobile-header-display":"","site-post-title":"","ast-breadcrumbs-content":"","ast-featured-img":"","footer-sml-layout":"","ast-disable-related-posts":"","theme-transparent-header-meta":"","adv-header-id-meta":"","stick-header-meta":"","header-above-stick-meta":"","header-main-stick-meta":"","header-below-stick-meta":"","astra-migrate-meta-layouts":"default","ast-page-background-enabled":"default","ast-page-background-meta":{"desktop":{"background-color":"","background-image":"","background-repeat":"repeat","background-position":"center center","background-size":"auto","background-attachment":"scroll","background-type":"","background-media":"","overlay-type":"","overlay-color":"","overlay-opacity":"","overlay-gradient":""},"tablet":{"background-color":"","background-image":"","background-repeat":"repeat","background-position":"center center","background-size":"auto","background-attachment":"scroll","background-type":"","background-media":"","overlay-type":"","overlay-color":"","overlay-opacity":"","overlay-gradient":""},"mobile":{"background-color":"","background-image":"","background-repeat":"repeat","background-position":"center center","background-size":"auto","background-attachment":"scroll","background-type":"","background-media":"","overlay-type":"","overlay-color":"","overlay-opacity":"","overlay-gradient":""}},"ast-content-background-meta":{"desktop":{"background-color":"var(--ast-global-color-5)","background-image":"","background-repeat":"repeat","background-position":"center center","background-size":"auto","background-attachment":"scroll","background-type":"","background-media":"","overlay-type":"","overlay-color":"","overlay-opacity":"","overlay-gradient":""},"tablet":{"background-color":"var(--ast-global-color-5)","background-image":"","background-repeat":"repeat","background-position":"center center","background-size":"auto","background-attachment":"scroll","background-type":"","background-media":"","overlay-type":"","overlay-color":"","overlay-opacity":"","overlay-gradient":""},"mobile":{"background-color":"var(--ast-global-color-5)","background-image":"","background-repeat":"repeat","background-position":"center center","background-size":"auto","background-attachment":"scroll","background-type":"","background-media":"","overlay-type":"","overlay-color":"","overlay-opacity":"","overlay-gradient":""}},"footnotes":""},"class_list":["post-38","page","type-page","status-publish","hentry"],"yoast_head":"<!-- This site is optimized with the Yoast SEO plugin v27.4 - https:\/\/yoast.com\/product\/yoast-seo-wordpress\/ -->\n<title>Nutzungsbedingungen | myopia care<\/title>\n<meta name=\"robots\" content=\"index, follow, max-snippet:-1, max-image-preview:large, max-video-preview:-1\" \/>\n<link rel=\"canonical\" href=\"https:\/\/www.myopiacare.org\/de\/nutzungsbedingungen1\/\" \/>\n<meta property=\"og:locale\" content=\"de_DE\" \/>\n<meta property=\"og:type\" content=\"article\" \/>\n<meta property=\"og:title\" content=\"Nutzungsbedingungen | myopia care\" \/>\n<meta property=\"og:description\" content=\"Impressum\u00a0\/\u00a0Datenschutz\u00a0\/\u00a0Disclaimer Nutzungsbedingungen Gegenstand dieser Nutzungsbedingung sind s\u00e4mtliche \u00fcber die Webseite www.myopiacare.org, www.myopiacare.com\u00a0und myopia.care genutzten Services und Produkte. Dieses ist eine gek\u00fcrzte, vereinfachte Version der \u00abTerms and Conditions\u00bb in englischer Sprache. Die englische Version ist die Grundlage Myopia Care\u00a0betreibt die Webseiten www.myopiacare.org, www.myopiacare.com\u00a0und myopia.care. F\u00fcr die\u00a0Webseiten gilt diese Nutzungsbedingungen, bzw. deren englisches Original. GENERELL Wenn wir [&hellip;]\" \/>\n<meta property=\"og:url\" content=\"https:\/\/www.myopiacare.org\/de\/nutzungsbedingungen1\/\" \/>\n<meta property=\"og:site_name\" content=\"myopia care\" \/>\n<meta property=\"article:publisher\" content=\"https:\/\/www.facebook.com\/myopia.care\/\" \/>\n<meta property=\"article:modified_time\" content=\"2020-04-16T18:12:51+00:00\" \/>\n<meta name=\"twitter:card\" content=\"summary_large_image\" \/>\n<meta name=\"twitter:label1\" content=\"Gesch\u00e4tzte Lesezeit\" \/>\n\t<meta name=\"twitter:data1\" content=\"5\u00a0Minuten\" \/>\n<script type=\"application\/ld+json\" class=\"yoast-schema-graph\">{\"@context\":\"https:\\\/\\\/schema.org\",\"@graph\":[{\"@type\":\"WebPage\",\"@id\":\"https:\\\/\\\/www.myopiacare.org\\\/de\\\/nutzungsbedingungen1\\\/\",\"url\":\"https:\\\/\\\/www.myopiacare.org\\\/de\\\/nutzungsbedingungen1\\\/\",\"name\":\"Nutzungsbedingungen | myopia care\",\"isPartOf\":{\"@id\":\"https:\\\/\\\/www.myopiacare.org\\\/#website\"},\"datePublished\":\"2016-10-02T16:58:30+00:00\",\"dateModified\":\"2020-04-16T18:12:51+00:00\",\"breadcrumb\":{\"@id\":\"https:\\\/\\\/www.myopiacare.org\\\/de\\\/nutzungsbedingungen1\\\/#breadcrumb\"},\"inLanguage\":\"de\",\"potentialAction\":[{\"@type\":\"ReadAction\",\"target\":[\"https:\\\/\\\/www.myopiacare.org\\\/de\\\/nutzungsbedingungen1\\\/\"]}]},{\"@type\":\"BreadcrumbList\",\"@id\":\"https:\\\/\\\/www.myopiacare.org\\\/de\\\/nutzungsbedingungen1\\\/#breadcrumb\",\"itemListElement\":[{\"@type\":\"ListItem\",\"position\":1,\"name\":\"Home\",\"item\":\"https:\\\/\\\/www.myopiacare.org\\\/\"},{\"@type\":\"ListItem\",\"position\":2,\"name\":\"Nutzungsbedingungen\"}]},{\"@type\":\"WebSite\",\"@id\":\"https:\\\/\\\/www.myopiacare.org\\\/#website\",\"url\":\"https:\\\/\\\/www.myopiacare.org\\\/\",\"name\":\"myopia care\",\"description\":\"Test your Predicted Level of Myopia (Short-sightedness)\",\"publisher\":{\"@id\":\"https:\\\/\\\/www.myopiacare.org\\\/#organization\"},\"potentialAction\":[{\"@type\":\"SearchAction\",\"target\":{\"@type\":\"EntryPoint\",\"urlTemplate\":\"https:\\\/\\\/www.myopiacare.org\\\/?s={search_term_string}\"},\"query-input\":{\"@type\":\"PropertyValueSpecification\",\"valueRequired\":true,\"valueName\":\"search_term_string\"}}],\"inLanguage\":\"de\"},{\"@type\":\"Organization\",\"@id\":\"https:\\\/\\\/www.myopiacare.org\\\/#organization\",\"name\":\"myopia.care\",\"url\":\"https:\\\/\\\/www.myopiacare.org\\\/\",\"logo\":{\"@type\":\"ImageObject\",\"inLanguage\":\"de\",\"@id\":\"https:\\\/\\\/www.myopiacare.org\\\/#\\\/schema\\\/logo\\\/image\\\/\",\"url\":\"https:\\\/\\\/www.myopiacare.org\\\/wp-content\\\/uploads\\\/2016\\\/10\\\/Myopia-Care-logo-picto-Large_clear.png\",\"contentUrl\":\"https:\\\/\\\/www.myopiacare.org\\\/wp-content\\\/uploads\\\/2016\\\/10\\\/Myopia-Care-logo-picto-Large_clear.png\",\"width\":1341,\"height\":180,\"caption\":\"myopia.care\"},\"image\":{\"@id\":\"https:\\\/\\\/www.myopiacare.org\\\/#\\\/schema\\\/logo\\\/image\\\/\"},\"sameAs\":[\"https:\\\/\\\/www.facebook.com\\\/myopia.care\\\/\"]}]}<\/script>\n<!-- \/ Yoast SEO plugin. -->","yoast_head_json":{"title":"Nutzungsbedingungen | myopia care","robots":{"index":"index","follow":"follow","max-snippet":"max-snippet:-1","max-image-preview":"max-image-preview:large","max-video-preview":"max-video-preview:-1"},"canonical":"https:\/\/www.myopiacare.org\/de\/nutzungsbedingungen1\/","og_locale":"de_DE","og_type":"article","og_title":"Nutzungsbedingungen | myopia care","og_description":"Impressum\u00a0\/\u00a0Datenschutz\u00a0\/\u00a0Disclaimer Nutzungsbedingungen Gegenstand dieser Nutzungsbedingung sind s\u00e4mtliche \u00fcber die Webseite www.myopiacare.org, www.myopiacare.com\u00a0und myopia.care genutzten Services und Produkte. Dieses ist eine gek\u00fcrzte, vereinfachte Version der \u00abTerms and Conditions\u00bb in englischer Sprache. Die englische Version ist die Grundlage Myopia Care\u00a0betreibt die Webseiten www.myopiacare.org, www.myopiacare.com\u00a0und myopia.care. F\u00fcr die\u00a0Webseiten gilt diese Nutzungsbedingungen, bzw. deren englisches Original. GENERELL Wenn wir [&hellip;]","og_url":"https:\/\/www.myopiacare.org\/de\/nutzungsbedingungen1\/","og_site_name":"myopia care","article_publisher":"https:\/\/www.facebook.com\/myopia.care\/","article_modified_time":"2020-04-16T18:12:51+00:00","twitter_card":"summary_large_image","twitter_misc":{"Gesch\u00e4tzte Lesezeit":"5\u00a0Minuten"},"schema":{"@context":"https:\/\/schema.org","@graph":[{"@type":"WebPage","@id":"https:\/\/www.myopiacare.org\/de\/nutzungsbedingungen1\/","url":"https:\/\/www.myopiacare.org\/de\/nutzungsbedingungen1\/","name":"Nutzungsbedingungen | myopia care","isPartOf":{"@id":"https:\/\/www.myopiacare.org\/#website"},"datePublished":"2016-10-02T16:58:30+00:00","dateModified":"2020-04-16T18:12:51+00:00","breadcrumb":{"@id":"https:\/\/www.myopiacare.org\/de\/nutzungsbedingungen1\/#breadcrumb"},"inLanguage":"de","potentialAction":[{"@type":"ReadAction","target":["https:\/\/www.myopiacare.org\/de\/nutzungsbedingungen1\/"]}]},{"@type":"BreadcrumbList","@id":"https:\/\/www.myopiacare.org\/de\/nutzungsbedingungen1\/#breadcrumb","itemListElement":[{"@type":"ListItem","position":1,"name":"Home","item":"https:\/\/www.myopiacare.org\/"},{"@type":"ListItem","position":2,"name":"Nutzungsbedingungen"}]},{"@type":"WebSite","@id":"https:\/\/www.myopiacare.org\/#website","url":"https:\/\/www.myopiacare.org\/","name":"myopia care","description":"Test your Predicted Level of Myopia (Short-sightedness)","publisher":{"@id":"https:\/\/www.myopiacare.org\/#organization"},"potentialAction":[{"@type":"SearchAction","target":{"@type":"EntryPoint","urlTemplate":"https:\/\/www.myopiacare.org\/?s={search_term_string}"},"query-input":{"@type":"PropertyValueSpecification","valueRequired":true,"valueName":"search_term_string"}}],"inLanguage":"de"},{"@type":"Organization","@id":"https:\/\/www.myopiacare.org\/#organization","name":"myopia.care","url":"https:\/\/www.myopiacare.org\/","logo":{"@type":"ImageObject","inLanguage":"de","@id":"https:\/\/www.myopiacare.org\/#\/schema\/logo\/image\/","url":"https:\/\/www.myopiacare.org\/wp-content\/uploads\/2016\/10\/Myopia-Care-logo-picto-Large_clear.png","contentUrl":"https:\/\/www.myopiacare.org\/wp-content\/uploads\/2016\/10\/Myopia-Care-logo-picto-Large_clear.png","width":1341,"height":180,"caption":"myopia.care"},"image":{"@id":"https:\/\/www.myopiacare.org\/#\/schema\/logo\/image\/"},"sameAs":["https:\/\/www.facebook.com\/myopia.care\/"]}]}},"_links":{"self":[{"href":"https:\/\/www.myopiacare.org\/de\/wp-json\/wp\/v2\/pages\/38\/"}],"collection":[{"href":"https:\/\/www.myopiacare.org\/de\/wp-json\/wp\/v2\/pages\/"}],"about":[{"href":"https:\/\/www.myopiacare.org\/de\/wp-json\/wp\/v2\/types\/page\/"}],"author":[{"embeddable":true,"href":"https:\/\/www.myopiacare.org\/de\/wp-json\/wp\/v2\/users\/1\/"}],"replies":[{"embeddable":true,"href":"https:\/\/www.myopiacare.org\/de\/wp-json\/wp\/v2\/comments\/?post=38"}],"version-history":[{"count":5,"href":"https:\/\/www.myopiacare.org\/de\/wp-json\/wp\/v2\/pages\/38\/revisions\/"}],"predecessor-version":[{"id":2567,"href":"https:\/\/www.myopiacare.org\/de\/wp-json\/wp\/v2\/pages\/38\/revisions\/2567\/"}],"wp:attachment":[{"href":"https:\/\/www.myopiacare.org\/de\/wp-json\/wp\/v2\/media\/?parent=38"}],"curies":[{"name":"wp","href":"https:\/\/api.w.org\/{rel}","templated":true}]}}