{"id":43,"date":"2016-10-02T19:03:05","date_gmt":"2016-10-02T17:03:05","guid":{"rendered":"https:\/\/www.myopiacare.org\/de\/?page_id=43"},"modified":"2020-04-16T21:19:57","modified_gmt":"2020-04-16T19:19:57","slug":"disclaimer1","status":"publish","type":"page","link":"https:\/\/www.myopiacare.org\/de\/disclaimer1\/","title":{"rendered":"Disclaimer"},"content":{"rendered":"<h5 style=\"text-align: right;\"><a href=\"https:\/\/www.myopiacare.org\/de\/impressum1\/\">Impressum<\/a>&nbsp;\/&nbsp;<a href=\"https:\/\/www.myopiacare.org\/de\/nutzungsbedingungen1\/\">Nutzungsbedingungen<\/a>&nbsp;\/&nbsp;<a href=\"https:\/\/www.myopiacare.org\/de\/datenschutz1\/\">Datenschutz<\/a><\/h5>\n<hr>\n<h2>Haftungsausschluss (Disclaimer)<\/h2>\n<h4>Myopia.Care bietet Informationen rund um die Kurzsichtigkeit Ihres Kindes an.<\/h4>\n<p>F\u00fcr die Betreuung Ihres Kindes bez\u00fcglich der&nbsp;Kurzsichtigkeit sollten Sie immer einen Augenspezialisten (Augenarzt, Optometrist oder Augenoptiker) konsultieren. Nur diese Augenspezialisten k\u00f6nnen die&nbsp;notwendigen Tests durchf\u00fchren und Sie entsprechend beraten. Wir bem\u00fchen&nbsp;uns, diesen Fragebogen und die Myopia Care Webseiten auf dem neuesten Stand der Forschung bez\u00fcglich der Kurzsichtigkeit zu halten, erhebt weder einen Anspruch auf Vollst\u00e4ndigkeit noch kann die Aktualit\u00e4t, Richtigkeit und Ausgewogenheit der dargebotenen Information garantiert werden. Die Inhalte der Website und die Ratschl\u00e4ge die Sie von uns erhalten, sind weder Empfehlungen oder Bewerbungen der erw\u00e4hnten Produkte. Die Applikation ersetzt keinesfalls die fachliche Beratung durch einen Augenspezialisten und er darf nicht als Grundlage zur eigenst\u00e4ndigen Diagnose und Beginn, \u00c4nderung oder Beendigung einer Behandlung von Kurzsichtigkeit verwendet werden.<\/p>\n<h2>Allgemeiner Haftungsausschluss (Standardtext)<\/h2>\n<h4>Haftung f\u00fcr Links<\/h4>\n<p>Unser Angebot enth\u00e4lt Links zu externen Webseiten Dritter, auf deren Inhalte wir keinen Einfluss haben. Deshalb k\u00f6nnen wir f\u00fcr diese fremden Inhalte auch keine Gew\u00e4hr \u00fcbernehmen. F\u00fcr die Inhalte der verlinkten Seiten ist stets der jeweilige Anbieter oder Betreiber der Seiten verantwortlich. Die verlinkten Seiten wurden zum Zeitpunkt der Verlinkung auf m\u00f6gliche Rechtsverst\u00f6\u00dfe \u00fcberpr\u00fcft. Rechtswidrige Inhalte waren zum Zeitpunkt der Verlinkung nicht erkennbar. Eine permanente inhaltliche Kontrolle der verlinkten Seiten ist jedoch ohne konkrete Anhaltspunkte einer Rechtsverletzung nicht zumutbar. Bei Bekanntwerden von Rechtsverletzungen werden wir derartige Links umgehend entfernen.<\/p>\n<h4>Urheberrecht<\/h4>\n<p>Die durch die Seitenbetreiber erstellten Inhalte und Werke auf diesen Seiten unterliegen dem deutschen Urheberrecht. Die Vervielf\u00e4ltigung, Bearbeitung, Verbreitung und jede Art der Verwertung au\u00dferhalb der Grenzen des Urheberrechtes bed\u00fcrfen der schriftlichen Zustimmung des jeweiligen Autors bzw. Erstellers. Downloads und Kopien dieser Seite sind nur f\u00fcr den privaten, nicht kommerziellen Gebrauch gestattet. Soweit die Inhalte auf dieser Seite nicht vom Betreiber erstellt wurden, werden die Urheberrechte Dritter beachtet. Insbesondere werden Inhalte Dritter als solche gekennzeichnet. Sollten Sie trotzdem auf eine Urheberrechtsverletzung aufmerksam werden, bitten wir um einen entsprechenden Hinweis. Bei Bekanntwerden von Rechtsverletzungen werden wir derartige Inhalte umgehend entfernen.<\/p>\n","protected":false},"excerpt":{"rendered":"<p>Impressum&nbsp;\/&nbsp;Nutzungsbedingungen&nbsp;\/&nbsp;Datenschutz Haftungsausschluss (Disclaimer) Myopia.Care bietet Informationen rund um die Kurzsichtigkeit Ihres Kindes an. F\u00fcr die Betreuung Ihres Kindes bez\u00fcglich der&nbsp;Kurzsichtigkeit sollten Sie immer einen Augenspezialisten (Augenarzt, Optometrist oder Augenoptiker) konsultieren. Nur diese Augenspezialisten k\u00f6nnen die&nbsp;notwendigen Tests durchf\u00fchren und Sie entsprechend beraten. Wir bem\u00fchen&nbsp;uns, diesen Fragebogen und die Myopia Care Webseiten auf dem neuesten Stand der [&hellip;]<\/p>\n","protected":false},"author":1,"featured_media":0,"parent":0,"menu_order":0,"comment_status":"closed","ping_status":"closed","template":"","meta":{"site-sidebar-layout":"default","site-content-layout":"default","ast-site-content-layout":"default","site-content-style":"default","site-sidebar-style":"default","ast-global-header-display":"","ast-banner-title-visibility":"","ast-main-header-display":"disabled","ast-hfb-above-header-display":"","ast-hfb-below-header-display":"","ast-hfb-mobile-header-display":"","site-post-title":"disabled","ast-breadcrumbs-content":"disabled","ast-featured-img":"","footer-sml-layout":"","ast-disable-related-posts":"","theme-transparent-header-meta":"default","adv-header-id-meta":"","stick-header-meta":"","header-above-stick-meta":"","header-main-stick-meta":"","header-below-stick-meta":"","astra-migrate-meta-layouts":"default","ast-page-background-enabled":"default","ast-page-background-meta":{"desktop":{"background-color":"","background-image":"","background-repeat":"repeat","background-position":"center center","background-size":"auto","background-attachment":"scroll","background-type":"","background-media":"","overlay-type":"","overlay-color":"","overlay-opacity":"","overlay-gradient":""},"tablet":{"background-color":"","background-image":"","background-repeat":"repeat","background-position":"center center","background-size":"auto","background-attachment":"scroll","background-type":"","background-media":"","overlay-type":"","overlay-color":"","overlay-opacity":"","overlay-gradient":""},"mobile":{"background-color":"","background-image":"","background-repeat":"repeat","background-position":"center center","background-size":"auto","background-attachment":"scroll","background-type":"","background-media":"","overlay-type":"","overlay-color":"","overlay-opacity":"","overlay-gradient":""}},"ast-content-background-meta":{"desktop":{"background-color":"var(--ast-global-color-5)","background-image":"","background-repeat":"repeat","background-position":"center center","background-size":"auto","background-attachment":"scroll","background-type":"","background-media":"","overlay-type":"","overlay-color":"","overlay-opacity":"","overlay-gradient":""},"tablet":{"background-color":"var(--ast-global-color-5)","background-image":"","background-repeat":"repeat","background-position":"center center","background-size":"auto","background-attachment":"scroll","background-type":"","background-media":"","overlay-type":"","overlay-color":"","overlay-opacity":"","overlay-gradient":""},"mobile":{"background-color":"var(--ast-global-color-5)","background-image":"","background-repeat":"repeat","background-position":"center center","background-size":"auto","background-attachment":"scroll","background-type":"","background-media":"","overlay-type":"","overlay-color":"","overlay-opacity":"","overlay-gradient":""}},"footnotes":""},"class_list":["post-43","page","type-page","status-publish","hentry"],"yoast_head":"<!-- This site is optimized with the Yoast SEO plugin v27.4 - https:\/\/yoast.com\/product\/yoast-seo-wordpress\/ -->\n<title>Disclaimer | myopia care<\/title>\n<meta name=\"robots\" content=\"index, follow, max-snippet:-1, max-image-preview:large, max-video-preview:-1\" \/>\n<link rel=\"canonical\" href=\"https:\/\/www.myopiacare.org\/de\/disclaimer1\/\" \/>\n<meta property=\"og:locale\" content=\"de_DE\" \/>\n<meta property=\"og:type\" content=\"article\" \/>\n<meta property=\"og:title\" content=\"Disclaimer | myopia care\" \/>\n<meta property=\"og:description\" content=\"Impressum&nbsp;\/&nbsp;Nutzungsbedingungen&nbsp;\/&nbsp;Datenschutz Haftungsausschluss (Disclaimer) Myopia.Care bietet Informationen rund um die Kurzsichtigkeit Ihres Kindes an. F\u00fcr die Betreuung Ihres Kindes bez\u00fcglich der&nbsp;Kurzsichtigkeit sollten Sie immer einen Augenspezialisten (Augenarzt, Optometrist oder Augenoptiker) konsultieren. Nur diese Augenspezialisten k\u00f6nnen die&nbsp;notwendigen Tests durchf\u00fchren und Sie entsprechend beraten. Wir bem\u00fchen&nbsp;uns, diesen Fragebogen und die Myopia Care Webseiten auf dem neuesten Stand der [&hellip;]\" \/>\n<meta property=\"og:url\" content=\"https:\/\/www.myopiacare.org\/de\/disclaimer1\/\" \/>\n<meta property=\"og:site_name\" content=\"myopia care\" \/>\n<meta property=\"article:publisher\" content=\"https:\/\/www.facebook.com\/myopia.care\/\" \/>\n<meta property=\"article:modified_time\" content=\"2020-04-16T19:19:57+00:00\" \/>\n<meta name=\"twitter:card\" content=\"summary_large_image\" \/>\n<meta name=\"twitter:label1\" content=\"Gesch\u00e4tzte Lesezeit\" \/>\n\t<meta name=\"twitter:data1\" content=\"2\u00a0Minuten\" \/>\n<script type=\"application\/ld+json\" class=\"yoast-schema-graph\">{\"@context\":\"https:\\\/\\\/schema.org\",\"@graph\":[{\"@type\":\"WebPage\",\"@id\":\"https:\\\/\\\/www.myopiacare.org\\\/de\\\/disclaimer1\\\/\",\"url\":\"https:\\\/\\\/www.myopiacare.org\\\/de\\\/disclaimer1\\\/\",\"name\":\"Disclaimer | myopia care\",\"isPartOf\":{\"@id\":\"https:\\\/\\\/www.myopiacare.org\\\/#website\"},\"datePublished\":\"2016-10-02T17:03:05+00:00\",\"dateModified\":\"2020-04-16T19:19:57+00:00\",\"breadcrumb\":{\"@id\":\"https:\\\/\\\/www.myopiacare.org\\\/de\\\/disclaimer1\\\/#breadcrumb\"},\"inLanguage\":\"de\",\"potentialAction\":[{\"@type\":\"ReadAction\",\"target\":[\"https:\\\/\\\/www.myopiacare.org\\\/de\\\/disclaimer1\\\/\"]}]},{\"@type\":\"BreadcrumbList\",\"@id\":\"https:\\\/\\\/www.myopiacare.org\\\/de\\\/disclaimer1\\\/#breadcrumb\",\"itemListElement\":[{\"@type\":\"ListItem\",\"position\":1,\"name\":\"Home\",\"item\":\"https:\\\/\\\/www.myopiacare.org\\\/\"},{\"@type\":\"ListItem\",\"position\":2,\"name\":\"Disclaimer\"}]},{\"@type\":\"WebSite\",\"@id\":\"https:\\\/\\\/www.myopiacare.org\\\/#website\",\"url\":\"https:\\\/\\\/www.myopiacare.org\\\/\",\"name\":\"myopia care\",\"description\":\"Test your Predicted Level of Myopia (Short-sightedness)\",\"publisher\":{\"@id\":\"https:\\\/\\\/www.myopiacare.org\\\/#organization\"},\"potentialAction\":[{\"@type\":\"SearchAction\",\"target\":{\"@type\":\"EntryPoint\",\"urlTemplate\":\"https:\\\/\\\/www.myopiacare.org\\\/?s={search_term_string}\"},\"query-input\":{\"@type\":\"PropertyValueSpecification\",\"valueRequired\":true,\"valueName\":\"search_term_string\"}}],\"inLanguage\":\"de\"},{\"@type\":\"Organization\",\"@id\":\"https:\\\/\\\/www.myopiacare.org\\\/#organization\",\"name\":\"myopia.care\",\"url\":\"https:\\\/\\\/www.myopiacare.org\\\/\",\"logo\":{\"@type\":\"ImageObject\",\"inLanguage\":\"de\",\"@id\":\"https:\\\/\\\/www.myopiacare.org\\\/#\\\/schema\\\/logo\\\/image\\\/\",\"url\":\"https:\\\/\\\/www.myopiacare.org\\\/wp-content\\\/uploads\\\/2016\\\/10\\\/Myopia-Care-logo-picto-Large_clear.png\",\"contentUrl\":\"https:\\\/\\\/www.myopiacare.org\\\/wp-content\\\/uploads\\\/2016\\\/10\\\/Myopia-Care-logo-picto-Large_clear.png\",\"width\":1341,\"height\":180,\"caption\":\"myopia.care\"},\"image\":{\"@id\":\"https:\\\/\\\/www.myopiacare.org\\\/#\\\/schema\\\/logo\\\/image\\\/\"},\"sameAs\":[\"https:\\\/\\\/www.facebook.com\\\/myopia.care\\\/\"]}]}<\/script>\n<!-- \/ Yoast SEO plugin. -->","yoast_head_json":{"title":"Disclaimer | myopia care","robots":{"index":"index","follow":"follow","max-snippet":"max-snippet:-1","max-image-preview":"max-image-preview:large","max-video-preview":"max-video-preview:-1"},"canonical":"https:\/\/www.myopiacare.org\/de\/disclaimer1\/","og_locale":"de_DE","og_type":"article","og_title":"Disclaimer | myopia care","og_description":"Impressum&nbsp;\/&nbsp;Nutzungsbedingungen&nbsp;\/&nbsp;Datenschutz Haftungsausschluss (Disclaimer) Myopia.Care bietet Informationen rund um die Kurzsichtigkeit Ihres Kindes an. F\u00fcr die Betreuung Ihres Kindes bez\u00fcglich der&nbsp;Kurzsichtigkeit sollten Sie immer einen Augenspezialisten (Augenarzt, Optometrist oder Augenoptiker) konsultieren. Nur diese Augenspezialisten k\u00f6nnen die&nbsp;notwendigen Tests durchf\u00fchren und Sie entsprechend beraten. Wir bem\u00fchen&nbsp;uns, diesen Fragebogen und die Myopia Care Webseiten auf dem neuesten Stand der [&hellip;]","og_url":"https:\/\/www.myopiacare.org\/de\/disclaimer1\/","og_site_name":"myopia care","article_publisher":"https:\/\/www.facebook.com\/myopia.care\/","article_modified_time":"2020-04-16T19:19:57+00:00","twitter_card":"summary_large_image","twitter_misc":{"Gesch\u00e4tzte Lesezeit":"2\u00a0Minuten"},"schema":{"@context":"https:\/\/schema.org","@graph":[{"@type":"WebPage","@id":"https:\/\/www.myopiacare.org\/de\/disclaimer1\/","url":"https:\/\/www.myopiacare.org\/de\/disclaimer1\/","name":"Disclaimer | myopia care","isPartOf":{"@id":"https:\/\/www.myopiacare.org\/#website"},"datePublished":"2016-10-02T17:03:05+00:00","dateModified":"2020-04-16T19:19:57+00:00","breadcrumb":{"@id":"https:\/\/www.myopiacare.org\/de\/disclaimer1\/#breadcrumb"},"inLanguage":"de","potentialAction":[{"@type":"ReadAction","target":["https:\/\/www.myopiacare.org\/de\/disclaimer1\/"]}]},{"@type":"BreadcrumbList","@id":"https:\/\/www.myopiacare.org\/de\/disclaimer1\/#breadcrumb","itemListElement":[{"@type":"ListItem","position":1,"name":"Home","item":"https:\/\/www.myopiacare.org\/"},{"@type":"ListItem","position":2,"name":"Disclaimer"}]},{"@type":"WebSite","@id":"https:\/\/www.myopiacare.org\/#website","url":"https:\/\/www.myopiacare.org\/","name":"myopia care","description":"Test your Predicted Level of Myopia (Short-sightedness)","publisher":{"@id":"https:\/\/www.myopiacare.org\/#organization"},"potentialAction":[{"@type":"SearchAction","target":{"@type":"EntryPoint","urlTemplate":"https:\/\/www.myopiacare.org\/?s={search_term_string}"},"query-input":{"@type":"PropertyValueSpecification","valueRequired":true,"valueName":"search_term_string"}}],"inLanguage":"de"},{"@type":"Organization","@id":"https:\/\/www.myopiacare.org\/#organization","name":"myopia.care","url":"https:\/\/www.myopiacare.org\/","logo":{"@type":"ImageObject","inLanguage":"de","@id":"https:\/\/www.myopiacare.org\/#\/schema\/logo\/image\/","url":"https:\/\/www.myopiacare.org\/wp-content\/uploads\/2016\/10\/Myopia-Care-logo-picto-Large_clear.png","contentUrl":"https:\/\/www.myopiacare.org\/wp-content\/uploads\/2016\/10\/Myopia-Care-logo-picto-Large_clear.png","width":1341,"height":180,"caption":"myopia.care"},"image":{"@id":"https:\/\/www.myopiacare.org\/#\/schema\/logo\/image\/"},"sameAs":["https:\/\/www.facebook.com\/myopia.care\/"]}]}},"_links":{"self":[{"href":"https:\/\/www.myopiacare.org\/de\/wp-json\/wp\/v2\/pages\/43\/"}],"collection":[{"href":"https:\/\/www.myopiacare.org\/de\/wp-json\/wp\/v2\/pages\/"}],"about":[{"href":"https:\/\/www.myopiacare.org\/de\/wp-json\/wp\/v2\/types\/page\/"}],"author":[{"embeddable":true,"href":"https:\/\/www.myopiacare.org\/de\/wp-json\/wp\/v2\/users\/1\/"}],"replies":[{"embeddable":true,"href":"https:\/\/www.myopiacare.org\/de\/wp-json\/wp\/v2\/comments\/?post=43"}],"version-history":[{"count":2,"href":"https:\/\/www.myopiacare.org\/de\/wp-json\/wp\/v2\/pages\/43\/revisions\/"}],"predecessor-version":[{"id":2710,"href":"https:\/\/www.myopiacare.org\/de\/wp-json\/wp\/v2\/pages\/43\/revisions\/2710\/"}],"wp:attachment":[{"href":"https:\/\/www.myopiacare.org\/de\/wp-json\/wp\/v2\/media\/?parent=43"}],"curies":[{"name":"wp","href":"https:\/\/api.w.org\/{rel}","templated":true}]}}