{"id":501,"date":"2016-10-30T22:25:18","date_gmt":"2016-10-30T21:25:18","guid":{"rendered":"https:\/\/www.myopiacare.org\/de\/?page_id=501"},"modified":"2016-10-30T22:29:01","modified_gmt":"2016-10-30T21:29:01","slug":"kurzsichtigkeit","status":"publish","type":"page","link":"https:\/\/www.myopiacare.org\/de\/kurzsichtigkeit\/","title":{"rendered":"Kurzsichtigkeit"},"content":{"rendered":"<p style=\"text-align: justify;\">Die Myopie, in der deutschen Sprache bekannter&nbsp;unter Kurzsichtigkeit, ist heute die&nbsp;h\u00e4ufigste&nbsp;Fehlsichtigkeit in Europa und Weltweit.<\/p>\n<p style=\"text-align: justify;\">Laut einer Studie des Brian Holden Instituts aus Australien werden bis zum Jahre 2050 die H\u00e4lfte der Weltbev\u00f6lkerung Kurzsichtig sein. (1) Nach k\u00fcrzlich vorgestellten Daten des European Eye Epidemiology Consortium (E3) sind in Europa derzeit knapp 16 Prozent der 65- bis 69-J\u00e4hrigen kurzsichtig. Bei den 55- bis 59-J\u00e4hrigen haben schon fast 28 Prozent mindestens minus 0,75 Dioptrien \u2013 und bei den 25- bis 29-J\u00e4hrigen sind es gut 47 Prozent, berichten die Forscher im &#8222;European Journal of Epidemiology&#8220;. (2)<\/p>\n<p><img fetchpriority=\"high\" decoding=\"async\" src=\"https:\/\/www.myopiacare.org\/wp-content\/uploads\/2016\/10\/Myopia-300x231.gif\" width=\"300\" height=\"231\" srcset=\"\" class=\"so-widget-image\"><\/p>\n<p style=\"text-align: right;\">Bildquelle: Wikipedia.org<\/p>\n<p style=\"text-align: justify;\">Die Myopie, in der deutschen Sprache bekannter&nbsp;unter Kurzsichtigkeit, ist heute die&nbsp;h\u00e4ufigste&nbsp;Fehlsichtigkeit in Europa und Weltweit.<\/p>\n<p style=\"text-align: justify;\">Laut einer Studie des Brian Holden Instituts aus Australien werden bis zum Jahre 2050 die H\u00e4lfte der Weltbev\u00f6lkerung Kurzsichtig sein. (1) Nach k\u00fcrzlich vorgestellten Daten des European Eye Epidemiology Consortium (E3) sind in Europa derzeit knapp 16 Prozent der 65- bis 69-J\u00e4hrigen kurzsichtig. Bei den 55- bis 59-J\u00e4hrigen haben schon fast 28 Prozent mindestens minus 0,75 Dioptrien \u2013 und bei den 25- bis 29-J\u00e4hrigen sind es gut 47 Prozent, berichten die Forscher im &#8222;European Journal of Epidemiology&#8220;. (2)<\/p>\n<h3>Ursache und Auswirkungen<\/h3>\n<p style=\"text-align: justify;\">Kurzsichtigkeit ist eine Fehlsichtigkeit des Auges. Kurzsichtige Menschen sehen in der N\u00e4he (kurze Sichtweite) gut aber erkennen entfernte Dinge nicht scharf. Die Myopie ist zumeist eine Folge entweder eines verl\u00e4ngerten <a href=\"https:\/\/de.wikipedia.org\/w\/index.php?title=Wirbeltierauge&amp;redirect=no#Augapfel\" target=\"_blank\">Augapfels<\/a> oder einer f\u00fcr seine L\u00e4nge zu starken <a href=\"https:\/\/de.wikipedia.org\/wiki\/Brennweite\" target=\"_blank\">Brechkraft<\/a> der genutzten optisch Bestandteile des &#8222;optischen Apparates&#8220; (<a href=\"https:\/\/de.wikipedia.org\/wiki\/Hornhaut\" target=\"_blank\">Hornhaut<\/a>, <a href=\"https:\/\/de.wikipedia.org\/wiki\/Linse_%28Auge%29\" target=\"_blank\">Augenlinse<\/a>, <a href=\"https:\/\/de.wikipedia.org\/wiki\/Kammerwasser\" target=\"_blank\">Kammerwasser<\/a>, <a href=\"https:\/\/de.wikipedia.org\/wiki\/Glask%C3%B6rper\" target=\"_blank\">Glask\u00f6rper<\/a>), so dass der Fokus vor der Netzhaut liegt. (2) Das Auge ist im Gegensatz zur \u00dcbersichtigkeit (Hyperopie) nicht in der Lage den Brennpunkt im Auge selbst zu verschieben und dadurch scharf zu sehen.<\/p>\n<h3>Zeitliche Unterscheidung von Kurzsichtigkeit<\/h3>\n<ul>\n<li>Die Kurzsichtigkeit ist seit der Geburt vorhanden (meist Degenerative Myopie).<\/li>\n<li>Kurzsichtigkeit, die sich meist im Alter von 10-12 Jahren entwickelt (meist Myopia simplex).&nbsp;Diese weit verbreitete Form &#8222;Myopia simplex&#8220; gilt nicht als Krankheit, sondern als physiologische K\u00f6rperver\u00e4nderung. Der Anstieg der Kurzsichtigkeit, dass hei\u00dft die progressive Verst\u00e4rkung der Myopie, endet in der Regel mit ca. 22 &#8211; 25 Jahren.<\/li>\n<li>Kurzsichtigkeit, die sich erst ab dem 20. Lebensjahr zu entwickeln beginnt, kommt m\u00f6glicherweise durch die intensive Nah-T\u00e4tigkeiten, Handy, Tablet usw. Diese Entwicklung kann in seltenen F\u00e4llen erst mit ca. 30 Jahren abgeschlossen sein.<\/li>\n<li>In seltenen F\u00e4llen entwickelt sich die Kurzsichtigkeit erst im Alter ab ca. 40 Jahren.<\/li>\n<\/ul>\n<p><a href=\"https:\/\/de.wikipedia.org\/wiki\/Glask%C3%B6rper#\/media\/File:Auge.png\" target=\"_blank\">&nbsp;<\/a><\/p>\n<p>(1) <a href=\"http:\/\/brienholdenvision.org\/media-centre\/latest-news\/1062-half-the-world-to-be-short-sighted-by-2050.html\" target=\"_blank\">The Brian Holden Institut, Feb. 2016<\/a><\/p>\n<p>(3) <a href=\"http:\/\/www.welt.de\/gesundheit\/article146081080\/Smartphone-amp-Co-lassen-Kurzsichtigkeit-explodieren.html\" target=\"_blank\">Die Welt, Sept 2015<\/a><\/p>\n<p>(2) <a href=\"https:\/\/de.wikipedia.org\/wiki\/Kurzsichtigkeit\" target=\"_blank\">Wikipedia<\/a><\/p>\n<p><a href=\"https:\/\/www.myopiacheck.com\/wp-content\/uploads\/2016\/09\/myopia-facts-infographic-580x2400.jpg\"><img decoding=\"async\" class=\"aligncenter wp-image-154 size-large\" src=\"https:\/\/www.myopiacheck.com\/wp-content\/uploads\/2016\/09\/myopia-facts-infographic-580x2400-247x1024.jpg\" alt=\"myopia-facts-infographic-580x2400\" width=\"247\" height=\"1024\"><\/a><\/p>\n<p>Quelle: <a href=\"http:\/\/www.allaboutvision.com\/parents\/myopia-facts-infographic.htm\" target=\"_blank\">www.allaboutvision.com&nbsp;<\/a><\/p>\n<p><a href=\"http:\/\/www.allaboutvision.com\/parents\/myopia-facts-infographic.htm\" target=\"_blank\">\t<img alt=\"Infographic: What You Should Know if Your Child is Nearsighted, copyright by www.allaboutvision.com\" class=\"so-widget-image\"><br \/>\n<\/a><\/p>\n","protected":false},"excerpt":{"rendered":"<p>Die Myopie, in der deutschen Sprache bekannter&nbsp;unter Kurzsichtigkeit, ist heute die&nbsp;h\u00e4ufigste&nbsp;Fehlsichtigkeit in Europa und Weltweit. Laut einer Studie des Brian Holden Instituts aus Australien werden bis zum Jahre 2050 die H\u00e4lfte der Weltbev\u00f6lkerung Kurzsichtig sein. (1) Nach k\u00fcrzlich vorgestellten Daten des European Eye Epidemiology Consortium (E3) sind in Europa derzeit knapp 16 Prozent der 65- [&hellip;]<\/p>\n","protected":false},"author":1,"featured_media":0,"parent":0,"menu_order":0,"comment_status":"closed","ping_status":"closed","template":"","meta":{"site-sidebar-layout":"default","site-content-layout":"","ast-site-content-layout":"default","site-content-style":"default","site-sidebar-style":"default","ast-global-header-display":"","ast-banner-title-visibility":"","ast-main-header-display":"","ast-hfb-above-header-display":"","ast-hfb-below-header-display":"","ast-hfb-mobile-header-display":"","site-post-title":"","ast-breadcrumbs-content":"","ast-featured-img":"","footer-sml-layout":"","ast-disable-related-posts":"","theme-transparent-header-meta":"","adv-header-id-meta":"","stick-header-meta":"","header-above-stick-meta":"","header-main-stick-meta":"","header-below-stick-meta":"","astra-migrate-meta-layouts":"default","ast-page-background-enabled":"default","ast-page-background-meta":{"desktop":{"background-color":"","background-image":"","background-repeat":"repeat","background-position":"center center","background-size":"auto","background-attachment":"scroll","background-type":"","background-media":"","overlay-type":"","overlay-color":"","overlay-opacity":"","overlay-gradient":""},"tablet":{"background-color":"","background-image":"","background-repeat":"repeat","background-position":"center center","background-size":"auto","background-attachment":"scroll","background-type":"","background-media":"","overlay-type":"","overlay-color":"","overlay-opacity":"","overlay-gradient":""},"mobile":{"background-color":"","background-image":"","background-repeat":"repeat","background-position":"center center","background-size":"auto","background-attachment":"scroll","background-type":"","background-media":"","overlay-type":"","overlay-color":"","overlay-opacity":"","overlay-gradient":""}},"ast-content-background-meta":{"desktop":{"background-color":"var(--ast-global-color-5)","background-image":"","background-repeat":"repeat","background-position":"center center","background-size":"auto","background-attachment":"scroll","background-type":"","background-media":"","overlay-type":"","overlay-color":"","overlay-opacity":"","overlay-gradient":""},"tablet":{"background-color":"var(--ast-global-color-5)","background-image":"","background-repeat":"repeat","background-position":"center center","background-size":"auto","background-attachment":"scroll","background-type":"","background-media":"","overlay-type":"","overlay-color":"","overlay-opacity":"","overlay-gradient":""},"mobile":{"background-color":"var(--ast-global-color-5)","background-image":"","background-repeat":"repeat","background-position":"center center","background-size":"auto","background-attachment":"scroll","background-type":"","background-media":"","overlay-type":"","overlay-color":"","overlay-opacity":"","overlay-gradient":""}},"footnotes":""},"class_list":["post-501","page","type-page","status-publish","hentry"],"yoast_head":"<!-- This site is optimized with the Yoast SEO plugin v27.3 - https:\/\/yoast.com\/product\/yoast-seo-wordpress\/ -->\n<title>myopia care - Risiko Kurzsichtigkeit, Bedeutung f\u00fcr Ihr Kind<\/title>\n<meta name=\"description\" content=\"Die Myopie, in der deutschen Sprache bekannter unter Kurzsichtigkeit, ist heute die h\u00e4ufigste Fehlsichtigkeit in Europa und Weltweit.\" \/>\n<meta name=\"robots\" content=\"index, follow, max-snippet:-1, max-image-preview:large, max-video-preview:-1\" \/>\n<link rel=\"canonical\" href=\"https:\/\/www.myopiacare.org\/de\/kurzsichtigkeit\/\" \/>\n<meta property=\"og:locale\" content=\"de_DE\" \/>\n<meta property=\"og:type\" content=\"article\" \/>\n<meta property=\"og:title\" content=\"myopia care - Risiko Kurzsichtigkeit, Bedeutung f\u00fcr Ihr Kind\" \/>\n<meta property=\"og:description\" content=\"Die Myopie, in der deutschen Sprache bekannter unter Kurzsichtigkeit, ist heute die h\u00e4ufigste Fehlsichtigkeit in Europa und Weltweit.\" \/>\n<meta property=\"og:url\" content=\"https:\/\/www.myopiacare.org\/de\/kurzsichtigkeit\/\" \/>\n<meta property=\"og:site_name\" content=\"myopia care\" \/>\n<meta property=\"article:publisher\" content=\"https:\/\/www.facebook.com\/myopia.care\/\" \/>\n<meta property=\"article:modified_time\" content=\"2016-10-30T21:29:01+00:00\" \/>\n<meta property=\"og:image\" content=\"https:\/\/www.myopiacare.org\/wp-content\/uploads\/2016\/10\/Myopia-300x231.gif\" \/>\n<meta name=\"twitter:card\" content=\"summary_large_image\" \/>\n<meta name=\"twitter:label1\" content=\"Gesch\u00e4tzte Lesezeit\" \/>\n\t<meta name=\"twitter:data1\" content=\"2\u00a0Minuten\" \/>\n<script type=\"application\/ld+json\" class=\"yoast-schema-graph\">{\"@context\":\"https:\\\/\\\/schema.org\",\"@graph\":[{\"@type\":\"WebPage\",\"@id\":\"https:\\\/\\\/www.myopiacare.org\\\/de\\\/kurzsichtigkeit\\\/\",\"url\":\"https:\\\/\\\/www.myopiacare.org\\\/de\\\/kurzsichtigkeit\\\/\",\"name\":\"myopia care - Risiko Kurzsichtigkeit, Bedeutung f\u00fcr Ihr Kind\",\"isPartOf\":{\"@id\":\"https:\\\/\\\/www.myopiacare.org\\\/#website\"},\"primaryImageOfPage\":{\"@id\":\"https:\\\/\\\/www.myopiacare.org\\\/de\\\/kurzsichtigkeit\\\/#primaryimage\"},\"image\":{\"@id\":\"https:\\\/\\\/www.myopiacare.org\\\/de\\\/kurzsichtigkeit\\\/#primaryimage\"},\"thumbnailUrl\":\"https:\\\/\\\/www.myopiacare.org\\\/wp-content\\\/uploads\\\/2016\\\/10\\\/Myopia-300x231.gif\",\"datePublished\":\"2016-10-30T21:25:18+00:00\",\"dateModified\":\"2016-10-30T21:29:01+00:00\",\"description\":\"Die Myopie, in der deutschen Sprache bekannter unter Kurzsichtigkeit, ist heute die h\u00e4ufigste Fehlsichtigkeit in Europa und Weltweit.\",\"breadcrumb\":{\"@id\":\"https:\\\/\\\/www.myopiacare.org\\\/de\\\/kurzsichtigkeit\\\/#breadcrumb\"},\"inLanguage\":\"de\",\"potentialAction\":[{\"@type\":\"ReadAction\",\"target\":[\"https:\\\/\\\/www.myopiacare.org\\\/de\\\/kurzsichtigkeit\\\/\"]}]},{\"@type\":\"ImageObject\",\"inLanguage\":\"de\",\"@id\":\"https:\\\/\\\/www.myopiacare.org\\\/de\\\/kurzsichtigkeit\\\/#primaryimage\",\"url\":\"https:\\\/\\\/www.myopiacare.org\\\/wp-content\\\/uploads\\\/2016\\\/10\\\/Myopia-300x231.gif\",\"contentUrl\":\"https:\\\/\\\/www.myopiacare.org\\\/wp-content\\\/uploads\\\/2016\\\/10\\\/Myopia-300x231.gif\"},{\"@type\":\"BreadcrumbList\",\"@id\":\"https:\\\/\\\/www.myopiacare.org\\\/de\\\/kurzsichtigkeit\\\/#breadcrumb\",\"itemListElement\":[{\"@type\":\"ListItem\",\"position\":1,\"name\":\"Home\",\"item\":\"https:\\\/\\\/www.myopiacare.org\\\/\"},{\"@type\":\"ListItem\",\"position\":2,\"name\":\"Kurzsichtigkeit\"}]},{\"@type\":\"WebSite\",\"@id\":\"https:\\\/\\\/www.myopiacare.org\\\/#website\",\"url\":\"https:\\\/\\\/www.myopiacare.org\\\/\",\"name\":\"myopia care\",\"description\":\"Test your Predicted Level of Myopia (Short-sightedness)\",\"publisher\":{\"@id\":\"https:\\\/\\\/www.myopiacare.org\\\/#organization\"},\"potentialAction\":[{\"@type\":\"SearchAction\",\"target\":{\"@type\":\"EntryPoint\",\"urlTemplate\":\"https:\\\/\\\/www.myopiacare.org\\\/?s={search_term_string}\"},\"query-input\":{\"@type\":\"PropertyValueSpecification\",\"valueRequired\":true,\"valueName\":\"search_term_string\"}}],\"inLanguage\":\"de\"},{\"@type\":\"Organization\",\"@id\":\"https:\\\/\\\/www.myopiacare.org\\\/#organization\",\"name\":\"myopia.care\",\"url\":\"https:\\\/\\\/www.myopiacare.org\\\/\",\"logo\":{\"@type\":\"ImageObject\",\"inLanguage\":\"de\",\"@id\":\"https:\\\/\\\/www.myopiacare.org\\\/#\\\/schema\\\/logo\\\/image\\\/\",\"url\":\"https:\\\/\\\/www.myopiacare.org\\\/wp-content\\\/uploads\\\/2016\\\/10\\\/Myopia-Care-logo-picto-Large_clear.png\",\"contentUrl\":\"https:\\\/\\\/www.myopiacare.org\\\/wp-content\\\/uploads\\\/2016\\\/10\\\/Myopia-Care-logo-picto-Large_clear.png\",\"width\":1341,\"height\":180,\"caption\":\"myopia.care\"},\"image\":{\"@id\":\"https:\\\/\\\/www.myopiacare.org\\\/#\\\/schema\\\/logo\\\/image\\\/\"},\"sameAs\":[\"https:\\\/\\\/www.facebook.com\\\/myopia.care\\\/\"]}]}<\/script>\n<!-- \/ Yoast SEO plugin. -->","yoast_head_json":{"title":"myopia care - Risiko Kurzsichtigkeit, Bedeutung f\u00fcr Ihr Kind","description":"Die Myopie, in der deutschen Sprache bekannter unter Kurzsichtigkeit, ist heute die h\u00e4ufigste Fehlsichtigkeit in Europa und Weltweit.","robots":{"index":"index","follow":"follow","max-snippet":"max-snippet:-1","max-image-preview":"max-image-preview:large","max-video-preview":"max-video-preview:-1"},"canonical":"https:\/\/www.myopiacare.org\/de\/kurzsichtigkeit\/","og_locale":"de_DE","og_type":"article","og_title":"myopia care - Risiko Kurzsichtigkeit, Bedeutung f\u00fcr Ihr Kind","og_description":"Die Myopie, in der deutschen Sprache bekannter unter Kurzsichtigkeit, ist heute die h\u00e4ufigste Fehlsichtigkeit in Europa und Weltweit.","og_url":"https:\/\/www.myopiacare.org\/de\/kurzsichtigkeit\/","og_site_name":"myopia care","article_publisher":"https:\/\/www.facebook.com\/myopia.care\/","article_modified_time":"2016-10-30T21:29:01+00:00","og_image":[{"url":"https:\/\/www.myopiacare.org\/wp-content\/uploads\/2016\/10\/Myopia-300x231.gif","type":"","width":"","height":""}],"twitter_card":"summary_large_image","twitter_misc":{"Gesch\u00e4tzte Lesezeit":"2\u00a0Minuten"},"schema":{"@context":"https:\/\/schema.org","@graph":[{"@type":"WebPage","@id":"https:\/\/www.myopiacare.org\/de\/kurzsichtigkeit\/","url":"https:\/\/www.myopiacare.org\/de\/kurzsichtigkeit\/","name":"myopia care - Risiko Kurzsichtigkeit, Bedeutung f\u00fcr Ihr Kind","isPartOf":{"@id":"https:\/\/www.myopiacare.org\/#website"},"primaryImageOfPage":{"@id":"https:\/\/www.myopiacare.org\/de\/kurzsichtigkeit\/#primaryimage"},"image":{"@id":"https:\/\/www.myopiacare.org\/de\/kurzsichtigkeit\/#primaryimage"},"thumbnailUrl":"https:\/\/www.myopiacare.org\/wp-content\/uploads\/2016\/10\/Myopia-300x231.gif","datePublished":"2016-10-30T21:25:18+00:00","dateModified":"2016-10-30T21:29:01+00:00","description":"Die Myopie, in der deutschen Sprache bekannter unter Kurzsichtigkeit, ist heute die h\u00e4ufigste Fehlsichtigkeit in Europa und Weltweit.","breadcrumb":{"@id":"https:\/\/www.myopiacare.org\/de\/kurzsichtigkeit\/#breadcrumb"},"inLanguage":"de","potentialAction":[{"@type":"ReadAction","target":["https:\/\/www.myopiacare.org\/de\/kurzsichtigkeit\/"]}]},{"@type":"ImageObject","inLanguage":"de","@id":"https:\/\/www.myopiacare.org\/de\/kurzsichtigkeit\/#primaryimage","url":"https:\/\/www.myopiacare.org\/wp-content\/uploads\/2016\/10\/Myopia-300x231.gif","contentUrl":"https:\/\/www.myopiacare.org\/wp-content\/uploads\/2016\/10\/Myopia-300x231.gif"},{"@type":"BreadcrumbList","@id":"https:\/\/www.myopiacare.org\/de\/kurzsichtigkeit\/#breadcrumb","itemListElement":[{"@type":"ListItem","position":1,"name":"Home","item":"https:\/\/www.myopiacare.org\/"},{"@type":"ListItem","position":2,"name":"Kurzsichtigkeit"}]},{"@type":"WebSite","@id":"https:\/\/www.myopiacare.org\/#website","url":"https:\/\/www.myopiacare.org\/","name":"myopia care","description":"Test your Predicted Level of Myopia (Short-sightedness)","publisher":{"@id":"https:\/\/www.myopiacare.org\/#organization"},"potentialAction":[{"@type":"SearchAction","target":{"@type":"EntryPoint","urlTemplate":"https:\/\/www.myopiacare.org\/?s={search_term_string}"},"query-input":{"@type":"PropertyValueSpecification","valueRequired":true,"valueName":"search_term_string"}}],"inLanguage":"de"},{"@type":"Organization","@id":"https:\/\/www.myopiacare.org\/#organization","name":"myopia.care","url":"https:\/\/www.myopiacare.org\/","logo":{"@type":"ImageObject","inLanguage":"de","@id":"https:\/\/www.myopiacare.org\/#\/schema\/logo\/image\/","url":"https:\/\/www.myopiacare.org\/wp-content\/uploads\/2016\/10\/Myopia-Care-logo-picto-Large_clear.png","contentUrl":"https:\/\/www.myopiacare.org\/wp-content\/uploads\/2016\/10\/Myopia-Care-logo-picto-Large_clear.png","width":1341,"height":180,"caption":"myopia.care"},"image":{"@id":"https:\/\/www.myopiacare.org\/#\/schema\/logo\/image\/"},"sameAs":["https:\/\/www.facebook.com\/myopia.care\/"]}]}},"_links":{"self":[{"href":"https:\/\/www.myopiacare.org\/de\/wp-json\/wp\/v2\/pages\/501\/"}],"collection":[{"href":"https:\/\/www.myopiacare.org\/de\/wp-json\/wp\/v2\/pages\/"}],"about":[{"href":"https:\/\/www.myopiacare.org\/de\/wp-json\/wp\/v2\/types\/page\/"}],"author":[{"embeddable":true,"href":"https:\/\/www.myopiacare.org\/de\/wp-json\/wp\/v2\/users\/1\/"}],"replies":[{"embeddable":true,"href":"https:\/\/www.myopiacare.org\/de\/wp-json\/wp\/v2\/comments\/?post=501"}],"version-history":[{"count":0,"href":"https:\/\/www.myopiacare.org\/de\/wp-json\/wp\/v2\/pages\/501\/revisions\/"}],"wp:attachment":[{"href":"https:\/\/www.myopiacare.org\/de\/wp-json\/wp\/v2\/media\/?parent=501"}],"curies":[{"name":"wp","href":"https:\/\/api.w.org\/{rel}","templated":true}]}}