{"id":2420,"date":"2020-04-16T17:37:14","date_gmt":"2020-04-16T15:37:14","guid":{"rendered":"https:\/\/www.myopiacare.org\/proteccion-de-datos-2\/"},"modified":"2022-12-18T12:45:59","modified_gmt":"2022-12-18T11:45:59","slug":"proteccion-de-datos","status":"publish","type":"page","link":"https:\/\/www.myopiacare.org\/es\/proteccion-de-datos\/","title":{"rendered":"Protecci\u00f3n de datos"},"content":{"rendered":"\t\t<div data-elementor-type=\"wp-page\" data-elementor-id=\"2420\" class=\"elementor elementor-2420\" data-elementor-post-type=\"page\">\n\t\t\t\t\t\t<section class=\"elementor-section elementor-top-section elementor-element elementor-element-9946ab1 elementor-section-boxed elementor-section-height-default elementor-section-height-default\" data-id=\"9946ab1\" data-element_type=\"section\" data-e-type=\"section\">\n\t\t\t\t\t\t<div class=\"elementor-container elementor-column-gap-default\">\n\t\t\t\t\t<div class=\"elementor-column elementor-col-100 elementor-top-column elementor-element elementor-element-6ea802b\" data-id=\"6ea802b\" data-element_type=\"column\" data-e-type=\"column\">\n\t\t\t<div class=\"elementor-widget-wrap elementor-element-populated\">\n\t\t\t\t\t\t<div class=\"elementor-element elementor-element-f14cca0 elementor-widget elementor-widget-heading\" data-id=\"f14cca0\" data-element_type=\"widget\" data-e-type=\"widget\" data-widget_type=\"heading.default\">\n\t\t\t\t<div class=\"elementor-widget-container\">\n\t\t\t\t\t<h2 class=\"elementor-heading-title elementor-size-default\">Protecci\u00f3n de datos<\/h2>\t\t\t\t<\/div>\n\t\t\t\t<\/div>\n\t\t\t\t<div class=\"elementor-element elementor-element-3e56cd4 elementor-widget elementor-widget-text-editor\" data-id=\"3e56cd4\" data-element_type=\"widget\" data-e-type=\"widget\" data-widget_type=\"text-editor.default\">\n\t\t\t\t<div class=\"elementor-widget-container\">\n\t\t\t\t\t\t\t\t\t<p>Gracias por utilizar Myopia Care.<br \/>INFORMACIONES<\/p><p>Myopia Care s\u00f3lo est\u00e1 interesado en la informaci\u00f3n directamente relacionada con el c\u00e1lculo y el asesoramiento asociado con el potencial miope de los individuos y s\u00f3lo los antecedentes cient\u00edficos relativos al control de la miop\u00eda. Esta informaci\u00f3n se utilizar\u00e1 para la predicci\u00f3n inmediata de la miop\u00eda y para la futura modificaci\u00f3n de la calculadora como herramienta interna. Toda la informaci\u00f3n ser\u00e1 an\u00f3nima y disociada de los nombres facilitados, y no se transmitir\u00e1 a terceros. No necesitamos sus datos de contacto privados para nuestro servicio.<\/p><p>Nos tomamos muy en serio su privacidad y protegemos sus datos al m\u00e1ximo. Para ello, hemos realizado algunos ajustes especiales en la base de datos. Una de las principales medidas de protecci\u00f3n consiste en dividir las bases de datos, una con sus datos privados (fecha de nacimiento, sexo, grupo \u00e9tnico y pa\u00eds) y otra con otros datos del cuestionario y el espacio de trabajo profesional. Con esta divisi\u00f3n, no es posible, ni para nosotros ni para otros organismos, relacionar sus datos privados con los datos proporcionados sin su c\u00f3digo de reserva y los datos de acceso del profesional. Esto significa que s\u00f3lo el oculista puede vincular las bases de datos en su espacio de trabajo.<\/p><p>La direcci\u00f3n de correo electr\u00f3nico proporcionada para la transmisi\u00f3n s\u00f3lo se utilizar\u00e1 para enviar el c\u00f3digo individual y no ser\u00e1 almacenada por nosotros. La direcci\u00f3n de correo electr\u00f3nico no es obligatoria para el proceso.<\/p><p>ELIMINACI\u00d3N DE DATOS<\/p><p>Los datos del cuestionario se borran autom\u00e1ticamente cada mes si no han sido utilizados\/importados por un profesional de la visi\u00f3n en un plazo de 180 d\u00edas (seis meses). O antes enviando un EMAIL al responsable de privacidad.<\/p><p>1. El oftalm\u00f3logo puede borrar completamente los datos del paciente en su \u00e1rea protegida en cualquier momento en el Men\u00fa \u00abMis Registros\u00bb<\/p><p>2. El oftalm\u00f3logo puede cerrar completamente su acceso y los datos en cualquier momento en su perfil o utilizando este ENLACE.<\/p><p>3. El usuario puede borrar sus datos del cuestionario p\u00fablico con este ENLACE siempre que el c\u00f3digo no haya sido importado por un especialista. El c\u00f3digo es imprescindible para realizar este proceso.<\/p><p>Todos estos procesos son irreversibles.<\/p><p>SEGURIDAD DE LA BASE DE DATOS<\/p><p>Para proteger sus datos, hemos elegido un servidor propio con sede en www.hetzner.de\/ Alemania. Siendo \u00e9ste uno de los mayores alojamientos y bases de datos m\u00e1s seguros. La base de datos est\u00e1 registrada en el Buro Federal Suizo de protecci\u00f3n de datos y transparencia ED\u00d6B. N\u00famero de registro 2016 00039.<\/p><p>Nunca vendemos datos de contacto y direcciones de correo electr\u00f3nico.<\/p><p>LO B\u00c1SICO<\/p><p>Empezaremos por aclarar algunas definiciones que deber\u00edan ayudarle a entender esta pol\u00edtica. Cuando decimos \u00abnosotros\u00bb, \u00abnos\u00bb y \u00abMyopia Care\u00bb nos referimos a Myopia Care , Lausana Suiza. Proporcionamos plataformas en l\u00ednea que usted puede utilizar para calcular el riesgo de miop\u00eda, recomendar a usted y los productos oftalmol\u00f3gicos (los \u00abServicios\u00bb). Cuando decimos \u00abusted\u00bb \u00aboculista\u00bb o \u00abUsuario\u00bb, nos referimos a la persona o entidad que ha utilizado o se ha registrado con nosotros para utilizar los Servicios. Podemos combinar informaci\u00f3n general sobre usted con informaci\u00f3n proporcionada por otros Usuarios o terceros para crear \u00abInformaci\u00f3n agregada\u00bb, que puede incluir, entre otros, informaci\u00f3n demogr\u00e1fica y personal, direcciones IP y ubicaci\u00f3n.<\/p><p>Cuando hablamos de informaci\u00f3n personal o privada nos referimos a su nombre y direcci\u00f3n de correo electr\u00f3nico. Cuando hablamos de informaci\u00f3n general nos referimos a toda la informaci\u00f3n del cuestionario y del espacio de trabajo de los profesionales de la visi\u00f3n (ECP). Estas dos informaciones (privada y general) no se almacenan en la misma base de datos.<br \/>Ofrecemos los Servicios en nuestros sitios web https:\/\/www.myopiacare.org, https:\/\/www.myopiacare.com y https:\/\/myopia.care (cada uno de ellos un \u00abSitio web\u00bb y conjuntamente los \u00abSitios web\u00bb). Al prestar los Servicios, podemos recoger Informaci\u00f3n Personal, es decir, informaci\u00f3n sobre un Usuario o profesional de la visi\u00f3n.<\/p><p>Cambios<\/p><p>En caso de que se produzcan cambios sustanciales en la presente Pol\u00edtica de Privacidad, los publicaremos en el Sitio Web (para todos) y los enviaremos a la \u00faltima direcci\u00f3n de correo electr\u00f3nico que nos haya facilitado (para los profesionales de la visi\u00f3n). Los cambios entrar\u00e1n en vigor a partir de la fecha en que se publiquen en el sitio web o se env\u00eden por correo electr\u00f3nico (la fecha que sea posterior). Si se opone a los cambios en nuestra Pol\u00edtica de Privacidad, tendremos que cancelar su cuenta.<\/p><p>AVISO IMPORTANTE RELATIVO A LOS MENORES DE 13 A\u00d1OS:<\/p><p>Esta Pol\u00edtica de Privacidad se aplica en general a los usuarios de nuestros Servicios. El cuestionario no se utilizar\u00e1 para ni\u00f1os menores de 13 a\u00f1os (\u00abNi\u00f1o\u00bb). Recopilaremos, utilizaremos y compartiremos la informaci\u00f3n del Ni\u00f1o \u00fanicamente para la necesidad del servicio, tal y como se describe en la subsecci\u00f3n siguiente titulada \u00abPrivacidad de los Ni\u00f1os\u00bb.<\/p><p>Normas de fuera de la UE o Suiza<\/p><p>Si existe alg\u00fan conflicto entre los t\u00e9rminos de esta pol\u00edtica de privacidad y los Principios del Escudo de Privacidad de las normas de la UE, regir\u00e1n los Principios del Escudo de Privacidad. Para obtener m\u00e1s informaci\u00f3n sobre el Marco del Escudo de Privacidad, visite la Lista del Escudo de Privacidad del Departamento de Comercio de EE.UU.: https:\/\/www.privacyshield.gov\/list.<\/p><p>SU INFORMACI\u00d3N<\/p><p>Informaci\u00f3n que usted nos proporciona: Cuando utilice los Servicios, consulte con nuestra costumbre<\/p>\t\t\t\t\t\t\t\t<\/div>\n\t\t\t\t<\/div>\n\t\t\t\t\t<\/div>\n\t\t<\/div>\n\t\t\t\t\t<\/div>\n\t\t<\/section>\n\t\t\t\t<\/div>\n\t\t","protected":false},"excerpt":{"rendered":"<p>Protecci\u00f3n de datos Gracias por utilizar Myopia Care.INFORMACIONES Myopia Care s\u00f3lo est\u00e1 interesado en la informaci\u00f3n directamente relacionada con el c\u00e1lculo y el asesoramiento asociado con el potencial miope de los individuos y s\u00f3lo los antecedentes cient\u00edficos relativos al control de la miop\u00eda. Esta informaci\u00f3n se utilizar\u00e1 para la predicci\u00f3n inmediata de la miop\u00eda y [&hellip;]<\/p>\n","protected":false},"author":3,"featured_media":0,"parent":0,"menu_order":0,"comment_status":"closed","ping_status":"closed","template":"","meta":{"site-sidebar-layout":"default","site-content-layout":"default","ast-site-content-layout":"default","site-content-style":"default","site-sidebar-style":"default","ast-global-header-display":"","ast-banner-title-visibility":"","ast-main-header-display":"disabled","ast-hfb-above-header-display":"","ast-hfb-below-header-display":"","ast-hfb-mobile-header-display":"","site-post-title":"disabled","ast-breadcrumbs-content":"disabled","ast-featured-img":"","footer-sml-layout":"","ast-disable-related-posts":"","theme-transparent-header-meta":"default","adv-header-id-meta":"","stick-header-meta":"","header-above-stick-meta":"","header-main-stick-meta":"","header-below-stick-meta":"","astra-migrate-meta-layouts":"default","ast-page-background-enabled":"default","ast-page-background-meta":{"desktop":{"background-color":"","background-image":"","background-repeat":"repeat","background-position":"center center","background-size":"auto","background-attachment":"scroll","background-type":"","background-media":"","overlay-type":"","overlay-color":"","overlay-opacity":"","overlay-gradient":""},"tablet":{"background-color":"","background-image":"","background-repeat":"repeat","background-position":"center center","background-size":"auto","background-attachment":"scroll","background-type":"","background-media":"","overlay-type":"","overlay-color":"","overlay-opacity":"","overlay-gradient":""},"mobile":{"background-color":"","background-image":"","background-repeat":"repeat","background-position":"center center","background-size":"auto","background-attachment":"scroll","background-type":"","background-media":"","overlay-type":"","overlay-color":"","overlay-opacity":"","overlay-gradient":""}},"ast-content-background-meta":{"desktop":{"background-color":"var(--ast-global-color-5)","background-image":"","background-repeat":"repeat","background-position":"center center","background-size":"auto","background-attachment":"scroll","background-type":"","background-media":"","overlay-type":"","overlay-color":"","overlay-opacity":"","overlay-gradient":""},"tablet":{"background-color":"var(--ast-global-color-5)","background-image":"","background-repeat":"repeat","background-position":"center center","background-size":"auto","background-attachment":"scroll","background-type":"","background-media":"","overlay-type":"","overlay-color":"","overlay-opacity":"","overlay-gradient":""},"mobile":{"background-color":"var(--ast-global-color-5)","background-image":"","background-repeat":"repeat","background-position":"center center","background-size":"auto","background-attachment":"scroll","background-type":"","background-media":"","overlay-type":"","overlay-color":"","overlay-opacity":"","overlay-gradient":""}},"footnotes":""},"class_list":["post-2420","page","type-page","status-publish","hentry"],"yoast_head":"<!-- This site is optimized with the Yoast SEO plugin v27.3 - https:\/\/yoast.com\/product\/yoast-seo-wordpress\/ -->\n<title>Protecci\u00f3n de datos | myopia care<\/title>\n<meta name=\"robots\" content=\"index, follow, max-snippet:-1, max-image-preview:large, max-video-preview:-1\" \/>\n<link rel=\"canonical\" href=\"https:\/\/www.myopiacare.org\/es\/protection-des-donnees\/\" \/>\n<meta property=\"og:locale\" content=\"es_ES\" \/>\n<meta property=\"og:type\" content=\"article\" \/>\n<meta property=\"og:title\" content=\"Protecci\u00f3n de datos | myopia care\" \/>\n<meta property=\"og:description\" content=\"Protecci\u00f3n de datos Gracias por utilizar Myopia Care.INFORMACIONES Myopia Care s\u00f3lo est\u00e1 interesado en la informaci\u00f3n directamente relacionada con el c\u00e1lculo y el asesoramiento asociado con el potencial miope de los individuos y s\u00f3lo los antecedentes cient\u00edficos relativos al control de la miop\u00eda. Esta informaci\u00f3n se utilizar\u00e1 para la predicci\u00f3n inmediata de la miop\u00eda y [&hellip;]\" \/>\n<meta property=\"og:url\" content=\"https:\/\/www.myopiacare.org\/fr\/protection-des-donnees\/\" \/>\n<meta property=\"og:site_name\" content=\"myopia care\" \/>\n<meta property=\"article:publisher\" content=\"https:\/\/www.facebook.com\/myopia.care\/\" \/>\n<meta property=\"article:modified_time\" content=\"2022-12-18T11:45:59+00:00\" \/>\n<meta name=\"twitter:card\" content=\"summary_large_image\" \/>\n<meta name=\"twitter:label1\" content=\"Tiempo de lectura\" \/>\n\t<meta name=\"twitter:data1\" content=\"16 minutos\" \/>\n<script type=\"application\/ld+json\" class=\"yoast-schema-graph\">{\"@context\":\"https:\\\/\\\/schema.org\",\"@graph\":[{\"@type\":\"WebPage\",\"@id\":\"https:\\\/\\\/www.myopiacare.org\\\/fr\\\/protection-des-donnees\\\/\",\"url\":\"https:\\\/\\\/www.myopiacare.org\\\/fr\\\/protection-des-donnees\\\/\",\"name\":\"Protecci\u00f3n de datos | myopia care\",\"isPartOf\":{\"@id\":\"https:\\\/\\\/www.myopiacare.org\\\/#website\"},\"datePublished\":\"2020-04-16T15:37:14+00:00\",\"dateModified\":\"2022-12-18T11:45:59+00:00\",\"breadcrumb\":{\"@id\":\"https:\\\/\\\/www.myopiacare.org\\\/fr\\\/protection-des-donnees\\\/#breadcrumb\"},\"inLanguage\":\"es\",\"potentialAction\":[{\"@type\":\"ReadAction\",\"target\":[\"https:\\\/\\\/www.myopiacare.org\\\/fr\\\/protection-des-donnees\\\/\"]}]},{\"@type\":\"BreadcrumbList\",\"@id\":\"https:\\\/\\\/www.myopiacare.org\\\/fr\\\/protection-des-donnees\\\/#breadcrumb\",\"itemListElement\":[{\"@type\":\"ListItem\",\"position\":1,\"name\":\"Home\",\"item\":\"https:\\\/\\\/www.myopiacare.org\\\/es\\\/\"},{\"@type\":\"ListItem\",\"position\":2,\"name\":\"Protecci\u00f3n de datos\"}]},{\"@type\":\"WebSite\",\"@id\":\"https:\\\/\\\/www.myopiacare.org\\\/#website\",\"url\":\"https:\\\/\\\/www.myopiacare.org\\\/\",\"name\":\"myopia care\",\"description\":\"Test your Predicted Level of Myopia (Short-sightedness)\",\"publisher\":{\"@id\":\"https:\\\/\\\/www.myopiacare.org\\\/#organization\"},\"potentialAction\":[{\"@type\":\"SearchAction\",\"target\":{\"@type\":\"EntryPoint\",\"urlTemplate\":\"https:\\\/\\\/www.myopiacare.org\\\/?s={search_term_string}\"},\"query-input\":{\"@type\":\"PropertyValueSpecification\",\"valueRequired\":true,\"valueName\":\"search_term_string\"}}],\"inLanguage\":\"es\"},{\"@type\":\"Organization\",\"@id\":\"https:\\\/\\\/www.myopiacare.org\\\/#organization\",\"name\":\"myopia.care\",\"url\":\"https:\\\/\\\/www.myopiacare.org\\\/\",\"logo\":{\"@type\":\"ImageObject\",\"inLanguage\":\"es\",\"@id\":\"https:\\\/\\\/www.myopiacare.org\\\/#\\\/schema\\\/logo\\\/image\\\/\",\"url\":\"https:\\\/\\\/www.myopiacare.org\\\/wp-content\\\/uploads\\\/2016\\\/10\\\/Myopia-Care-logo-picto-Large_clear.png\",\"contentUrl\":\"https:\\\/\\\/www.myopiacare.org\\\/wp-content\\\/uploads\\\/2016\\\/10\\\/Myopia-Care-logo-picto-Large_clear.png\",\"width\":1341,\"height\":180,\"caption\":\"myopia.care\"},\"image\":{\"@id\":\"https:\\\/\\\/www.myopiacare.org\\\/#\\\/schema\\\/logo\\\/image\\\/\"},\"sameAs\":[\"https:\\\/\\\/www.facebook.com\\\/myopia.care\\\/\"]}]}<\/script>\n<!-- \/ Yoast SEO plugin. -->","yoast_head_json":{"title":"Protecci\u00f3n de datos | myopia care","robots":{"index":"index","follow":"follow","max-snippet":"max-snippet:-1","max-image-preview":"max-image-preview:large","max-video-preview":"max-video-preview:-1"},"canonical":"https:\/\/www.myopiacare.org\/es\/protection-des-donnees\/","og_locale":"es_ES","og_type":"article","og_title":"Protecci\u00f3n de datos | myopia care","og_description":"Protecci\u00f3n de datos Gracias por utilizar Myopia Care.INFORMACIONES Myopia Care s\u00f3lo est\u00e1 interesado en la informaci\u00f3n directamente relacionada con el c\u00e1lculo y el asesoramiento asociado con el potencial miope de los individuos y s\u00f3lo los antecedentes cient\u00edficos relativos al control de la miop\u00eda. Esta informaci\u00f3n se utilizar\u00e1 para la predicci\u00f3n inmediata de la miop\u00eda y [&hellip;]","og_url":"https:\/\/www.myopiacare.org\/fr\/protection-des-donnees\/","og_site_name":"myopia care","article_publisher":"https:\/\/www.facebook.com\/myopia.care\/","article_modified_time":"2022-12-18T11:45:59+00:00","twitter_card":"summary_large_image","twitter_misc":{"Tiempo de lectura":"16 minutos"},"schema":{"@context":"https:\/\/schema.org","@graph":[{"@type":"WebPage","@id":"https:\/\/www.myopiacare.org\/fr\/protection-des-donnees\/","url":"https:\/\/www.myopiacare.org\/fr\/protection-des-donnees\/","name":"Protecci\u00f3n de datos | myopia care","isPartOf":{"@id":"https:\/\/www.myopiacare.org\/#website"},"datePublished":"2020-04-16T15:37:14+00:00","dateModified":"2022-12-18T11:45:59+00:00","breadcrumb":{"@id":"https:\/\/www.myopiacare.org\/fr\/protection-des-donnees\/#breadcrumb"},"inLanguage":"es","potentialAction":[{"@type":"ReadAction","target":["https:\/\/www.myopiacare.org\/fr\/protection-des-donnees\/"]}]},{"@type":"BreadcrumbList","@id":"https:\/\/www.myopiacare.org\/fr\/protection-des-donnees\/#breadcrumb","itemListElement":[{"@type":"ListItem","position":1,"name":"Home","item":"https:\/\/www.myopiacare.org\/es\/"},{"@type":"ListItem","position":2,"name":"Protecci\u00f3n de datos"}]},{"@type":"WebSite","@id":"https:\/\/www.myopiacare.org\/#website","url":"https:\/\/www.myopiacare.org\/","name":"myopia care","description":"Test your Predicted Level of Myopia (Short-sightedness)","publisher":{"@id":"https:\/\/www.myopiacare.org\/#organization"},"potentialAction":[{"@type":"SearchAction","target":{"@type":"EntryPoint","urlTemplate":"https:\/\/www.myopiacare.org\/?s={search_term_string}"},"query-input":{"@type":"PropertyValueSpecification","valueRequired":true,"valueName":"search_term_string"}}],"inLanguage":"es"},{"@type":"Organization","@id":"https:\/\/www.myopiacare.org\/#organization","name":"myopia.care","url":"https:\/\/www.myopiacare.org\/","logo":{"@type":"ImageObject","inLanguage":"es","@id":"https:\/\/www.myopiacare.org\/#\/schema\/logo\/image\/","url":"https:\/\/www.myopiacare.org\/wp-content\/uploads\/2016\/10\/Myopia-Care-logo-picto-Large_clear.png","contentUrl":"https:\/\/www.myopiacare.org\/wp-content\/uploads\/2016\/10\/Myopia-Care-logo-picto-Large_clear.png","width":1341,"height":180,"caption":"myopia.care"},"image":{"@id":"https:\/\/www.myopiacare.org\/#\/schema\/logo\/image\/"},"sameAs":["https:\/\/www.facebook.com\/myopia.care\/"]}]}},"_links":{"self":[{"href":"https:\/\/www.myopiacare.org\/es\/wp-json\/wp\/v2\/pages\/2420\/"}],"collection":[{"href":"https:\/\/www.myopiacare.org\/es\/wp-json\/wp\/v2\/pages\/"}],"about":[{"href":"https:\/\/www.myopiacare.org\/es\/wp-json\/wp\/v2\/types\/page\/"}],"author":[{"embeddable":true,"href":"https:\/\/www.myopiacare.org\/es\/wp-json\/wp\/v2\/users\/3\/"}],"replies":[{"embeddable":true,"href":"https:\/\/www.myopiacare.org\/es\/wp-json\/wp\/v2\/comments\/?post=2420"}],"version-history":[{"count":5,"href":"https:\/\/www.myopiacare.org\/es\/wp-json\/wp\/v2\/pages\/2420\/revisions\/"}],"predecessor-version":[{"id":3677,"href":"https:\/\/www.myopiacare.org\/es\/wp-json\/wp\/v2\/pages\/2420\/revisions\/3677\/"}],"wp:attachment":[{"href":"https:\/\/www.myopiacare.org\/es\/wp-json\/wp\/v2\/media\/?parent=2420"}],"curies":[{"name":"wp","href":"https:\/\/api.w.org\/{rel}","templated":true}]}}