{"id":2440,"date":"2020-04-16T17:55:06","date_gmt":"2020-04-16T15:55:06","guid":{"rendered":"https:\/\/www.myopiacare.org\/solo-gracias\/"},"modified":"2020-04-17T07:56:24","modified_gmt":"2020-04-17T05:56:24","slug":"solo-gracias","status":"publish","type":"page","link":"https:\/\/www.myopiacare.org\/es\/solo-gracias\/","title":{"rendered":"Gracias."},"content":{"rendered":"\t\t<div data-elementor-type=\"wp-page\" data-elementor-id=\"2440\" class=\"elementor elementor-2440\" data-elementor-post-type=\"page\">\n\t\t\t\t\t\t<section class=\"elementor-section elementor-top-section elementor-element elementor-element-d7b8612 elementor-section-height-min-height elementor-section-boxed elementor-section-height-default elementor-section-items-middle\" data-id=\"d7b8612\" data-element_type=\"section\" data-e-type=\"section\" data-settings=\"{&quot;background_background&quot;:&quot;classic&quot;,&quot;background_motion_fx_motion_fx_scrolling&quot;:&quot;yes&quot;,&quot;background_motion_fx_translateY_effect&quot;:&quot;yes&quot;,&quot;background_motion_fx_translateY_direction&quot;:&quot;negative&quot;,&quot;background_motion_fx_translateY_speed&quot;:{&quot;unit&quot;:&quot;px&quot;,&quot;size&quot;:5,&quot;sizes&quot;:[]},&quot;background_motion_fx_translateY_affectedRange&quot;:{&quot;unit&quot;:&quot;%&quot;,&quot;size&quot;:&quot;&quot;,&quot;sizes&quot;:{&quot;start&quot;:0,&quot;end&quot;:100}},&quot;background_motion_fx_devices&quot;:[&quot;desktop&quot;,&quot;tablet&quot;,&quot;mobile&quot;]}\">\n\t\t\t\t\t\t<div class=\"elementor-container elementor-column-gap-default\">\n\t\t\t\t\t<div class=\"elementor-column elementor-col-100 elementor-top-column elementor-element elementor-element-8e5b54e\" data-id=\"8e5b54e\" data-element_type=\"column\" data-e-type=\"column\">\n\t\t\t<div class=\"elementor-widget-wrap elementor-element-populated\">\n\t\t\t\t\t\t<div class=\"elementor-element elementor-element-73dd445 elementor-widget elementor-widget-heading\" data-id=\"73dd445\" data-element_type=\"widget\" data-e-type=\"widget\" data-widget_type=\"heading.default\">\n\t\t\t\t<div class=\"elementor-widget-container\">\n\t\t\t\t\t<h2 class=\"elementor-heading-title elementor-size-default\">S\u00f3lo gracias.<\/h2>\t\t\t\t<\/div>\n\t\t\t\t<\/div>\n\t\t\t\t<div class=\"elementor-element elementor-element-04d5c5f elementor-widget elementor-widget-text-editor\" data-id=\"04d5c5f\" data-element_type=\"widget\" data-e-type=\"widget\" data-widget_type=\"text-editor.default\">\n\t\t\t\t<div class=\"elementor-widget-container\">\n\t\t\t\t\t\t\t\t\t<p>por su apoyo y ayuda en este proyecto<\/p>\n\t\t\t\t\t\t\t\t<\/div>\n\t\t\t\t<\/div>\n\t\t\t\t\t<\/div>\n\t\t<\/div>\n\t\t\t\t\t<\/div>\n\t\t<\/section>\n\t\t\t\t<section class=\"elementor-section elementor-top-section elementor-element elementor-element-e17d9b8 elementor-section-boxed elementor-section-height-default elementor-section-height-default\" data-id=\"e17d9b8\" data-element_type=\"section\" data-e-type=\"section\">\n\t\t\t\t\t\t<div class=\"elementor-container elementor-column-gap-default\">\n\t\t\t\t\t<div class=\"elementor-column elementor-col-100 elementor-top-column elementor-element elementor-element-13cc8fa\" data-id=\"13cc8fa\" data-element_type=\"column\" data-e-type=\"column\">\n\t\t\t<div class=\"elementor-widget-wrap elementor-element-populated\">\n\t\t\t\t\t\t<div class=\"elementor-element elementor-element-a7ca18a elementor-widget elementor-widget-heading\" data-id=\"a7ca18a\" data-element_type=\"widget\" data-e-type=\"widget\" data-widget_type=\"heading.default\">\n\t\t\t\t<div class=\"elementor-widget-container\">\n\t\t\t\t\t<h2 class=\"elementor-heading-title elementor-size-default\">Estamos orgullosos de nuestro trabajo.<\/h2>\t\t\t\t<\/div>\n\t\t\t\t<\/div>\n\t\t\t\t<div class=\"elementor-element elementor-element-8da5182 elementor-widget elementor-widget-heading\" data-id=\"8da5182\" data-element_type=\"widget\" data-e-type=\"widget\" data-widget_type=\"heading.default\">\n\t\t\t\t<div class=\"elementor-widget-container\">\n\t\t\t\t\t<h4 class=\"elementor-heading-title elementor-size-default\">  'Limitar el alargamiento de la miop\u00eda'<\/h4>\t\t\t\t<\/div>\n\t\t\t\t<\/div>\n\t\t\t\t<div class=\"elementor-element elementor-element-e32b3aa elementor-widget elementor-widget-text-editor\" data-id=\"e32b3aa\" data-element_type=\"widget\" data-e-type=\"widget\" data-widget_type=\"text-editor.default\">\n\t\t\t\t<div class=\"elementor-widget-container\">\n\t\t\t\t\t\t\t\t\t<p>Un gran proyecto como \u00e9ste no puede darse cuenta de si sus parejas, amigos y familiares no ayudan y nos apoyan como lo hicieron.<br \/>\nDe esta manera, nos gustar\u00eda dar las gracias a todos los que nos ayudan a desarrollarse \u00abatenci\u00f3n miop\u00eda &#8216;como la plataforma para el control de la miop\u00eda.<br \/>\nPor supuesto, lo primero que debe gracias a nuestras familias. Ellos nos han apoyado en nuestra vida en nuestro mejor esfuerzo, paciencia y nos han regalado para muchas horas de desarrollo! \u00a1Gracias!<\/p>\n\t\t\t\t\t\t\t\t<\/div>\n\t\t\t\t<\/div>\n\t\t\t\t<div class=\"elementor-element elementor-element-a1636d5 elementor-widget elementor-widget-text-editor\" data-id=\"a1636d5\" data-element_type=\"widget\" data-e-type=\"widget\" data-widget_type=\"text-editor.default\">\n\t\t\t\t<div class=\"elementor-widget-container\">\n\t\t\t\t\t\t\t\t\t<p>Nos gustar\u00eda agradecerles sinceramente por su apoyo:<\/p>\n\t\t\t\t\t\t\t\t<\/div>\n\t\t\t\t<\/div>\n\t\t\t\t<div class=\"elementor-element elementor-element-d12b26e elementor-widget elementor-widget-text-editor\" data-id=\"d12b26e\" data-element_type=\"widget\" data-e-type=\"widget\" data-widget_type=\"text-editor.default\">\n\t\t\t\t<div class=\"elementor-widget-container\">\n\t\t\t\t\t\t\t\t\t<ul>\n<li><a href=\"https:\/\/www.tsiounis.com\/\">Andreas Tsiounis<\/a>\u00a0and Family<\/li>\n<li>Thibaud Poirier<\/li>\n<li>Racodon Flore<\/li>\n<li><a href=\"http:\/\/optometrieonline.de\/\">Andreas Polzer<\/a><\/li>\n<li>Jo Mackenzie<\/li>\n<li>Isabel Cobos<\/li>\n<li><a href=\"http:\/\/www.optilens.ch\/de\/\" target=\"_blank\" rel=\"noopener noreferrer\">Raymond E. W\u00e4lti<\/a><\/li>\n<li>Sebastian Mircea<\/li>\n<li><a href=\"http:\/\/www.toolbox.ch\/\">Claudia and Ross Grant<\/a><\/li>\n<li><a href=\"http:\/\/www.camarillooptometryvsp.com\/\">Richard L. Anderson<\/a><\/li>\n<li><a href=\"http:\/\/www.eyeness.ch\/\">Michael Wyss<\/a><\/li>\n<li><a href=\"http:\/\/pro-sehen.de\/\">Danny K\u00f6hler<\/a><\/li>\n<li><a href=\"http:\/\/www.interoptik.no\/\" target=\"_blank\" rel=\"noopener noreferrer\">Erik Robertstad<\/a><\/li>\n<li><a href=\"http:\/\/hkos.hk\/\" target=\"_blank\" rel=\"noopener noreferrer\">Tony Chung<\/a><\/li>\n<li><a href=\"http:\/\/www.morimoto.co.uk\/\" target=\"_blank\" rel=\"noopener noreferrer\">Keiko Morimoto (Illustrations)<\/a><\/li>\n<\/ul>\n\t\t\t\t\t\t\t\t<\/div>\n\t\t\t\t<\/div>\n\t\t\t\t<div class=\"elementor-element elementor-element-a5eeee8 elementor-widget elementor-widget-text-editor\" data-id=\"a5eeee8\" data-element_type=\"widget\" data-e-type=\"widget\" data-widget_type=\"text-editor.default\">\n\t\t\t\t<div class=\"elementor-widget-container\">\n\t\t\t\t\t\t\t\t\t<p>La miop\u00eda Care es una herramienta de \u00absin fines de lucro\u00bb, pero da la bienvenida a las contribuciones voluntarias de los ciudadanos y las empresas.<\/p>\n\t\t\t\t\t\t\t\t<\/div>\n\t\t\t\t<\/div>\n\t\t\t\t<div class=\"elementor-element elementor-element-e111c19 elementor-widget elementor-widget-text-editor\" data-id=\"e111c19\" data-element_type=\"widget\" data-e-type=\"widget\" data-widget_type=\"text-editor.default\">\n\t\t\t\t<div class=\"elementor-widget-container\">\n\t\t\t\t\t\t\t\t\t<p>Y muchos m\u00e1s&#8230;<\/p>\n\t\t\t\t\t\t\t\t<\/div>\n\t\t\t\t<\/div>\n\t\t\t\t\t<\/div>\n\t\t<\/div>\n\t\t\t\t\t<\/div>\n\t\t<\/section>\n\t\t\t\t<\/div>\n\t\t","protected":false},"excerpt":{"rendered":"<p>S\u00f3lo gracias. por su apoyo y ayuda en este proyecto Estamos orgullosos de nuestro trabajo. &#8216;Limitar el alargamiento de la miop\u00eda&#8217; Un gran proyecto como \u00e9ste no puede darse cuenta de si sus parejas, amigos y familiares no ayudan y nos apoyan como lo hicieron. De esta manera, nos gustar\u00eda dar las gracias a todos [&hellip;]<\/p>\n","protected":false},"author":3,"featured_media":0,"parent":0,"menu_order":0,"comment_status":"closed","ping_status":"closed","template":"","meta":{"site-sidebar-layout":"default","site-content-layout":"default","ast-site-content-layout":"default","site-content-style":"default","site-sidebar-style":"default","ast-global-header-display":"","ast-banner-title-visibility":"","ast-main-header-display":"disabled","ast-hfb-above-header-display":"","ast-hfb-below-header-display":"","ast-hfb-mobile-header-display":"","site-post-title":"disabled","ast-breadcrumbs-content":"disabled","ast-featured-img":"","footer-sml-layout":"","ast-disable-related-posts":"","theme-transparent-header-meta":"default","adv-header-id-meta":"","stick-header-meta":"","header-above-stick-meta":"","header-main-stick-meta":"","header-below-stick-meta":"","astra-migrate-meta-layouts":"default","ast-page-background-enabled":"default","ast-page-background-meta":{"desktop":{"background-color":"","background-image":"","background-repeat":"repeat","background-position":"center center","background-size":"auto","background-attachment":"scroll","background-type":"","background-media":"","overlay-type":"","overlay-color":"","overlay-opacity":"","overlay-gradient":""},"tablet":{"background-color":"","background-image":"","background-repeat":"repeat","background-position":"center center","background-size":"auto","background-attachment":"scroll","background-type":"","background-media":"","overlay-type":"","overlay-color":"","overlay-opacity":"","overlay-gradient":""},"mobile":{"background-color":"","background-image":"","background-repeat":"repeat","background-position":"center center","background-size":"auto","background-attachment":"scroll","background-type":"","background-media":"","overlay-type":"","overlay-color":"","overlay-opacity":"","overlay-gradient":""}},"ast-content-background-meta":{"desktop":{"background-color":"var(--ast-global-color-5)","background-image":"","background-repeat":"repeat","background-position":"center center","background-size":"auto","background-attachment":"scroll","background-type":"","background-media":"","overlay-type":"","overlay-color":"","overlay-opacity":"","overlay-gradient":""},"tablet":{"background-color":"var(--ast-global-color-5)","background-image":"","background-repeat":"repeat","background-position":"center center","background-size":"auto","background-attachment":"scroll","background-type":"","background-media":"","overlay-type":"","overlay-color":"","overlay-opacity":"","overlay-gradient":""},"mobile":{"background-color":"var(--ast-global-color-5)","background-image":"","background-repeat":"repeat","background-position":"center center","background-size":"auto","background-attachment":"scroll","background-type":"","background-media":"","overlay-type":"","overlay-color":"","overlay-opacity":"","overlay-gradient":""}},"footnotes":""},"class_list":["post-2440","page","type-page","status-publish","hentry"],"yoast_head":"<!-- This site is optimized with the Yoast SEO plugin v27.4 - https:\/\/yoast.com\/product\/yoast-seo-wordpress\/ -->\n<title>Gracias. | myopia care<\/title>\n<meta name=\"robots\" content=\"index, follow, max-snippet:-1, max-image-preview:large, max-video-preview:-1\" \/>\n<link rel=\"canonical\" href=\"https:\/\/www.myopiacare.org\/es\/solo-gracias\/\" \/>\n<meta property=\"og:locale\" content=\"es_ES\" \/>\n<meta property=\"og:type\" content=\"article\" \/>\n<meta property=\"og:title\" content=\"Gracias. | myopia care\" \/>\n<meta property=\"og:description\" content=\"S\u00f3lo gracias. por su apoyo y ayuda en este proyecto Estamos orgullosos de nuestro trabajo. &#8216;Limitar el alargamiento de la miop\u00eda&#8217; Un gran proyecto como \u00e9ste no puede darse cuenta de si sus parejas, amigos y familiares no ayudan y nos apoyan como lo hicieron. De esta manera, nos gustar\u00eda dar las gracias a todos [&hellip;]\" \/>\n<meta property=\"og:url\" content=\"https:\/\/www.myopiacare.org\/es\/solo-gracias\/\" \/>\n<meta property=\"og:site_name\" content=\"myopia care\" \/>\n<meta property=\"article:publisher\" content=\"https:\/\/www.facebook.com\/myopia.care\/\" \/>\n<meta property=\"article:modified_time\" content=\"2020-04-17T05:56:24+00:00\" \/>\n<meta name=\"twitter:card\" content=\"summary_large_image\" \/>\n<meta name=\"twitter:label1\" content=\"Tiempo de lectura\" \/>\n\t<meta name=\"twitter:data1\" content=\"1 minuto\" \/>\n<script type=\"application\/ld+json\" class=\"yoast-schema-graph\">{\"@context\":\"https:\\\/\\\/schema.org\",\"@graph\":[{\"@type\":\"WebPage\",\"@id\":\"https:\\\/\\\/www.myopiacare.org\\\/es\\\/solo-gracias\\\/\",\"url\":\"https:\\\/\\\/www.myopiacare.org\\\/es\\\/solo-gracias\\\/\",\"name\":\"Gracias. | myopia care\",\"isPartOf\":{\"@id\":\"https:\\\/\\\/www.myopiacare.org\\\/#website\"},\"datePublished\":\"2020-04-16T15:55:06+00:00\",\"dateModified\":\"2020-04-17T05:56:24+00:00\",\"breadcrumb\":{\"@id\":\"https:\\\/\\\/www.myopiacare.org\\\/es\\\/solo-gracias\\\/#breadcrumb\"},\"inLanguage\":\"es\",\"potentialAction\":[{\"@type\":\"ReadAction\",\"target\":[\"https:\\\/\\\/www.myopiacare.org\\\/es\\\/solo-gracias\\\/\"]}]},{\"@type\":\"BreadcrumbList\",\"@id\":\"https:\\\/\\\/www.myopiacare.org\\\/es\\\/solo-gracias\\\/#breadcrumb\",\"itemListElement\":[{\"@type\":\"ListItem\",\"position\":1,\"name\":\"Home\",\"item\":\"https:\\\/\\\/www.myopiacare.org\\\/es\\\/\"},{\"@type\":\"ListItem\",\"position\":2,\"name\":\"Gracias.\"}]},{\"@type\":\"WebSite\",\"@id\":\"https:\\\/\\\/www.myopiacare.org\\\/#website\",\"url\":\"https:\\\/\\\/www.myopiacare.org\\\/\",\"name\":\"myopia care\",\"description\":\"Test your Predicted Level of Myopia (Short-sightedness)\",\"publisher\":{\"@id\":\"https:\\\/\\\/www.myopiacare.org\\\/#organization\"},\"potentialAction\":[{\"@type\":\"SearchAction\",\"target\":{\"@type\":\"EntryPoint\",\"urlTemplate\":\"https:\\\/\\\/www.myopiacare.org\\\/?s={search_term_string}\"},\"query-input\":{\"@type\":\"PropertyValueSpecification\",\"valueRequired\":true,\"valueName\":\"search_term_string\"}}],\"inLanguage\":\"es\"},{\"@type\":\"Organization\",\"@id\":\"https:\\\/\\\/www.myopiacare.org\\\/#organization\",\"name\":\"myopia.care\",\"url\":\"https:\\\/\\\/www.myopiacare.org\\\/\",\"logo\":{\"@type\":\"ImageObject\",\"inLanguage\":\"es\",\"@id\":\"https:\\\/\\\/www.myopiacare.org\\\/#\\\/schema\\\/logo\\\/image\\\/\",\"url\":\"https:\\\/\\\/www.myopiacare.org\\\/wp-content\\\/uploads\\\/2016\\\/10\\\/Myopia-Care-logo-picto-Large_clear.png\",\"contentUrl\":\"https:\\\/\\\/www.myopiacare.org\\\/wp-content\\\/uploads\\\/2016\\\/10\\\/Myopia-Care-logo-picto-Large_clear.png\",\"width\":1341,\"height\":180,\"caption\":\"myopia.care\"},\"image\":{\"@id\":\"https:\\\/\\\/www.myopiacare.org\\\/#\\\/schema\\\/logo\\\/image\\\/\"},\"sameAs\":[\"https:\\\/\\\/www.facebook.com\\\/myopia.care\\\/\"]}]}<\/script>\n<!-- \/ Yoast SEO plugin. -->","yoast_head_json":{"title":"Gracias. | myopia care","robots":{"index":"index","follow":"follow","max-snippet":"max-snippet:-1","max-image-preview":"max-image-preview:large","max-video-preview":"max-video-preview:-1"},"canonical":"https:\/\/www.myopiacare.org\/es\/solo-gracias\/","og_locale":"es_ES","og_type":"article","og_title":"Gracias. | myopia care","og_description":"S\u00f3lo gracias. por su apoyo y ayuda en este proyecto Estamos orgullosos de nuestro trabajo. &#8216;Limitar el alargamiento de la miop\u00eda&#8217; Un gran proyecto como \u00e9ste no puede darse cuenta de si sus parejas, amigos y familiares no ayudan y nos apoyan como lo hicieron. De esta manera, nos gustar\u00eda dar las gracias a todos [&hellip;]","og_url":"https:\/\/www.myopiacare.org\/es\/solo-gracias\/","og_site_name":"myopia care","article_publisher":"https:\/\/www.facebook.com\/myopia.care\/","article_modified_time":"2020-04-17T05:56:24+00:00","twitter_card":"summary_large_image","twitter_misc":{"Tiempo de lectura":"1 minuto"},"schema":{"@context":"https:\/\/schema.org","@graph":[{"@type":"WebPage","@id":"https:\/\/www.myopiacare.org\/es\/solo-gracias\/","url":"https:\/\/www.myopiacare.org\/es\/solo-gracias\/","name":"Gracias. | myopia care","isPartOf":{"@id":"https:\/\/www.myopiacare.org\/#website"},"datePublished":"2020-04-16T15:55:06+00:00","dateModified":"2020-04-17T05:56:24+00:00","breadcrumb":{"@id":"https:\/\/www.myopiacare.org\/es\/solo-gracias\/#breadcrumb"},"inLanguage":"es","potentialAction":[{"@type":"ReadAction","target":["https:\/\/www.myopiacare.org\/es\/solo-gracias\/"]}]},{"@type":"BreadcrumbList","@id":"https:\/\/www.myopiacare.org\/es\/solo-gracias\/#breadcrumb","itemListElement":[{"@type":"ListItem","position":1,"name":"Home","item":"https:\/\/www.myopiacare.org\/es\/"},{"@type":"ListItem","position":2,"name":"Gracias."}]},{"@type":"WebSite","@id":"https:\/\/www.myopiacare.org\/#website","url":"https:\/\/www.myopiacare.org\/","name":"myopia care","description":"Test your Predicted Level of Myopia (Short-sightedness)","publisher":{"@id":"https:\/\/www.myopiacare.org\/#organization"},"potentialAction":[{"@type":"SearchAction","target":{"@type":"EntryPoint","urlTemplate":"https:\/\/www.myopiacare.org\/?s={search_term_string}"},"query-input":{"@type":"PropertyValueSpecification","valueRequired":true,"valueName":"search_term_string"}}],"inLanguage":"es"},{"@type":"Organization","@id":"https:\/\/www.myopiacare.org\/#organization","name":"myopia.care","url":"https:\/\/www.myopiacare.org\/","logo":{"@type":"ImageObject","inLanguage":"es","@id":"https:\/\/www.myopiacare.org\/#\/schema\/logo\/image\/","url":"https:\/\/www.myopiacare.org\/wp-content\/uploads\/2016\/10\/Myopia-Care-logo-picto-Large_clear.png","contentUrl":"https:\/\/www.myopiacare.org\/wp-content\/uploads\/2016\/10\/Myopia-Care-logo-picto-Large_clear.png","width":1341,"height":180,"caption":"myopia.care"},"image":{"@id":"https:\/\/www.myopiacare.org\/#\/schema\/logo\/image\/"},"sameAs":["https:\/\/www.facebook.com\/myopia.care\/"]}]}},"_links":{"self":[{"href":"https:\/\/www.myopiacare.org\/es\/wp-json\/wp\/v2\/pages\/2440\/"}],"collection":[{"href":"https:\/\/www.myopiacare.org\/es\/wp-json\/wp\/v2\/pages\/"}],"about":[{"href":"https:\/\/www.myopiacare.org\/es\/wp-json\/wp\/v2\/types\/page\/"}],"author":[{"embeddable":true,"href":"https:\/\/www.myopiacare.org\/es\/wp-json\/wp\/v2\/users\/3\/"}],"replies":[{"embeddable":true,"href":"https:\/\/www.myopiacare.org\/es\/wp-json\/wp\/v2\/comments\/?post=2440"}],"version-history":[{"count":3,"href":"https:\/\/www.myopiacare.org\/es\/wp-json\/wp\/v2\/pages\/2440\/revisions\/"}],"predecessor-version":[{"id":2722,"href":"https:\/\/www.myopiacare.org\/es\/wp-json\/wp\/v2\/pages\/2440\/revisions\/2722\/"}],"wp:attachment":[{"href":"https:\/\/www.myopiacare.org\/es\/wp-json\/wp\/v2\/media\/?parent=2440"}],"curies":[{"name":"wp","href":"https:\/\/api.w.org\/{rel}","templated":true}]}}