{"id":2412,"date":"2020-04-16T17:35:28","date_gmt":"2020-04-16T15:35:28","guid":{"rendered":"https:\/\/www.myopiacare.org\/protection-des-donnees-2\/"},"modified":"2022-12-18T12:46:34","modified_gmt":"2022-12-18T11:46:34","slug":"protection-des-donnees","status":"publish","type":"page","link":"https:\/\/www.myopiacare.org\/fr\/protection-des-donnees\/","title":{"rendered":"Protection des donn\u00e9es"},"content":{"rendered":"\t\t<div data-elementor-type=\"wp-page\" data-elementor-id=\"2412\" class=\"elementor elementor-2412\" data-elementor-post-type=\"page\">\n\t\t\t\t\t\t<section class=\"elementor-section elementor-top-section elementor-element elementor-element-9946ab1 elementor-section-boxed elementor-section-height-default elementor-section-height-default\" data-id=\"9946ab1\" data-element_type=\"section\" data-e-type=\"section\">\n\t\t\t\t\t\t<div class=\"elementor-container elementor-column-gap-default\">\n\t\t\t\t\t<div class=\"elementor-column elementor-col-100 elementor-top-column elementor-element elementor-element-6ea802b\" data-id=\"6ea802b\" data-element_type=\"column\" data-e-type=\"column\">\n\t\t\t<div class=\"elementor-widget-wrap elementor-element-populated\">\n\t\t\t\t\t\t<div class=\"elementor-element elementor-element-f14cca0 elementor-widget elementor-widget-heading\" data-id=\"f14cca0\" data-element_type=\"widget\" data-e-type=\"widget\" data-widget_type=\"heading.default\">\n\t\t\t\t<div class=\"elementor-widget-container\">\n\t\t\t\t\t<h2 class=\"elementor-heading-title elementor-size-default\">Protection des donn\u00e9es<\/h2>\t\t\t\t<\/div>\n\t\t\t\t<\/div>\n\t\t\t\t<div class=\"elementor-element elementor-element-3e56cd4 elementor-widget elementor-widget-text-editor\" data-id=\"3e56cd4\" data-element_type=\"widget\" data-e-type=\"widget\" data-widget_type=\"text-editor.default\">\n\t\t\t\t<div class=\"elementor-widget-container\">\n\t\t\t\t\t\t\t\t\t<p>Merci d&rsquo;utiliser Myopia Care.<br \/>INFORMATIONS<\/p><p>Myopia Care n&rsquo;est int\u00e9ress\u00e9 que par les informations directement li\u00e9es au calcul et aux conseils associ\u00e9s au potentiel myopique des individus et uniquement par le contexte scientifique relatif au contr\u00f4le de la myopie. Ces informations seront utilis\u00e9es pour la pr\u00e9diction imm\u00e9diate de la myopie et pour la modification future du calculateur en tant qu&rsquo;outil interne. Toutes les informations seront anonymes et dissoci\u00e9es de tout nom donn\u00e9 et ne seront pas transmises \u00e0 des tiers. Nous n&rsquo;avons pas besoin de vos coordonn\u00e9es priv\u00e9es pour notre service.<\/p><p>Nous prenons votre vie priv\u00e9e tr\u00e8s au s\u00e9rieux et prot\u00e9geons vos donn\u00e9es autant que possible. Pour cela, nous avons proc\u00e9d\u00e9 \u00e0 quelques ajustements sp\u00e9ciaux dans la base de donn\u00e9es. L&rsquo;une des principales mesures de protection consiste \u00e0 diviser les bases de donn\u00e9es, l&rsquo;une contenant vos donn\u00e9es priv\u00e9es (date de naissance, sexe, groupe ethnique et pays), l&rsquo;autre contenant d&rsquo;autres donn\u00e9es issues du questionnaire et la troisi\u00e8me contenant l&rsquo;espace de travail professionnel. Gr\u00e2ce \u00e0 cette division, il n&rsquo;est pas possible, pour nous ou pour d&rsquo;autres organismes, de mettre vos donn\u00e9es priv\u00e9es en relation avec les donn\u00e9es fournies sans votre code de r\u00e9servation et les donn\u00e9es de connexion du professionnel. Cela signifie que seul le professionnel des soins oculaires peut relier les bases de donn\u00e9es dans son espace de travail.<\/p><p>L&rsquo;adresse e-mail fournie pour la transmission ne sera utilis\u00e9e que pour l&rsquo;envoi du code individuel et ne sera pas conserv\u00e9e par nous. L&rsquo;adresse \u00e9lectronique n&rsquo;est pas obligatoire pour le processus.<\/p><p>SUPPRESSION DES DONN\u00c9ES<\/p><p>Les donn\u00e9es du questionnaire sont automatiquement supprim\u00e9es chaque mois si elles n&rsquo;ont pas \u00e9t\u00e9 utilis\u00e9es\/import\u00e9es par un ophtalmologiste du c\u00f4t\u00e9 professionnel dans les 180 jours (six mois). Ou avant en envoyant un EMAIL au responsable de la confidentialit\u00e9.<\/p><p>1. L&rsquo;ophtalmologue peut \u00e0 tout moment supprimer compl\u00e8tement les donn\u00e9es du patient dans sa zone prot\u00e9g\u00e9e dans le menu \u00ab\u00a0Mes dossiers\u00a0\u00bb.<\/p><p>2. L&rsquo;ophtalmologue peut fermer compl\u00e8tement son acc\u00e8s et les donn\u00e9es \u00e0 tout moment dans son profil ou en utilisant ce LIEN.<\/p><p>3. L&rsquo;utilisateur peut supprimer ses donn\u00e9es du questionnaire public avec ce LIEN tant que le code n&rsquo;a pas \u00e9t\u00e9 import\u00e9 par un sp\u00e9cialiste. Le code est obligatoire pour proc\u00e9der \u00e0 ce processus.<\/p><p>Tous ces processus sont irr\u00e9versibles.<\/p><p>S\u00c9CURIT\u00c9 DE LA BASE DE DONN\u00c9ES<\/p><p>Pour prot\u00e9ger vos donn\u00e9es, nous avons choisi notre propre serveur bas\u00e9 \u00e0 www.hetzner.de\/ Allemagne. Celui-ci \u00e9tant l&rsquo;un des plus grands h\u00e9bergeurs et l&rsquo;une des bases de donn\u00e9es les plus s\u00fbres. La base de donn\u00e9es est enregistr\u00e9e sur le Buro f\u00e9d\u00e9ral suisse de protection des donn\u00e9es et de la transparence ED\u00d6B. Num\u00e9ro de registre 2016 00039.<\/p><p>Nous ne vendons jamais les coordonn\u00e9es et les adresses e-mail.<\/p><p>L&rsquo;ESSENTIEL<\/p><p>Nous allons commencer par vous donner quelques d\u00e9finitions qui devraient vous aider \u00e0 comprendre cette politique. Lorsque nous disons \u00a0\u00bb nous \u00ab\u00a0, \u00a0\u00bb nous \u00a0\u00bb et \u00a0\u00bb Myopia Care \u00ab\u00a0, nous faisons r\u00e9f\u00e9rence \u00e0 Myopia Care , Lausanne Suisse. Nous fournissons des plateformes en ligne que vous pouvez utiliser pour calculer le risque de myopie, vous recommander et recommander des produits ophtalmologiques (les \u00ab\u00a0Services\u00a0\u00bb). Lorsque nous disons \u00ab\u00a0vous\u00a0\u00bb, \u00ab\u00a0sp\u00e9cialiste de l&rsquo;\u0153il\u00a0\u00bb ou \u00ab\u00a0utilisateur\u00a0\u00bb, nous faisons r\u00e9f\u00e9rence \u00e0 la personne ou \u00e0 l&rsquo;entit\u00e9 qui a utilis\u00e9 ou s&rsquo;est enregistr\u00e9e aupr\u00e8s de nous pour utiliser les services. Nous pouvons combiner des informations g\u00e9n\u00e9rales vous concernant avec des informations fournies par d&rsquo;autres Utilisateurs ou des tiers pour cr\u00e9er des \u00a0\u00bb Informations agr\u00e9g\u00e9es \u00ab\u00a0, qui peuvent inclure, sans s&rsquo;y limiter, des informations d\u00e9mographiques et personnelles, des adresses IP et la localisation.<\/p><p>Lorsque nous parlons d&rsquo;informations personnelles ou priv\u00e9es, nous entendons votre nom et votre adresse \u00e9lectronique. Lorsque nous parlons d&rsquo;informations g\u00e9n\u00e9rales, nous entendons toutes les informations provenant du questionnaire et de l&rsquo;espace de travail des professionnels des soins oculaires (PSA). Ces deux types d&rsquo;informations (priv\u00e9es et g\u00e9n\u00e9rales) ne sont pas stock\u00e9es dans la m\u00eame base de donn\u00e9es.<br \/>Nous offrons les services sur nos sites web https:\/\/www.myopiacare.org, https:\/\/www.myopiacare.com et https:\/\/myopia.care (chacun \u00e9tant un \u00ab\u00a0site web\u00a0\u00bb et ensemble les \u00ab\u00a0sites web\u00a0\u00bb). En fournissant les services, nous pouvons recueillir des informations personnelles, c&rsquo;est-\u00e0-dire des informations sur un utilisateur ou un professionnel des soins oculaires.<\/p><p>Modifications<\/p><p>Si des modifications importantes sont apport\u00e9es \u00e0 la pr\u00e9sente politique de confidentialit\u00e9, nous les publierons sur le site Web (pour tous) et les enverrons \u00e0 la derni\u00e8re adresse \u00e9lectronique que vous nous avez communiqu\u00e9e (pour les professionnels de la vue). Toute modification entrera en vigueur \u00e0 la date de sa publication sur le site Web ou de son envoi par courrier \u00e9lectronique (la date la plus tardive \u00e9tant retenue). Si vous vous opposez aux modifications de notre politique de confidentialit\u00e9, nous devrons r\u00e9silier votre compte.<\/p><p>AVIS IMPORTANT CONCERNANT LES ENFANTS DE MOINS DE 13 ANS :<\/p><p>La pr\u00e9sente Politique de confidentialit\u00e9 s&rsquo;applique g\u00e9n\u00e9ralement aux utilisateurs de nos Services. Elle ne doit pas \u00eatre utilis\u00e9e par des enfants de moins de 13 ans (\u00ab\u00a0Enfant\u00a0\u00bb). Nous collecterons, utiliserons et partagerons les informations de l&rsquo;Enfant uniquement pour le besoin du service tel que d\u00e9crit dans la sous-section ci-dessous intitul\u00e9e \u00ab\u00a0Confidentialit\u00e9 des enfants\u00a0\u00bb.<\/p><p>R\u00e8gles en dehors de l&rsquo;UE ou de la Suisse<\/p><p>En cas de conflit entre les termes de la pr\u00e9sente politique de confidentialit\u00e9 et les principes du bouclier de protection de la vie priv\u00e9e des r\u00e8gles de l&rsquo;UE, les principes du bouclier de protection de la vie priv\u00e9e pr\u00e9vaudront. Pour en savoir plus sur le cadre du bouclier de protection de la vie priv\u00e9e, consultez la liste du bouclier de protection de la vie priv\u00e9e du minist\u00e8re du commerce des \u00c9tats-Unis : https:\/\/www.privacyshield.gov\/list.<\/p><p>VOS INFORMATIONS<\/p><p>Informations que vous nous fournissez : Lorsque vous utilisez les services, que vous consultez notre service personnalis\u00e9<\/p>\t\t\t\t\t\t\t\t<\/div>\n\t\t\t\t<\/div>\n\t\t\t\t\t<\/div>\n\t\t<\/div>\n\t\t\t\t\t<\/div>\n\t\t<\/section>\n\t\t\t\t<\/div>\n\t\t","protected":false},"excerpt":{"rendered":"<p>Protection des donn\u00e9es Merci d&rsquo;utiliser Myopia Care.INFORMATIONS Myopia Care n&rsquo;est int\u00e9ress\u00e9 que par les informations directement li\u00e9es au calcul et aux conseils associ\u00e9s au potentiel myopique des individus et uniquement par le contexte scientifique relatif au contr\u00f4le de la myopie. Ces informations seront utilis\u00e9es pour la pr\u00e9diction imm\u00e9diate de la myopie et pour la modification [&hellip;]<\/p>\n","protected":false},"author":3,"featured_media":0,"parent":0,"menu_order":0,"comment_status":"closed","ping_status":"closed","template":"","meta":{"site-sidebar-layout":"default","site-content-layout":"default","ast-site-content-layout":"default","site-content-style":"default","site-sidebar-style":"default","ast-global-header-display":"","ast-banner-title-visibility":"","ast-main-header-display":"disabled","ast-hfb-above-header-display":"","ast-hfb-below-header-display":"","ast-hfb-mobile-header-display":"","site-post-title":"disabled","ast-breadcrumbs-content":"disabled","ast-featured-img":"","footer-sml-layout":"","ast-disable-related-posts":"","theme-transparent-header-meta":"default","adv-header-id-meta":"","stick-header-meta":"","header-above-stick-meta":"","header-main-stick-meta":"","header-below-stick-meta":"","astra-migrate-meta-layouts":"default","ast-page-background-enabled":"default","ast-page-background-meta":{"desktop":{"background-color":"","background-image":"","background-repeat":"repeat","background-position":"center center","background-size":"auto","background-attachment":"scroll","background-type":"","background-media":"","overlay-type":"","overlay-color":"","overlay-opacity":"","overlay-gradient":""},"tablet":{"background-color":"","background-image":"","background-repeat":"repeat","background-position":"center center","background-size":"auto","background-attachment":"scroll","background-type":"","background-media":"","overlay-type":"","overlay-color":"","overlay-opacity":"","overlay-gradient":""},"mobile":{"background-color":"","background-image":"","background-repeat":"repeat","background-position":"center center","background-size":"auto","background-attachment":"scroll","background-type":"","background-media":"","overlay-type":"","overlay-color":"","overlay-opacity":"","overlay-gradient":""}},"ast-content-background-meta":{"desktop":{"background-color":"var(--ast-global-color-5)","background-image":"","background-repeat":"repeat","background-position":"center center","background-size":"auto","background-attachment":"scroll","background-type":"","background-media":"","overlay-type":"","overlay-color":"","overlay-opacity":"","overlay-gradient":""},"tablet":{"background-color":"var(--ast-global-color-5)","background-image":"","background-repeat":"repeat","background-position":"center center","background-size":"auto","background-attachment":"scroll","background-type":"","background-media":"","overlay-type":"","overlay-color":"","overlay-opacity":"","overlay-gradient":""},"mobile":{"background-color":"var(--ast-global-color-5)","background-image":"","background-repeat":"repeat","background-position":"center center","background-size":"auto","background-attachment":"scroll","background-type":"","background-media":"","overlay-type":"","overlay-color":"","overlay-opacity":"","overlay-gradient":""}},"footnotes":""},"class_list":["post-2412","page","type-page","status-publish","hentry"],"yoast_head":"<!-- This site is optimized with the Yoast SEO plugin v27.4 - https:\/\/yoast.com\/product\/yoast-seo-wordpress\/ -->\n<title>Protection des donn\u00e9es | myopia care<\/title>\n<meta name=\"robots\" content=\"index, follow, max-snippet:-1, max-image-preview:large, max-video-preview:-1\" \/>\n<link rel=\"canonical\" href=\"https:\/\/www.myopiacare.org\/fr\/protection-des-donnees\/\" \/>\n<meta property=\"og:locale\" content=\"fr_FR\" \/>\n<meta property=\"og:type\" content=\"article\" \/>\n<meta property=\"og:title\" content=\"Protection des donn\u00e9es | myopia care\" \/>\n<meta property=\"og:description\" content=\"Protection des donn\u00e9es Merci d&rsquo;utiliser Myopia Care.INFORMATIONS Myopia Care n&rsquo;est int\u00e9ress\u00e9 que par les informations directement li\u00e9es au calcul et aux conseils associ\u00e9s au potentiel myopique des individus et uniquement par le contexte scientifique relatif au contr\u00f4le de la myopie. Ces informations seront utilis\u00e9es pour la pr\u00e9diction imm\u00e9diate de la myopie et pour la modification [&hellip;]\" \/>\n<meta property=\"og:url\" content=\"https:\/\/www.myopiacare.org\/fr\/protection-des-donnees\/\" \/>\n<meta property=\"og:site_name\" content=\"myopia care\" \/>\n<meta property=\"article:publisher\" content=\"https:\/\/www.facebook.com\/myopia.care\/\" \/>\n<meta property=\"article:modified_time\" content=\"2022-12-18T11:46:34+00:00\" \/>\n<meta name=\"twitter:card\" content=\"summary_large_image\" \/>\n<meta name=\"twitter:label1\" content=\"Dur\u00e9e de lecture estim\u00e9e\" \/>\n\t<meta name=\"twitter:data1\" content=\"5 minutes\" \/>\n<script type=\"application\/ld+json\" class=\"yoast-schema-graph\">{\"@context\":\"https:\\\/\\\/schema.org\",\"@graph\":[{\"@type\":\"WebPage\",\"@id\":\"https:\\\/\\\/www.myopiacare.org\\\/fr\\\/protection-des-donnees\\\/\",\"url\":\"https:\\\/\\\/www.myopiacare.org\\\/fr\\\/protection-des-donnees\\\/\",\"name\":\"Protection des donn\u00e9es | myopia care\",\"isPartOf\":{\"@id\":\"https:\\\/\\\/www.myopiacare.org\\\/#website\"},\"datePublished\":\"2020-04-16T15:35:28+00:00\",\"dateModified\":\"2022-12-18T11:46:34+00:00\",\"breadcrumb\":{\"@id\":\"https:\\\/\\\/www.myopiacare.org\\\/fr\\\/protection-des-donnees\\\/#breadcrumb\"},\"inLanguage\":\"fr-FR\",\"potentialAction\":[{\"@type\":\"ReadAction\",\"target\":[\"https:\\\/\\\/www.myopiacare.org\\\/fr\\\/protection-des-donnees\\\/\"]}]},{\"@type\":\"BreadcrumbList\",\"@id\":\"https:\\\/\\\/www.myopiacare.org\\\/fr\\\/protection-des-donnees\\\/#breadcrumb\",\"itemListElement\":[{\"@type\":\"ListItem\",\"position\":1,\"name\":\"Home\",\"item\":\"https:\\\/\\\/www.myopiacare.org\\\/fr\\\/\"},{\"@type\":\"ListItem\",\"position\":2,\"name\":\"Protection des donn\u00e9es\"}]},{\"@type\":\"WebSite\",\"@id\":\"https:\\\/\\\/www.myopiacare.org\\\/#website\",\"url\":\"https:\\\/\\\/www.myopiacare.org\\\/\",\"name\":\"myopia care\",\"description\":\"Test your Predicted Level of Myopia (Short-sightedness)\",\"publisher\":{\"@id\":\"https:\\\/\\\/www.myopiacare.org\\\/#organization\"},\"potentialAction\":[{\"@type\":\"SearchAction\",\"target\":{\"@type\":\"EntryPoint\",\"urlTemplate\":\"https:\\\/\\\/www.myopiacare.org\\\/?s={search_term_string}\"},\"query-input\":{\"@type\":\"PropertyValueSpecification\",\"valueRequired\":true,\"valueName\":\"search_term_string\"}}],\"inLanguage\":\"fr-FR\"},{\"@type\":\"Organization\",\"@id\":\"https:\\\/\\\/www.myopiacare.org\\\/#organization\",\"name\":\"myopia.care\",\"url\":\"https:\\\/\\\/www.myopiacare.org\\\/\",\"logo\":{\"@type\":\"ImageObject\",\"inLanguage\":\"fr-FR\",\"@id\":\"https:\\\/\\\/www.myopiacare.org\\\/#\\\/schema\\\/logo\\\/image\\\/\",\"url\":\"https:\\\/\\\/www.myopiacare.org\\\/wp-content\\\/uploads\\\/2016\\\/10\\\/Myopia-Care-logo-picto-Large_clear.png\",\"contentUrl\":\"https:\\\/\\\/www.myopiacare.org\\\/wp-content\\\/uploads\\\/2016\\\/10\\\/Myopia-Care-logo-picto-Large_clear.png\",\"width\":1341,\"height\":180,\"caption\":\"myopia.care\"},\"image\":{\"@id\":\"https:\\\/\\\/www.myopiacare.org\\\/#\\\/schema\\\/logo\\\/image\\\/\"},\"sameAs\":[\"https:\\\/\\\/www.facebook.com\\\/myopia.care\\\/\"]}]}<\/script>\n<!-- \/ Yoast SEO plugin. -->","yoast_head_json":{"title":"Protection des donn\u00e9es | myopia care","robots":{"index":"index","follow":"follow","max-snippet":"max-snippet:-1","max-image-preview":"max-image-preview:large","max-video-preview":"max-video-preview:-1"},"canonical":"https:\/\/www.myopiacare.org\/fr\/protection-des-donnees\/","og_locale":"fr_FR","og_type":"article","og_title":"Protection des donn\u00e9es | myopia care","og_description":"Protection des donn\u00e9es Merci d&rsquo;utiliser Myopia Care.INFORMATIONS Myopia Care n&rsquo;est int\u00e9ress\u00e9 que par les informations directement li\u00e9es au calcul et aux conseils associ\u00e9s au potentiel myopique des individus et uniquement par le contexte scientifique relatif au contr\u00f4le de la myopie. Ces informations seront utilis\u00e9es pour la pr\u00e9diction imm\u00e9diate de la myopie et pour la modification [&hellip;]","og_url":"https:\/\/www.myopiacare.org\/fr\/protection-des-donnees\/","og_site_name":"myopia care","article_publisher":"https:\/\/www.facebook.com\/myopia.care\/","article_modified_time":"2022-12-18T11:46:34+00:00","twitter_card":"summary_large_image","twitter_misc":{"Dur\u00e9e de lecture estim\u00e9e":"5 minutes"},"schema":{"@context":"https:\/\/schema.org","@graph":[{"@type":"WebPage","@id":"https:\/\/www.myopiacare.org\/fr\/protection-des-donnees\/","url":"https:\/\/www.myopiacare.org\/fr\/protection-des-donnees\/","name":"Protection des donn\u00e9es | myopia care","isPartOf":{"@id":"https:\/\/www.myopiacare.org\/#website"},"datePublished":"2020-04-16T15:35:28+00:00","dateModified":"2022-12-18T11:46:34+00:00","breadcrumb":{"@id":"https:\/\/www.myopiacare.org\/fr\/protection-des-donnees\/#breadcrumb"},"inLanguage":"fr-FR","potentialAction":[{"@type":"ReadAction","target":["https:\/\/www.myopiacare.org\/fr\/protection-des-donnees\/"]}]},{"@type":"BreadcrumbList","@id":"https:\/\/www.myopiacare.org\/fr\/protection-des-donnees\/#breadcrumb","itemListElement":[{"@type":"ListItem","position":1,"name":"Home","item":"https:\/\/www.myopiacare.org\/fr\/"},{"@type":"ListItem","position":2,"name":"Protection des donn\u00e9es"}]},{"@type":"WebSite","@id":"https:\/\/www.myopiacare.org\/#website","url":"https:\/\/www.myopiacare.org\/","name":"myopia care","description":"Test your Predicted Level of Myopia (Short-sightedness)","publisher":{"@id":"https:\/\/www.myopiacare.org\/#organization"},"potentialAction":[{"@type":"SearchAction","target":{"@type":"EntryPoint","urlTemplate":"https:\/\/www.myopiacare.org\/?s={search_term_string}"},"query-input":{"@type":"PropertyValueSpecification","valueRequired":true,"valueName":"search_term_string"}}],"inLanguage":"fr-FR"},{"@type":"Organization","@id":"https:\/\/www.myopiacare.org\/#organization","name":"myopia.care","url":"https:\/\/www.myopiacare.org\/","logo":{"@type":"ImageObject","inLanguage":"fr-FR","@id":"https:\/\/www.myopiacare.org\/#\/schema\/logo\/image\/","url":"https:\/\/www.myopiacare.org\/wp-content\/uploads\/2016\/10\/Myopia-Care-logo-picto-Large_clear.png","contentUrl":"https:\/\/www.myopiacare.org\/wp-content\/uploads\/2016\/10\/Myopia-Care-logo-picto-Large_clear.png","width":1341,"height":180,"caption":"myopia.care"},"image":{"@id":"https:\/\/www.myopiacare.org\/#\/schema\/logo\/image\/"},"sameAs":["https:\/\/www.facebook.com\/myopia.care\/"]}]}},"_links":{"self":[{"href":"https:\/\/www.myopiacare.org\/fr\/wp-json\/wp\/v2\/pages\/2412\/"}],"collection":[{"href":"https:\/\/www.myopiacare.org\/fr\/wp-json\/wp\/v2\/pages\/"}],"about":[{"href":"https:\/\/www.myopiacare.org\/fr\/wp-json\/wp\/v2\/types\/page\/"}],"author":[{"embeddable":true,"href":"https:\/\/www.myopiacare.org\/fr\/wp-json\/wp\/v2\/users\/3\/"}],"replies":[{"embeddable":true,"href":"https:\/\/www.myopiacare.org\/fr\/wp-json\/wp\/v2\/comments\/?post=2412"}],"version-history":[{"count":5,"href":"https:\/\/www.myopiacare.org\/fr\/wp-json\/wp\/v2\/pages\/2412\/revisions\/"}],"predecessor-version":[{"id":3680,"href":"https:\/\/www.myopiacare.org\/fr\/wp-json\/wp\/v2\/pages\/2412\/revisions\/3680\/"}],"wp:attachment":[{"href":"https:\/\/www.myopiacare.org\/fr\/wp-json\/wp\/v2\/media\/?parent=2412"}],"curies":[{"name":"wp","href":"https:\/\/api.w.org\/{rel}","templated":true}]}}