{"id":369,"date":"2016-10-02T19:01:06","date_gmt":"2016-10-02T17:01:06","guid":{"rendered":"https:\/\/www.myopiacare.org\/fr\/disclaimer\/"},"modified":"2020-04-16T20:29:28","modified_gmt":"2020-04-16T18:29:28","slug":"non-responsabilite1","status":"publish","type":"page","link":"https:\/\/www.myopiacare.org\/fr\/non-responsabilite1\/","title":{"rendered":"Avis de non-responsabilit\u00e9"},"content":{"rendered":"<h5 style=\"text-align: right;\"><a href=\"https:\/\/www.myopiacare.org\/fr\/impressum1\/\">Impressum<\/a>\u00a0\/\u00a0<a href=\"https:\/\/www.myopiacare.org\/fr\/protection-des-donnees1\/\">Protection des donn\u00e9es<\/a>\u00a0\/\u00a0<a href=\"https:\/\/www.myopiacare.org\/fr\/termes-et-conditions\/\">Termes et conditions d&rsquo;utilisation <\/a><\/h5>\n<h1>Avis de non-responsabilit\u00e9<\/h1>\n<h4>Myopia.Care vous donne des informations sur la myopie.<\/h4>\n<div>Pour obtenir des conseils concernant le traitement de la myopie, vous devez toujours consulter un ophtalmologue ou un optom\u00e9triste qui sont les seuls \u00e0 pouvoir effectuer les tests n\u00e9cessaires et vous conseiller de fa\u00e7on ad\u00e9quate. Alors que nous faisons tous les efforts pour maintenir les informations du site \u00e0 jour, la recherche scientifique sur la myopie est permanente et nous ne pouvons garantir que les informations pr\u00e9sentes sur le site actuellement sont correctes ou le seront \u00e0 l&rsquo;avenir. Le contenu du site et ainsi que tous les \u00e9changes que vous avez avec nous sont purement informatifs et ne sont pas des conseils. Vous devez consulter un ophtalmologiste ou un m\u00e9decin si vous avez des pr\u00e9occupations au sujet de votre sant\u00e9 oculaire ou de votre sant\u00e9 en g\u00e9n\u00e9ral \u00e0 la suite de la lecture du contenu du site ou apr\u00e8s toute correspondance avec nous.<\/div>\n<hr \/>\n<h5><strong><em>Ce texte est une traduction \u00e9lectronique. Pour lire le texte original, s&rsquo;il vous pla\u00eet choisir l&rsquo;anglais<\/em><\/strong><\/h5>\n<h4>D\u00e9ni de responsabilit\u00e9 m\u00e9dicale<\/h4>\n<p><strong>1. Aucun conseil<\/strong><br \/>\n1.1 Myopie soins et Myopia.care est un portail d&rsquo;information pour le contr\u00f4le Myopie.<br \/>\n<strong>2. optique et de l&rsquo;information m\u00e9dicale<\/strong><br \/>\n2.1 Notre site Web contient des informations m\u00e9dicales optique et g\u00e9n\u00e9rale.<br \/>\n2.2 Les renseignements m\u00e9dicaux ne sont pas des conseils et ne doit pas \u00eatre trait\u00e9e comme telle.<br \/>\n<strong>3. Aucune garantie<\/strong><br \/>\n3.1 L&rsquo;information m\u00e9dicale sur notre site est fourni sans aucune repr\u00e9sentation ou garantie, explicite ou implicite.<br \/>\n3.2 Sans limiter la port\u00e9e de l&rsquo;article 3.1, nous ne garantit pas que les renseignements m\u00e9dicaux sur ce site:<br \/>\n(A) sera constamment disponible, ou disponible \u00e0 tous; ou<br \/>\n(B) est vraie, pr\u00e9cise, compl\u00e8te, actuelle ou non trompeuse.<br \/>\n<strong>4. Assistance m\u00e9dicale<\/strong><br \/>\n4.1 Il ne faut pas compter sur l&rsquo;information sur notre site Web comme une alternative \u00e0 un avis m\u00e9dical de votre m\u00e9decin ou un autre professionnel de la sant\u00e9 professionnelle.<br \/>\n4.2 Si vous avez des questions pr\u00e9cises sur toute question m\u00e9dicale, vous devriez consulter votre m\u00e9decin ou un autre professionnel de la sant\u00e9 professionnelle.<br \/>\n4.3 Si vous pensez que vous souffrez peut-\u00eatre de toute condition m\u00e9dicale, vous devriez consulter imm\u00e9diatement un m\u00e9decin.<br \/>\n4.4 Vous ne devez jamais tarder \u00e0 demander un avis m\u00e9dical, ne pas tenir compte des conseils m\u00e9dicaux ou d&rsquo;interrompre un traitement m\u00e9dical en raison de l&rsquo;information sur notre site Web.<br \/>\n<strong>5. Les fonctionnalit\u00e9s interactives<\/strong><br \/>\n5.1 Notre site comprend des fonctionnalit\u00e9s interactives qui permettent aux utilisateurs de communiquer avec nous.<br \/>\n5.2 Vous reconnaissez que, en raison de la nature limit\u00e9e de la communication gr\u00e2ce \u00e0 des fonctionnalit\u00e9s interactives de notre site, toute aide que vous pouvez recevoir en utilisant une de ces fonctions est susceptible d&rsquo;\u00eatre incompl\u00e8te et peut m\u00eame induire en erreur.<br \/>\n5.3 Toute aide que vous pouvez recevoir l&rsquo;aide de fonctions interactives de tout notre site Web ne constitue pas des conseils sp\u00e9cifiques et par cons\u00e9quent ne doit pas \u00eatre invoqu\u00e9e sans confirmation ind\u00e9pendante suppl\u00e9mentaire.<\/p>\n<h3>Avertissement g\u00e9n\u00e9ral<\/h3>\n<h4>Responsabilit\u00e9 pour le contenu<\/h4>\n<p>Le contenu de nos pages ont \u00e9t\u00e9 cr\u00e9\u00e9es avec le plus grand soin. Cependant, nous ne pouvons pas garantir l&rsquo;exactitude, l&rsquo;exhaustivit\u00e9 ou l&rsquo;actualit\u00e9 des contenus. Conform\u00e9ment aux dispositions l\u00e9gales, nous sommes en outre responsables de notre propre contenu sur ces pages web. Dans ce contexte, s&rsquo;il vous pla\u00eet noter que nous sommes donc pas oblig\u00e9s de suivre simplement les informations transmises ou enregistr\u00e9es de tiers, ou d&rsquo;enqu\u00eater sur les circonstances pointant vers des activit\u00e9s ill\u00e9gales. Nos obligations pour supprimer ou bloquer l&rsquo;utilisation de l&rsquo;information en vertu des lois applicables en g\u00e9n\u00e9ral ne sont pas affect\u00e9es par ce que par \u00a7\u00a7 8 \u00e0 10 de la Loi Telemedia (TMG).<\/p>\n<h4>Responsabilit\u00e9 pour les liens<\/h4>\n<p>La responsabilit\u00e9 du contenu des liens externes (vers des pages Web de tiers) se trouve uniquement avec les op\u00e9rateurs des pages li\u00e9es. Aucune infraction n&rsquo;a \u00e9t\u00e9 \u00e9vident pour nous au moment de la liaison. Si aucune infraction l\u00e9gale fait conna\u00eetre \u00e0 nous, nous allons supprimer le lien correspondant imm\u00e9diatement.<\/p>\n<h4>Droits d&rsquo;auteur<\/h4>\n<p>Nos pages et leur contenu sont soumis au droit d&rsquo;auteur suisse. Sauf si express\u00e9ment autoris\u00e9e par la loi (\u00a7 44a et suiv. De la loi sur le droit d&rsquo;auteur), toute forme d&rsquo;utilisation, la reproduction ou le traitement des travaux soumis \u00e0 la protection du droit d&rsquo;auteur sur nos pages Web n\u00e9cessite le consentement pr\u00e9alable du propri\u00e9taire respectif des droits. reproductions individuelles d&rsquo;une \u0153uvre ne sont autoris\u00e9es que pour un usage priv\u00e9, donc ne doivent pas servir directement ou indirectement pour les gains. l&rsquo;utilisation non autoris\u00e9e d&rsquo;\u0153uvres prot\u00e9g\u00e9es est punissable (\u00a7 106 de la loi du droit d&rsquo;auteur).<\/p>\n<p>&nbsp;<\/p>\n","protected":false},"excerpt":{"rendered":"<p>Impressum\u00a0\/\u00a0Protection des donn\u00e9es\u00a0\/\u00a0Termes et conditions d&rsquo;utilisation Avis de non-responsabilit\u00e9 Myopia.Care vous donne des informations sur la myopie. Pour obtenir des conseils concernant le traitement de la myopie, vous devez toujours consulter un ophtalmologue ou un optom\u00e9triste qui sont les seuls \u00e0 pouvoir effectuer les tests n\u00e9cessaires et vous conseiller de fa\u00e7on ad\u00e9quate. Alors que nous [&hellip;]<\/p>\n","protected":false},"author":1,"featured_media":0,"parent":0,"menu_order":0,"comment_status":"closed","ping_status":"closed","template":"","meta":{"site-sidebar-layout":"default","site-content-layout":"","ast-site-content-layout":"default","site-content-style":"default","site-sidebar-style":"default","ast-global-header-display":"","ast-banner-title-visibility":"","ast-main-header-display":"","ast-hfb-above-header-display":"","ast-hfb-below-header-display":"","ast-hfb-mobile-header-display":"","site-post-title":"","ast-breadcrumbs-content":"","ast-featured-img":"","footer-sml-layout":"","ast-disable-related-posts":"","theme-transparent-header-meta":"","adv-header-id-meta":"","stick-header-meta":"","header-above-stick-meta":"","header-main-stick-meta":"","header-below-stick-meta":"","astra-migrate-meta-layouts":"default","ast-page-background-enabled":"default","ast-page-background-meta":{"desktop":{"background-color":"","background-image":"","background-repeat":"repeat","background-position":"center center","background-size":"auto","background-attachment":"scroll","background-type":"","background-media":"","overlay-type":"","overlay-color":"","overlay-opacity":"","overlay-gradient":""},"tablet":{"background-color":"","background-image":"","background-repeat":"repeat","background-position":"center center","background-size":"auto","background-attachment":"scroll","background-type":"","background-media":"","overlay-type":"","overlay-color":"","overlay-opacity":"","overlay-gradient":""},"mobile":{"background-color":"","background-image":"","background-repeat":"repeat","background-position":"center center","background-size":"auto","background-attachment":"scroll","background-type":"","background-media":"","overlay-type":"","overlay-color":"","overlay-opacity":"","overlay-gradient":""}},"ast-content-background-meta":{"desktop":{"background-color":"var(--ast-global-color-5)","background-image":"","background-repeat":"repeat","background-position":"center center","background-size":"auto","background-attachment":"scroll","background-type":"","background-media":"","overlay-type":"","overlay-color":"","overlay-opacity":"","overlay-gradient":""},"tablet":{"background-color":"var(--ast-global-color-5)","background-image":"","background-repeat":"repeat","background-position":"center center","background-size":"auto","background-attachment":"scroll","background-type":"","background-media":"","overlay-type":"","overlay-color":"","overlay-opacity":"","overlay-gradient":""},"mobile":{"background-color":"var(--ast-global-color-5)","background-image":"","background-repeat":"repeat","background-position":"center center","background-size":"auto","background-attachment":"scroll","background-type":"","background-media":"","overlay-type":"","overlay-color":"","overlay-opacity":"","overlay-gradient":""}},"footnotes":""},"class_list":["post-369","page","type-page","status-publish","hentry"],"yoast_head":"<!-- This site is optimized with the Yoast SEO plugin v27.4 - https:\/\/yoast.com\/product\/yoast-seo-wordpress\/ -->\n<title>Avis de non-responsabilit\u00e9 | myopia care<\/title>\n<meta name=\"robots\" content=\"index, follow, max-snippet:-1, max-image-preview:large, max-video-preview:-1\" \/>\n<link rel=\"canonical\" href=\"https:\/\/www.myopiacare.org\/fr\/non-responsabilite1\/\" \/>\n<meta property=\"og:locale\" content=\"fr_FR\" \/>\n<meta property=\"og:type\" content=\"article\" \/>\n<meta property=\"og:title\" content=\"Avis de non-responsabilit\u00e9 | myopia care\" \/>\n<meta property=\"og:description\" content=\"Impressum\u00a0\/\u00a0Protection des donn\u00e9es\u00a0\/\u00a0Termes et conditions d&rsquo;utilisation Avis de non-responsabilit\u00e9 Myopia.Care vous donne des informations sur la myopie. Pour obtenir des conseils concernant le traitement de la myopie, vous devez toujours consulter un ophtalmologue ou un optom\u00e9triste qui sont les seuls \u00e0 pouvoir effectuer les tests n\u00e9cessaires et vous conseiller de fa\u00e7on ad\u00e9quate. Alors que nous [&hellip;]\" \/>\n<meta property=\"og:url\" content=\"https:\/\/www.myopiacare.org\/fr\/non-responsabilite1\/\" \/>\n<meta property=\"og:site_name\" content=\"myopia care\" \/>\n<meta property=\"article:publisher\" content=\"https:\/\/www.facebook.com\/myopia.care\/\" \/>\n<meta property=\"article:modified_time\" content=\"2020-04-16T18:29:28+00:00\" \/>\n<meta name=\"twitter:card\" content=\"summary_large_image\" \/>\n<meta name=\"twitter:label1\" content=\"Dur\u00e9e de lecture estim\u00e9e\" \/>\n\t<meta name=\"twitter:data1\" content=\"4 minutes\" \/>\n<script type=\"application\/ld+json\" class=\"yoast-schema-graph\">{\"@context\":\"https:\\\/\\\/schema.org\",\"@graph\":[{\"@type\":\"WebPage\",\"@id\":\"https:\\\/\\\/www.myopiacare.org\\\/fr\\\/non-responsabilite1\\\/\",\"url\":\"https:\\\/\\\/www.myopiacare.org\\\/fr\\\/non-responsabilite1\\\/\",\"name\":\"Avis de non-responsabilit\u00e9 | myopia care\",\"isPartOf\":{\"@id\":\"https:\\\/\\\/www.myopiacare.org\\\/#website\"},\"datePublished\":\"2016-10-02T17:01:06+00:00\",\"dateModified\":\"2020-04-16T18:29:28+00:00\",\"breadcrumb\":{\"@id\":\"https:\\\/\\\/www.myopiacare.org\\\/fr\\\/non-responsabilite1\\\/#breadcrumb\"},\"inLanguage\":\"fr-FR\",\"potentialAction\":[{\"@type\":\"ReadAction\",\"target\":[\"https:\\\/\\\/www.myopiacare.org\\\/fr\\\/non-responsabilite1\\\/\"]}]},{\"@type\":\"BreadcrumbList\",\"@id\":\"https:\\\/\\\/www.myopiacare.org\\\/fr\\\/non-responsabilite1\\\/#breadcrumb\",\"itemListElement\":[{\"@type\":\"ListItem\",\"position\":1,\"name\":\"Home\",\"item\":\"https:\\\/\\\/www.myopiacare.org\\\/fr\\\/\"},{\"@type\":\"ListItem\",\"position\":2,\"name\":\"Avis de non-responsabilit\u00e9\"}]},{\"@type\":\"WebSite\",\"@id\":\"https:\\\/\\\/www.myopiacare.org\\\/#website\",\"url\":\"https:\\\/\\\/www.myopiacare.org\\\/\",\"name\":\"myopia care\",\"description\":\"Test your Predicted Level of Myopia (Short-sightedness)\",\"publisher\":{\"@id\":\"https:\\\/\\\/www.myopiacare.org\\\/#organization\"},\"potentialAction\":[{\"@type\":\"SearchAction\",\"target\":{\"@type\":\"EntryPoint\",\"urlTemplate\":\"https:\\\/\\\/www.myopiacare.org\\\/?s={search_term_string}\"},\"query-input\":{\"@type\":\"PropertyValueSpecification\",\"valueRequired\":true,\"valueName\":\"search_term_string\"}}],\"inLanguage\":\"fr-FR\"},{\"@type\":\"Organization\",\"@id\":\"https:\\\/\\\/www.myopiacare.org\\\/#organization\",\"name\":\"myopia.care\",\"url\":\"https:\\\/\\\/www.myopiacare.org\\\/\",\"logo\":{\"@type\":\"ImageObject\",\"inLanguage\":\"fr-FR\",\"@id\":\"https:\\\/\\\/www.myopiacare.org\\\/#\\\/schema\\\/logo\\\/image\\\/\",\"url\":\"https:\\\/\\\/www.myopiacare.org\\\/wp-content\\\/uploads\\\/2016\\\/10\\\/Myopia-Care-logo-picto-Large_clear.png\",\"contentUrl\":\"https:\\\/\\\/www.myopiacare.org\\\/wp-content\\\/uploads\\\/2016\\\/10\\\/Myopia-Care-logo-picto-Large_clear.png\",\"width\":1341,\"height\":180,\"caption\":\"myopia.care\"},\"image\":{\"@id\":\"https:\\\/\\\/www.myopiacare.org\\\/#\\\/schema\\\/logo\\\/image\\\/\"},\"sameAs\":[\"https:\\\/\\\/www.facebook.com\\\/myopia.care\\\/\"]}]}<\/script>\n<!-- \/ Yoast SEO plugin. -->","yoast_head_json":{"title":"Avis de non-responsabilit\u00e9 | myopia care","robots":{"index":"index","follow":"follow","max-snippet":"max-snippet:-1","max-image-preview":"max-image-preview:large","max-video-preview":"max-video-preview:-1"},"canonical":"https:\/\/www.myopiacare.org\/fr\/non-responsabilite1\/","og_locale":"fr_FR","og_type":"article","og_title":"Avis de non-responsabilit\u00e9 | myopia care","og_description":"Impressum\u00a0\/\u00a0Protection des donn\u00e9es\u00a0\/\u00a0Termes et conditions d&rsquo;utilisation Avis de non-responsabilit\u00e9 Myopia.Care vous donne des informations sur la myopie. Pour obtenir des conseils concernant le traitement de la myopie, vous devez toujours consulter un ophtalmologue ou un optom\u00e9triste qui sont les seuls \u00e0 pouvoir effectuer les tests n\u00e9cessaires et vous conseiller de fa\u00e7on ad\u00e9quate. Alors que nous [&hellip;]","og_url":"https:\/\/www.myopiacare.org\/fr\/non-responsabilite1\/","og_site_name":"myopia care","article_publisher":"https:\/\/www.facebook.com\/myopia.care\/","article_modified_time":"2020-04-16T18:29:28+00:00","twitter_card":"summary_large_image","twitter_misc":{"Dur\u00e9e de lecture estim\u00e9e":"4 minutes"},"schema":{"@context":"https:\/\/schema.org","@graph":[{"@type":"WebPage","@id":"https:\/\/www.myopiacare.org\/fr\/non-responsabilite1\/","url":"https:\/\/www.myopiacare.org\/fr\/non-responsabilite1\/","name":"Avis de non-responsabilit\u00e9 | myopia care","isPartOf":{"@id":"https:\/\/www.myopiacare.org\/#website"},"datePublished":"2016-10-02T17:01:06+00:00","dateModified":"2020-04-16T18:29:28+00:00","breadcrumb":{"@id":"https:\/\/www.myopiacare.org\/fr\/non-responsabilite1\/#breadcrumb"},"inLanguage":"fr-FR","potentialAction":[{"@type":"ReadAction","target":["https:\/\/www.myopiacare.org\/fr\/non-responsabilite1\/"]}]},{"@type":"BreadcrumbList","@id":"https:\/\/www.myopiacare.org\/fr\/non-responsabilite1\/#breadcrumb","itemListElement":[{"@type":"ListItem","position":1,"name":"Home","item":"https:\/\/www.myopiacare.org\/fr\/"},{"@type":"ListItem","position":2,"name":"Avis de non-responsabilit\u00e9"}]},{"@type":"WebSite","@id":"https:\/\/www.myopiacare.org\/#website","url":"https:\/\/www.myopiacare.org\/","name":"myopia care","description":"Test your Predicted Level of Myopia (Short-sightedness)","publisher":{"@id":"https:\/\/www.myopiacare.org\/#organization"},"potentialAction":[{"@type":"SearchAction","target":{"@type":"EntryPoint","urlTemplate":"https:\/\/www.myopiacare.org\/?s={search_term_string}"},"query-input":{"@type":"PropertyValueSpecification","valueRequired":true,"valueName":"search_term_string"}}],"inLanguage":"fr-FR"},{"@type":"Organization","@id":"https:\/\/www.myopiacare.org\/#organization","name":"myopia.care","url":"https:\/\/www.myopiacare.org\/","logo":{"@type":"ImageObject","inLanguage":"fr-FR","@id":"https:\/\/www.myopiacare.org\/#\/schema\/logo\/image\/","url":"https:\/\/www.myopiacare.org\/wp-content\/uploads\/2016\/10\/Myopia-Care-logo-picto-Large_clear.png","contentUrl":"https:\/\/www.myopiacare.org\/wp-content\/uploads\/2016\/10\/Myopia-Care-logo-picto-Large_clear.png","width":1341,"height":180,"caption":"myopia.care"},"image":{"@id":"https:\/\/www.myopiacare.org\/#\/schema\/logo\/image\/"},"sameAs":["https:\/\/www.facebook.com\/myopia.care\/"]}]}},"_links":{"self":[{"href":"https:\/\/www.myopiacare.org\/fr\/wp-json\/wp\/v2\/pages\/369\/"}],"collection":[{"href":"https:\/\/www.myopiacare.org\/fr\/wp-json\/wp\/v2\/pages\/"}],"about":[{"href":"https:\/\/www.myopiacare.org\/fr\/wp-json\/wp\/v2\/types\/page\/"}],"author":[{"embeddable":true,"href":"https:\/\/www.myopiacare.org\/fr\/wp-json\/wp\/v2\/users\/1\/"}],"replies":[{"embeddable":true,"href":"https:\/\/www.myopiacare.org\/fr\/wp-json\/wp\/v2\/comments\/?post=369"}],"version-history":[{"count":1,"href":"https:\/\/www.myopiacare.org\/fr\/wp-json\/wp\/v2\/pages\/369\/revisions\/"}],"predecessor-version":[{"id":2587,"href":"https:\/\/www.myopiacare.org\/fr\/wp-json\/wp\/v2\/pages\/369\/revisions\/2587\/"}],"wp:attachment":[{"href":"https:\/\/www.myopiacare.org\/fr\/wp-json\/wp\/v2\/media\/?parent=369"}],"curies":[{"name":"wp","href":"https:\/\/api.w.org\/{rel}","templated":true}]}}