{"id":372,"date":"2016-10-02T18:49:30","date_gmt":"2016-10-02T16:49:30","guid":{"rendered":"https:\/\/www.myopiacare.org\/fr\/impressum\/"},"modified":"2020-04-16T20:29:49","modified_gmt":"2020-04-16T18:29:49","slug":"impressum1","status":"publish","type":"page","link":"https:\/\/www.myopiacare.org\/fr\/impressum1\/","title":{"rendered":"Impressum"},"content":{"rendered":"<div id=\"pl-372\"  class=\"panel-layout\" >\n<div id=\"pg-372-0\"  class=\"panel-grid panel-no-style\" >\n<div id=\"pgc-372-0-0\"  class=\"panel-grid-cell\"  data-weight=\"1\" >\n<div id=\"panel-372-0-0-0\" class=\"so-panel widget widget_sow-editor panel-first-child panel-last-child\" data-index=\"0\" data-style=\"{&quot;background_image_attachment&quot;:false,&quot;background_display&quot;:&quot;tile&quot;,&quot;animation_offset&quot;:&quot;10&quot;,&quot;animation_iteration&quot;:&quot;1&quot;,&quot;kt_animation_duration&quot;:&quot;default&quot;,&quot;kt_animation_delay&quot;:&quot;default&quot;,&quot;iw-visible-screen&quot;:&quot;iw-all&quot;,&quot;iw-visible-layout&quot;:&quot;iw-all&quot;}\" >\n<div class=\"so-widget-sow-editor so-widget-sow-editor-base\">\n<div class=\"siteorigin-widget-tinymce textwidget\">\n<h5 style=\"text-align: right;\"><a href=\"https:\/\/www.myopiacare.org\/fr\/protection-des-donnees1\/\">Protection des donn\u00e9es<\/a>\u00a0\/\u00a0<a href=\"https:\/\/www.myopiacare.org\/fr\/termes-et-conditions\/\">Termes et conditions d&rsquo;utilisation<\/a>\u00a0\/\u00a0<a href=\"https:\/\/www.myopiacare.org\/fr\/non-responsabilite1\/\">Avis de non-responsabilit\u00e9<\/a><\/h5>\n<hr \/>\n<h5>Ce texte est une traduction \u00e9lectronique. Pour lire le texte original, s&rsquo;il vous pla\u00eet choisir l&rsquo;anglais<\/h5>\n<h2>D\u00e9claration l\u00e9gale<\/h2>\n<p>Eyetific<\/p>\n<p>ch. du Parc de Valency 1<br \/>\n1004 Lausanne<\/p>\n<p>Private company CH-550.1.163.122-8<\/p>\n<p>VAT: CHE-161.940.677<\/p>\n<h4>Administered by<\/h4>\n<p>Sigrid Blaser<\/p>\n<h4>Developed and Founded by<\/h4>\n<p>Pascal Blaser<\/p>\n<h4>Contact<\/h4>\n<p>T\u00e9l\u00e9phone: +41 (0) 76 423 31 41<br \/>\nE-Mail: info at myopiacare.com<br \/>\nInternetadresse: <a href=\"http:\/\/www.myopiacare.org\">www.myopiacare.org<\/a><\/p>\n<h4>Autorit\u00e9 de r\u00e9gulation<\/h4>\n<p>Eidgen\u00f6ssischer Datenschutz- und \u00d6ffentlichkeitsbeauftragter (DSE)<\/p>\n<p>Inscrivez le num\u00e9ro 2016 00039<\/p>\n<p>Professions r\u00e9glement\u00e9es \/ Professions ind\u00e9pendantes<\/p>\n<p>Titre du poste (des professions r\u00e9glement\u00e9es):\u00a0Ophtalmologue, Optom\u00e9triste<\/p>\n<h4>Indication de la source pour les images et les graphiques<\/h4>\n<p>https:\/\/unsplash.com\/<br \/>\nhttps:\/\/pixabay.com\/<br \/>\nhttps:\/\/fotolia.com\/<\/p>\n<p>www.wikipedia.de<\/p>\n<p>www.allaboutvision.com<\/p>\n<p>si une image ou un graphique ne sont pas utilis\u00e9s l\u00e9galement, S&rsquo;il vous pla\u00eet <a href=\"https:\/\/www.myopiacare.org\/fr\/contact1\/\">contactez-nous<\/a>. Nous allons r\u00e9soudre le plus vite possible.<\/p>\n<\/div>\n<\/div>\n<\/div>\n<\/div>\n<\/div>\n<\/div>\n","protected":false},"excerpt":{"rendered":"<p>Protection des donn\u00e9es\u00a0\/\u00a0Termes et conditions d&rsquo;utilisation\u00a0\/\u00a0Avis de non-responsabilit\u00e9 Ce texte est une traduction \u00e9lectronique. Pour lire le texte original, s&rsquo;il vous pla\u00eet choisir l&rsquo;anglais D\u00e9claration l\u00e9gale Eyetific ch. du Parc de Valency 1 1004 Lausanne Private company CH-550.1.163.122-8 VAT: CHE-161.940.677 Administered by Sigrid Blaser Developed and Founded by Pascal Blaser Contact T\u00e9l\u00e9phone: +41 (0) 76 [&hellip;]<\/p>\n","protected":false},"author":1,"featured_media":0,"parent":0,"menu_order":0,"comment_status":"closed","ping_status":"closed","template":"","meta":{"site-sidebar-layout":"default","site-content-layout":"","ast-site-content-layout":"default","site-content-style":"default","site-sidebar-style":"default","ast-global-header-display":"","ast-banner-title-visibility":"","ast-main-header-display":"","ast-hfb-above-header-display":"","ast-hfb-below-header-display":"","ast-hfb-mobile-header-display":"","site-post-title":"","ast-breadcrumbs-content":"","ast-featured-img":"","footer-sml-layout":"","ast-disable-related-posts":"","theme-transparent-header-meta":"","adv-header-id-meta":"","stick-header-meta":"","header-above-stick-meta":"","header-main-stick-meta":"","header-below-stick-meta":"","astra-migrate-meta-layouts":"default","ast-page-background-enabled":"default","ast-page-background-meta":{"desktop":{"background-color":"","background-image":"","background-repeat":"repeat","background-position":"center center","background-size":"auto","background-attachment":"scroll","background-type":"","background-media":"","overlay-type":"","overlay-color":"","overlay-opacity":"","overlay-gradient":""},"tablet":{"background-color":"","background-image":"","background-repeat":"repeat","background-position":"center center","background-size":"auto","background-attachment":"scroll","background-type":"","background-media":"","overlay-type":"","overlay-color":"","overlay-opacity":"","overlay-gradient":""},"mobile":{"background-color":"","background-image":"","background-repeat":"repeat","background-position":"center center","background-size":"auto","background-attachment":"scroll","background-type":"","background-media":"","overlay-type":"","overlay-color":"","overlay-opacity":"","overlay-gradient":""}},"ast-content-background-meta":{"desktop":{"background-color":"var(--ast-global-color-5)","background-image":"","background-repeat":"repeat","background-position":"center center","background-size":"auto","background-attachment":"scroll","background-type":"","background-media":"","overlay-type":"","overlay-color":"","overlay-opacity":"","overlay-gradient":""},"tablet":{"background-color":"var(--ast-global-color-5)","background-image":"","background-repeat":"repeat","background-position":"center center","background-size":"auto","background-attachment":"scroll","background-type":"","background-media":"","overlay-type":"","overlay-color":"","overlay-opacity":"","overlay-gradient":""},"mobile":{"background-color":"var(--ast-global-color-5)","background-image":"","background-repeat":"repeat","background-position":"center center","background-size":"auto","background-attachment":"scroll","background-type":"","background-media":"","overlay-type":"","overlay-color":"","overlay-opacity":"","overlay-gradient":""}},"footnotes":""},"class_list":["post-372","page","type-page","status-publish","hentry"],"yoast_head":"<!-- This site is optimized with the Yoast SEO plugin v27.4 - https:\/\/yoast.com\/product\/yoast-seo-wordpress\/ -->\n<title>Impressum | myopia care<\/title>\n<meta name=\"robots\" content=\"index, follow, max-snippet:-1, max-image-preview:large, max-video-preview:-1\" \/>\n<link rel=\"canonical\" href=\"https:\/\/www.myopiacare.org\/fr\/impressum1\/\" \/>\n<meta property=\"og:locale\" content=\"fr_FR\" \/>\n<meta property=\"og:type\" content=\"article\" \/>\n<meta property=\"og:title\" content=\"Impressum | myopia care\" \/>\n<meta property=\"og:description\" content=\"Protection des donn\u00e9es\u00a0\/\u00a0Termes et conditions d&rsquo;utilisation\u00a0\/\u00a0Avis de non-responsabilit\u00e9 Ce texte est une traduction \u00e9lectronique. Pour lire le texte original, s&rsquo;il vous pla\u00eet choisir l&rsquo;anglais D\u00e9claration l\u00e9gale Eyetific ch. du Parc de Valency 1 1004 Lausanne Private company CH-550.1.163.122-8 VAT: CHE-161.940.677 Administered by Sigrid Blaser Developed and Founded by Pascal Blaser Contact T\u00e9l\u00e9phone: +41 (0) 76 [&hellip;]\" \/>\n<meta property=\"og:url\" content=\"https:\/\/www.myopiacare.org\/fr\/impressum1\/\" \/>\n<meta property=\"og:site_name\" content=\"myopia care\" \/>\n<meta property=\"article:publisher\" content=\"https:\/\/www.facebook.com\/myopia.care\/\" \/>\n<meta property=\"article:modified_time\" content=\"2020-04-16T18:29:49+00:00\" \/>\n<meta name=\"twitter:card\" content=\"summary_large_image\" \/>\n<meta name=\"twitter:label1\" content=\"Dur\u00e9e de lecture estim\u00e9e\" \/>\n\t<meta name=\"twitter:data1\" content=\"1 minute\" \/>\n<script type=\"application\/ld+json\" class=\"yoast-schema-graph\">{\"@context\":\"https:\\\/\\\/schema.org\",\"@graph\":[{\"@type\":\"WebPage\",\"@id\":\"https:\\\/\\\/www.myopiacare.org\\\/fr\\\/impressum1\\\/\",\"url\":\"https:\\\/\\\/www.myopiacare.org\\\/fr\\\/impressum1\\\/\",\"name\":\"Impressum | myopia care\",\"isPartOf\":{\"@id\":\"https:\\\/\\\/www.myopiacare.org\\\/#website\"},\"datePublished\":\"2016-10-02T16:49:30+00:00\",\"dateModified\":\"2020-04-16T18:29:49+00:00\",\"breadcrumb\":{\"@id\":\"https:\\\/\\\/www.myopiacare.org\\\/fr\\\/impressum1\\\/#breadcrumb\"},\"inLanguage\":\"fr-FR\",\"potentialAction\":[{\"@type\":\"ReadAction\",\"target\":[\"https:\\\/\\\/www.myopiacare.org\\\/fr\\\/impressum1\\\/\"]}]},{\"@type\":\"BreadcrumbList\",\"@id\":\"https:\\\/\\\/www.myopiacare.org\\\/fr\\\/impressum1\\\/#breadcrumb\",\"itemListElement\":[{\"@type\":\"ListItem\",\"position\":1,\"name\":\"Home\",\"item\":\"https:\\\/\\\/www.myopiacare.org\\\/fr\\\/\"},{\"@type\":\"ListItem\",\"position\":2,\"name\":\"Impressum\"}]},{\"@type\":\"WebSite\",\"@id\":\"https:\\\/\\\/www.myopiacare.org\\\/#website\",\"url\":\"https:\\\/\\\/www.myopiacare.org\\\/\",\"name\":\"myopia care\",\"description\":\"Test your Predicted Level of Myopia (Short-sightedness)\",\"publisher\":{\"@id\":\"https:\\\/\\\/www.myopiacare.org\\\/#organization\"},\"potentialAction\":[{\"@type\":\"SearchAction\",\"target\":{\"@type\":\"EntryPoint\",\"urlTemplate\":\"https:\\\/\\\/www.myopiacare.org\\\/?s={search_term_string}\"},\"query-input\":{\"@type\":\"PropertyValueSpecification\",\"valueRequired\":true,\"valueName\":\"search_term_string\"}}],\"inLanguage\":\"fr-FR\"},{\"@type\":\"Organization\",\"@id\":\"https:\\\/\\\/www.myopiacare.org\\\/#organization\",\"name\":\"myopia.care\",\"url\":\"https:\\\/\\\/www.myopiacare.org\\\/\",\"logo\":{\"@type\":\"ImageObject\",\"inLanguage\":\"fr-FR\",\"@id\":\"https:\\\/\\\/www.myopiacare.org\\\/#\\\/schema\\\/logo\\\/image\\\/\",\"url\":\"https:\\\/\\\/www.myopiacare.org\\\/wp-content\\\/uploads\\\/2016\\\/10\\\/Myopia-Care-logo-picto-Large_clear.png\",\"contentUrl\":\"https:\\\/\\\/www.myopiacare.org\\\/wp-content\\\/uploads\\\/2016\\\/10\\\/Myopia-Care-logo-picto-Large_clear.png\",\"width\":1341,\"height\":180,\"caption\":\"myopia.care\"},\"image\":{\"@id\":\"https:\\\/\\\/www.myopiacare.org\\\/#\\\/schema\\\/logo\\\/image\\\/\"},\"sameAs\":[\"https:\\\/\\\/www.facebook.com\\\/myopia.care\\\/\"]}]}<\/script>\n<!-- \/ Yoast SEO plugin. -->","yoast_head_json":{"title":"Impressum | myopia care","robots":{"index":"index","follow":"follow","max-snippet":"max-snippet:-1","max-image-preview":"max-image-preview:large","max-video-preview":"max-video-preview:-1"},"canonical":"https:\/\/www.myopiacare.org\/fr\/impressum1\/","og_locale":"fr_FR","og_type":"article","og_title":"Impressum | myopia care","og_description":"Protection des donn\u00e9es\u00a0\/\u00a0Termes et conditions d&rsquo;utilisation\u00a0\/\u00a0Avis de non-responsabilit\u00e9 Ce texte est une traduction \u00e9lectronique. Pour lire le texte original, s&rsquo;il vous pla\u00eet choisir l&rsquo;anglais D\u00e9claration l\u00e9gale Eyetific ch. du Parc de Valency 1 1004 Lausanne Private company CH-550.1.163.122-8 VAT: CHE-161.940.677 Administered by Sigrid Blaser Developed and Founded by Pascal Blaser Contact T\u00e9l\u00e9phone: +41 (0) 76 [&hellip;]","og_url":"https:\/\/www.myopiacare.org\/fr\/impressum1\/","og_site_name":"myopia care","article_publisher":"https:\/\/www.facebook.com\/myopia.care\/","article_modified_time":"2020-04-16T18:29:49+00:00","twitter_card":"summary_large_image","twitter_misc":{"Dur\u00e9e de lecture estim\u00e9e":"1 minute"},"schema":{"@context":"https:\/\/schema.org","@graph":[{"@type":"WebPage","@id":"https:\/\/www.myopiacare.org\/fr\/impressum1\/","url":"https:\/\/www.myopiacare.org\/fr\/impressum1\/","name":"Impressum | myopia care","isPartOf":{"@id":"https:\/\/www.myopiacare.org\/#website"},"datePublished":"2016-10-02T16:49:30+00:00","dateModified":"2020-04-16T18:29:49+00:00","breadcrumb":{"@id":"https:\/\/www.myopiacare.org\/fr\/impressum1\/#breadcrumb"},"inLanguage":"fr-FR","potentialAction":[{"@type":"ReadAction","target":["https:\/\/www.myopiacare.org\/fr\/impressum1\/"]}]},{"@type":"BreadcrumbList","@id":"https:\/\/www.myopiacare.org\/fr\/impressum1\/#breadcrumb","itemListElement":[{"@type":"ListItem","position":1,"name":"Home","item":"https:\/\/www.myopiacare.org\/fr\/"},{"@type":"ListItem","position":2,"name":"Impressum"}]},{"@type":"WebSite","@id":"https:\/\/www.myopiacare.org\/#website","url":"https:\/\/www.myopiacare.org\/","name":"myopia care","description":"Test your Predicted Level of Myopia (Short-sightedness)","publisher":{"@id":"https:\/\/www.myopiacare.org\/#organization"},"potentialAction":[{"@type":"SearchAction","target":{"@type":"EntryPoint","urlTemplate":"https:\/\/www.myopiacare.org\/?s={search_term_string}"},"query-input":{"@type":"PropertyValueSpecification","valueRequired":true,"valueName":"search_term_string"}}],"inLanguage":"fr-FR"},{"@type":"Organization","@id":"https:\/\/www.myopiacare.org\/#organization","name":"myopia.care","url":"https:\/\/www.myopiacare.org\/","logo":{"@type":"ImageObject","inLanguage":"fr-FR","@id":"https:\/\/www.myopiacare.org\/#\/schema\/logo\/image\/","url":"https:\/\/www.myopiacare.org\/wp-content\/uploads\/2016\/10\/Myopia-Care-logo-picto-Large_clear.png","contentUrl":"https:\/\/www.myopiacare.org\/wp-content\/uploads\/2016\/10\/Myopia-Care-logo-picto-Large_clear.png","width":1341,"height":180,"caption":"myopia.care"},"image":{"@id":"https:\/\/www.myopiacare.org\/#\/schema\/logo\/image\/"},"sameAs":["https:\/\/www.facebook.com\/myopia.care\/"]}]}},"_links":{"self":[{"href":"https:\/\/www.myopiacare.org\/fr\/wp-json\/wp\/v2\/pages\/372\/"}],"collection":[{"href":"https:\/\/www.myopiacare.org\/fr\/wp-json\/wp\/v2\/pages\/"}],"about":[{"href":"https:\/\/www.myopiacare.org\/fr\/wp-json\/wp\/v2\/types\/page\/"}],"author":[{"embeddable":true,"href":"https:\/\/www.myopiacare.org\/fr\/wp-json\/wp\/v2\/users\/1\/"}],"replies":[{"embeddable":true,"href":"https:\/\/www.myopiacare.org\/fr\/wp-json\/wp\/v2\/comments\/?post=372"}],"version-history":[{"count":4,"href":"https:\/\/www.myopiacare.org\/fr\/wp-json\/wp\/v2\/pages\/372\/revisions\/"}],"predecessor-version":[{"id":2589,"href":"https:\/\/www.myopiacare.org\/fr\/wp-json\/wp\/v2\/pages\/372\/revisions\/2589\/"}],"wp:attachment":[{"href":"https:\/\/www.myopiacare.org\/fr\/wp-json\/wp\/v2\/media\/?parent=372"}],"curies":[{"name":"wp","href":"https:\/\/api.w.org\/{rel}","templated":true}]}}