{"id":526,"date":"2016-10-02T19:01:06","date_gmt":"2016-10-02T17:01:06","guid":{"rendered":"https:\/\/www.myopiacare.org\/it\/disclaimer\/"},"modified":"2020-04-16T20:31:39","modified_gmt":"2020-04-16T18:31:39","slug":"esclusione-di-responsabilita1","status":"publish","type":"page","link":"https:\/\/www.myopiacare.org\/it\/esclusione-di-responsabilita1\/","title":{"rendered":"Esclusione di Responsabilit\u00e0"},"content":{"rendered":"<h5 style=\"text-align: right;\"><a href=\"https:\/\/www.myopiacare.org\/it\/impressum1\/\">Impressum<\/a>\u00a0\/ <a href=\"https:\/\/www.myopiacare.org\/it\/protezione-dei-dati1\/\">Protezione dei dati <\/a>\u00a0\/\u00a0<a class=\"row-title\" href=\"https:\/\/www.myopiacare.org\/it\/termini-e-condizioni1\/\">Termini e condizioni<\/a><\/h5>\n<h1>Esclusione di Responsabilit\u00e0<\/h1>\n<h4><strong>Myopia.care fornisce informazioni relative alla miopia.<\/strong><\/h4>\n<p>Per ricevere consigli pi\u00f9 specifici sulla prevenzione e sulla gestione della miopia dovreste sempre rivolgervi a un oculista esperto, in grado di eseguire gli esami specialistici necessari e di fornire le informazioni pi\u00f9 appropriate. Sebbene facciamo tutto il possibile affinch\u00e9 le informazioni presenti sul sito siano sempre aggiornate, la ricerca\u00a0scientifica nel campo del controllo\u00a0della miopia \u00e8 in continua evoluzione, pertanto non possiamo offrire alcuna garanzia in merito alla loro accuratezza o completezza. I materiali presenti su questo sito Web sono puramente informativi e non sostituiscono in alcun modo il parere del medico. In caso di dubbi sui disturbi della vista o della salute in generale, sorti in seguito alla lettura del materiale presente nel nostro sito o dopo averci contattato, vi preghiamo di consultare un oculista o un medico.<\/p>\n<hr \/>\n<p><strong><em>Questa \u00e8 una traduzione elettronica dall&#8217;inglese. Per l&#8217;originale si prega di INGLESE<\/em><\/strong><\/p>\n<h2>Esclusione di responsabilit\u00e0 medica<\/h2>\n<p><strong>1. Nessun consiglio<\/strong><br \/>\n1.1 miopia Cura e Myopia.care \u00e8 un portale di informazione per la miopia di controllo.<br \/>\n<strong>2. ottico e informazioni mediche<\/strong><br \/>\n2.1 Il nostro sito contiene informazioni mediche ottica e generale.<br \/>\n2.2 L&#8217;informazione medica non \u00e8 un consiglio e non deve essere trattato come tale.<br \/>\n<strong>3. Nessuna garanzia<\/strong><br \/>\n3.1 Le informazioni mediche sul nostro sito web sono fornite senza alcuna dichiarazione o garanzia, esplicita o implicita.<br \/>\n3.2 Senza limitare la portata della sezione 3.1, non garantisce in alcun modo che le informazioni mediche su questo sito:<br \/>\n(A) sar\u00e0 sempre disponibile, o disponibili a tutti; o<br \/>\n(B) \u00e8 vero, accurate, complete, correnti e non fuorviante.<br \/>\n<strong>4. Assistenza medica<\/strong><br \/>\n4.1 Non si deve fare affidamento sulle informazioni sul nostro sito come alternativa alla consulenza medica dal proprio medico o altro operatore sanitario professionale.<br \/>\n4.2 In caso di domande specifiche su qualsiasi questione medica, si deve consultare il medico o altro operatore sanitario professionale.<br \/>\n4.3 Se si pensa che si pu\u00f2 essere affetti da qualsiasi condizione medica, si dovrebbe cercare immediatamente un medico.<br \/>\n4.4 Non si dovrebbe mai ritardare la ricerca di consigli medici, ignorare il consiglio del medico o interrompere un trattamento medico a causa di informazioni sul nostro sito.<br \/>\n<strong>5. caratteristiche interattive<\/strong><br \/>\n5.1 Il nostro sito include funzionalit\u00e0 interattive che consentono agli utenti di comunicare con noi.<br \/>\n5.2 L&#8217;utente riconosce che, a causa della natura limitata della comunicazione attraverso funzioni interattive del nostro sito, qualsiasi tipo di assistenza \u00e8 possibile ricevere utilizzando tali caratteristiche \u00e8 probabile che sia incompleta e pu\u00f2 anche essere fuorviante.<br \/>\n5.3 Qualsiasi tipo di assistenza \u00e8 possibile ricevere utilizzando le funzionalit\u00e0 interattive qualsiasi nostra del sito non costituisce una consulenza specifica e di conseguenza non dovrebbe essere invocata senza ulteriore conferma indipendente.<\/p>\n<h2>Generale di responsabilit\u00e0<\/h2>\n<h4>Responsabilit\u00e0 per i contenuti<\/h4>\n<p>I contenuti delle nostre pagine sono stati creati con la massima cura. Tuttavia, non possiamo garantire il contenuto &#8216;accuratezza, la completezza e l&#8217;attualit\u00e0. Secondo disposizioni di legge, siamo inoltre responsabili per i nostri contenuti su queste pagine web. In questo contesto, si ricorda che siamo di conseguenza, non obbligati a monitorare solo le informazioni trasmesse o memorizzate di terzi, o indagare le circostanze che indicano l&#8217;attivit\u00e0 illegale. I nostri obblighi di rimuovere o bloccare l&#8217;utilizzo di informazioni in generale, le leggi applicabili rimangono inalterati da questo come da \u00a7\u00a7 da 8 a 10 della legge Telemedia (TMG).<\/p>\n<h4>Responsabilit\u00e0 per i collegamenti<\/h4>\n<p>La responsabilit\u00e0 per il contenuto dei link esterni (a pagine web di terzi) si trova solo con gli operatori delle pagine collegate. Non ci sono violazioni erano evidenti a noi al momento del collegamento. Se un qualsiasi violazione della legge diventato noto a noi, provvederemo a rimuovere immediatamente il link corrispondente.<\/p>\n<h4>Diritto d&#8217;autore<\/h4>\n<p>Le nostre pagine web e il loro contenuto sono soggetti al diritto d&#8217;autore svizzero. Se non espressamente consentito dalla legge (\u00a7 44 bis e segg. Della legge sul copyright), ogni forma di utilizzare, riprodurre o trasformazione opere soggette a diritto d&#8217;autore sulle nostre pagine web richiede la previa autorizzazione dei rispettivi titolari dei diritti. riproduzioni individuali di lavoro \u00e8 consentito solo per uso privato, in modo da non devono servire direttamente o indirettamente, per i guadagni. l&#8217;utilizzo non autorizzato di opere protette da copyright \u00e8 punibile (\u00a7 106 della legge sul copyright).<\/p>\n<p>Fonte:\u00a0<i style=\"font-size: 14px;\"> <\/i><a style=\"font-size: 14px;\" href=\"http:\/\/www.muster-vorlagen.net\" target=\"_blank\" rel=\"noopener noreferrer\">Impressum Mustervorlagen<\/a><\/p>\n","protected":false},"excerpt":{"rendered":"<p>Impressum\u00a0\/ Protezione dei dati \u00a0\/\u00a0Termini e condizioni Esclusione di Responsabilit\u00e0 Myopia.care fornisce informazioni relative alla miopia. Per ricevere consigli pi\u00f9 specifici sulla prevenzione e sulla gestione della miopia dovreste sempre rivolgervi a un oculista esperto, in grado di eseguire gli esami specialistici necessari e di fornire le informazioni pi\u00f9 appropriate. Sebbene facciamo tutto il possibile [&hellip;]<\/p>\n","protected":false},"author":1,"featured_media":0,"parent":0,"menu_order":0,"comment_status":"closed","ping_status":"closed","template":"","meta":{"site-sidebar-layout":"default","site-content-layout":"","ast-site-content-layout":"default","site-content-style":"default","site-sidebar-style":"default","ast-global-header-display":"","ast-banner-title-visibility":"","ast-main-header-display":"","ast-hfb-above-header-display":"","ast-hfb-below-header-display":"","ast-hfb-mobile-header-display":"","site-post-title":"","ast-breadcrumbs-content":"","ast-featured-img":"","footer-sml-layout":"","ast-disable-related-posts":"","theme-transparent-header-meta":"","adv-header-id-meta":"","stick-header-meta":"","header-above-stick-meta":"","header-main-stick-meta":"","header-below-stick-meta":"","astra-migrate-meta-layouts":"default","ast-page-background-enabled":"default","ast-page-background-meta":{"desktop":{"background-color":"","background-image":"","background-repeat":"repeat","background-position":"center center","background-size":"auto","background-attachment":"scroll","background-type":"","background-media":"","overlay-type":"","overlay-color":"","overlay-opacity":"","overlay-gradient":""},"tablet":{"background-color":"","background-image":"","background-repeat":"repeat","background-position":"center center","background-size":"auto","background-attachment":"scroll","background-type":"","background-media":"","overlay-type":"","overlay-color":"","overlay-opacity":"","overlay-gradient":""},"mobile":{"background-color":"","background-image":"","background-repeat":"repeat","background-position":"center center","background-size":"auto","background-attachment":"scroll","background-type":"","background-media":"","overlay-type":"","overlay-color":"","overlay-opacity":"","overlay-gradient":""}},"ast-content-background-meta":{"desktop":{"background-color":"var(--ast-global-color-5)","background-image":"","background-repeat":"repeat","background-position":"center center","background-size":"auto","background-attachment":"scroll","background-type":"","background-media":"","overlay-type":"","overlay-color":"","overlay-opacity":"","overlay-gradient":""},"tablet":{"background-color":"var(--ast-global-color-5)","background-image":"","background-repeat":"repeat","background-position":"center center","background-size":"auto","background-attachment":"scroll","background-type":"","background-media":"","overlay-type":"","overlay-color":"","overlay-opacity":"","overlay-gradient":""},"mobile":{"background-color":"var(--ast-global-color-5)","background-image":"","background-repeat":"repeat","background-position":"center center","background-size":"auto","background-attachment":"scroll","background-type":"","background-media":"","overlay-type":"","overlay-color":"","overlay-opacity":"","overlay-gradient":""}},"footnotes":""},"class_list":["post-526","page","type-page","status-publish","hentry"],"yoast_head":"<!-- This site is optimized with the Yoast SEO plugin v27.4 - https:\/\/yoast.com\/product\/yoast-seo-wordpress\/ -->\n<title>Esclusione di Responsabilit\u00e0 | myopia care<\/title>\n<meta name=\"robots\" content=\"index, follow, max-snippet:-1, max-image-preview:large, max-video-preview:-1\" \/>\n<link rel=\"canonical\" href=\"https:\/\/www.myopiacare.org\/it\/esclusione-di-responsabilita1\/\" \/>\n<meta property=\"og:locale\" content=\"it_IT\" \/>\n<meta property=\"og:type\" content=\"article\" \/>\n<meta property=\"og:title\" content=\"Esclusione di Responsabilit\u00e0 | myopia care\" \/>\n<meta property=\"og:description\" content=\"Impressum\u00a0\/ Protezione dei dati \u00a0\/\u00a0Termini e condizioni Esclusione di Responsabilit\u00e0 Myopia.care fornisce informazioni relative alla miopia. Per ricevere consigli pi\u00f9 specifici sulla prevenzione e sulla gestione della miopia dovreste sempre rivolgervi a un oculista esperto, in grado di eseguire gli esami specialistici necessari e di fornire le informazioni pi\u00f9 appropriate. Sebbene facciamo tutto il possibile [&hellip;]\" \/>\n<meta property=\"og:url\" content=\"https:\/\/www.myopiacare.org\/it\/esclusione-di-responsabilita1\/\" \/>\n<meta property=\"og:site_name\" content=\"myopia care\" \/>\n<meta property=\"article:publisher\" content=\"https:\/\/www.facebook.com\/myopia.care\/\" \/>\n<meta property=\"article:modified_time\" content=\"2020-04-16T18:31:39+00:00\" \/>\n<meta name=\"twitter:card\" content=\"summary_large_image\" \/>\n<meta name=\"twitter:label1\" content=\"Tempo di lettura stimato\" \/>\n\t<meta name=\"twitter:data1\" content=\"3 minuti\" \/>\n<script type=\"application\/ld+json\" class=\"yoast-schema-graph\">{\"@context\":\"https:\\\/\\\/schema.org\",\"@graph\":[{\"@type\":\"WebPage\",\"@id\":\"https:\\\/\\\/www.myopiacare.org\\\/it\\\/esclusione-di-responsabilita1\\\/\",\"url\":\"https:\\\/\\\/www.myopiacare.org\\\/it\\\/esclusione-di-responsabilita1\\\/\",\"name\":\"Esclusione di Responsabilit\u00e0 | myopia care\",\"isPartOf\":{\"@id\":\"https:\\\/\\\/www.myopiacare.org\\\/#website\"},\"datePublished\":\"2016-10-02T17:01:06+00:00\",\"dateModified\":\"2020-04-16T18:31:39+00:00\",\"breadcrumb\":{\"@id\":\"https:\\\/\\\/www.myopiacare.org\\\/it\\\/esclusione-di-responsabilita1\\\/#breadcrumb\"},\"inLanguage\":\"it-IT\",\"potentialAction\":[{\"@type\":\"ReadAction\",\"target\":[\"https:\\\/\\\/www.myopiacare.org\\\/it\\\/esclusione-di-responsabilita1\\\/\"]}]},{\"@type\":\"BreadcrumbList\",\"@id\":\"https:\\\/\\\/www.myopiacare.org\\\/it\\\/esclusione-di-responsabilita1\\\/#breadcrumb\",\"itemListElement\":[{\"@type\":\"ListItem\",\"position\":1,\"name\":\"Home\",\"item\":\"https:\\\/\\\/www.myopiacare.org\\\/it\\\/\"},{\"@type\":\"ListItem\",\"position\":2,\"name\":\"Esclusione di Responsabilit\u00e0\"}]},{\"@type\":\"WebSite\",\"@id\":\"https:\\\/\\\/www.myopiacare.org\\\/#website\",\"url\":\"https:\\\/\\\/www.myopiacare.org\\\/\",\"name\":\"myopia care\",\"description\":\"Test your Predicted Level of Myopia (Short-sightedness)\",\"publisher\":{\"@id\":\"https:\\\/\\\/www.myopiacare.org\\\/#organization\"},\"potentialAction\":[{\"@type\":\"SearchAction\",\"target\":{\"@type\":\"EntryPoint\",\"urlTemplate\":\"https:\\\/\\\/www.myopiacare.org\\\/?s={search_term_string}\"},\"query-input\":{\"@type\":\"PropertyValueSpecification\",\"valueRequired\":true,\"valueName\":\"search_term_string\"}}],\"inLanguage\":\"it-IT\"},{\"@type\":\"Organization\",\"@id\":\"https:\\\/\\\/www.myopiacare.org\\\/#organization\",\"name\":\"myopia.care\",\"url\":\"https:\\\/\\\/www.myopiacare.org\\\/\",\"logo\":{\"@type\":\"ImageObject\",\"inLanguage\":\"it-IT\",\"@id\":\"https:\\\/\\\/www.myopiacare.org\\\/#\\\/schema\\\/logo\\\/image\\\/\",\"url\":\"https:\\\/\\\/www.myopiacare.org\\\/wp-content\\\/uploads\\\/2016\\\/10\\\/Myopia-Care-logo-picto-Large_clear.png\",\"contentUrl\":\"https:\\\/\\\/www.myopiacare.org\\\/wp-content\\\/uploads\\\/2016\\\/10\\\/Myopia-Care-logo-picto-Large_clear.png\",\"width\":1341,\"height\":180,\"caption\":\"myopia.care\"},\"image\":{\"@id\":\"https:\\\/\\\/www.myopiacare.org\\\/#\\\/schema\\\/logo\\\/image\\\/\"},\"sameAs\":[\"https:\\\/\\\/www.facebook.com\\\/myopia.care\\\/\"]}]}<\/script>\n<!-- \/ Yoast SEO plugin. -->","yoast_head_json":{"title":"Esclusione di Responsabilit\u00e0 | myopia care","robots":{"index":"index","follow":"follow","max-snippet":"max-snippet:-1","max-image-preview":"max-image-preview:large","max-video-preview":"max-video-preview:-1"},"canonical":"https:\/\/www.myopiacare.org\/it\/esclusione-di-responsabilita1\/","og_locale":"it_IT","og_type":"article","og_title":"Esclusione di Responsabilit\u00e0 | myopia care","og_description":"Impressum\u00a0\/ Protezione dei dati \u00a0\/\u00a0Termini e condizioni Esclusione di Responsabilit\u00e0 Myopia.care fornisce informazioni relative alla miopia. Per ricevere consigli pi\u00f9 specifici sulla prevenzione e sulla gestione della miopia dovreste sempre rivolgervi a un oculista esperto, in grado di eseguire gli esami specialistici necessari e di fornire le informazioni pi\u00f9 appropriate. Sebbene facciamo tutto il possibile [&hellip;]","og_url":"https:\/\/www.myopiacare.org\/it\/esclusione-di-responsabilita1\/","og_site_name":"myopia care","article_publisher":"https:\/\/www.facebook.com\/myopia.care\/","article_modified_time":"2020-04-16T18:31:39+00:00","twitter_card":"summary_large_image","twitter_misc":{"Tempo di lettura stimato":"3 minuti"},"schema":{"@context":"https:\/\/schema.org","@graph":[{"@type":"WebPage","@id":"https:\/\/www.myopiacare.org\/it\/esclusione-di-responsabilita1\/","url":"https:\/\/www.myopiacare.org\/it\/esclusione-di-responsabilita1\/","name":"Esclusione di Responsabilit\u00e0 | myopia care","isPartOf":{"@id":"https:\/\/www.myopiacare.org\/#website"},"datePublished":"2016-10-02T17:01:06+00:00","dateModified":"2020-04-16T18:31:39+00:00","breadcrumb":{"@id":"https:\/\/www.myopiacare.org\/it\/esclusione-di-responsabilita1\/#breadcrumb"},"inLanguage":"it-IT","potentialAction":[{"@type":"ReadAction","target":["https:\/\/www.myopiacare.org\/it\/esclusione-di-responsabilita1\/"]}]},{"@type":"BreadcrumbList","@id":"https:\/\/www.myopiacare.org\/it\/esclusione-di-responsabilita1\/#breadcrumb","itemListElement":[{"@type":"ListItem","position":1,"name":"Home","item":"https:\/\/www.myopiacare.org\/it\/"},{"@type":"ListItem","position":2,"name":"Esclusione di Responsabilit\u00e0"}]},{"@type":"WebSite","@id":"https:\/\/www.myopiacare.org\/#website","url":"https:\/\/www.myopiacare.org\/","name":"myopia care","description":"Test your Predicted Level of Myopia (Short-sightedness)","publisher":{"@id":"https:\/\/www.myopiacare.org\/#organization"},"potentialAction":[{"@type":"SearchAction","target":{"@type":"EntryPoint","urlTemplate":"https:\/\/www.myopiacare.org\/?s={search_term_string}"},"query-input":{"@type":"PropertyValueSpecification","valueRequired":true,"valueName":"search_term_string"}}],"inLanguage":"it-IT"},{"@type":"Organization","@id":"https:\/\/www.myopiacare.org\/#organization","name":"myopia.care","url":"https:\/\/www.myopiacare.org\/","logo":{"@type":"ImageObject","inLanguage":"it-IT","@id":"https:\/\/www.myopiacare.org\/#\/schema\/logo\/image\/","url":"https:\/\/www.myopiacare.org\/wp-content\/uploads\/2016\/10\/Myopia-Care-logo-picto-Large_clear.png","contentUrl":"https:\/\/www.myopiacare.org\/wp-content\/uploads\/2016\/10\/Myopia-Care-logo-picto-Large_clear.png","width":1341,"height":180,"caption":"myopia.care"},"image":{"@id":"https:\/\/www.myopiacare.org\/#\/schema\/logo\/image\/"},"sameAs":["https:\/\/www.facebook.com\/myopia.care\/"]}]}},"_links":{"self":[{"href":"https:\/\/www.myopiacare.org\/it\/wp-json\/wp\/v2\/pages\/526\/"}],"collection":[{"href":"https:\/\/www.myopiacare.org\/it\/wp-json\/wp\/v2\/pages\/"}],"about":[{"href":"https:\/\/www.myopiacare.org\/it\/wp-json\/wp\/v2\/types\/page\/"}],"author":[{"embeddable":true,"href":"https:\/\/www.myopiacare.org\/it\/wp-json\/wp\/v2\/users\/1\/"}],"replies":[{"embeddable":true,"href":"https:\/\/www.myopiacare.org\/it\/wp-json\/wp\/v2\/comments\/?post=526"}],"version-history":[{"count":1,"href":"https:\/\/www.myopiacare.org\/it\/wp-json\/wp\/v2\/pages\/526\/revisions\/"}],"predecessor-version":[{"id":2596,"href":"https:\/\/www.myopiacare.org\/it\/wp-json\/wp\/v2\/pages\/526\/revisions\/2596\/"}],"wp:attachment":[{"href":"https:\/\/www.myopiacare.org\/it\/wp-json\/wp\/v2\/media\/?parent=526"}],"curies":[{"name":"wp","href":"https:\/\/api.w.org\/{rel}","templated":true}]}}