{"id":519,"date":"2016-10-02T18:49:30","date_gmt":"2016-10-02T16:49:30","guid":{"rendered":"https:\/\/www.myopiacare.org\/nl\/impressum\/"},"modified":"2020-04-16T20:11:58","modified_gmt":"2020-04-16T18:11:58","slug":"impressum1","status":"publish","type":"page","link":"https:\/\/www.myopiacare.org\/nl\/impressum1\/","title":{"rendered":"Impressum"},"content":{"rendered":"<h5 style=\"text-align: right;\"><a href=\"https:\/\/www.myopiacare.org\/nl\/privacybeleid1\/\">Privacybeleid<\/a>\u00a0\/\u00a0<a href=\"https:\/\/www.myopiacare.org\/nl\/algemene-voorwaarden1\/\">Algemene Voorwaarden<\/a>\u00a0\/\u00a0<a href=\"https:\/\/www.myopiacare.org\/nl\/vrijwaring1\/\">Vrijwaring<\/a><\/h5>\n<hr \/>\n<h4>Dit is een elektronische vertalen uit het Engels. Voor de originele gelieve ENGELS<\/h4>\n<h1>Juridische Openbaarmaking<\/h1>\n<h4>De informatie in overeenstemming met artikel 5 TMG<\/h4>\n<p>Eyetific<\/p>\n<p>ch. du Parc de Valency 1<br \/>\n1004 Lausanne<\/p>\n<p>Private company CH-550.1.163.122-8<\/p>\n<p>VAT: CHE-161.940.677<\/p>\n<h4>Administered by<\/h4>\n<p>Sigrid Blaser<\/p>\n<h4>Developed and Founded by<\/h4>\n<p>Pascal Blaser<\/p>\n<h5>Persoonlijk aansprakelijk vennoot<\/h5>\n<h4>Contact<\/h4>\n<p>Telefoon: +41 (0) 76 423 31 41<br \/>\nE-Mail: info at myopiacare dot com<br \/>\nWebsite: www.myopiacare.org<\/p>\n<h4>Reguleren autoriteit<\/h4>\n<p>Eidgen\u00f6ssischer Datenschutz- und \u00d6ffentlichkeitsbeauftragter (ED\u00d6B)<\/p>\n<p>Registreer nummer 2016 00039<\/p>\n<h4>Gereglementeerde beroepen \/ vrije beroepen<\/h4>\n<p>Functie (Gereglementeerde beroepen): Eyespecialists<\/p>\n<h4>Vermelding van de bron voor foto&#8217;s en afbeeldingen<\/h4>\n<p>https:\/\/unsplash.com\/<br \/>\nhttps:\/\/pixabay.com\/<br \/>\nhttps:\/\/fotolia.com\/<\/p>\n<p>www.wikipedia.de<\/p>\n<p>www.allaboutvision.com<\/p>\n<p>Als een afbeelding of grafische niet wettelijk gebruikt, neem dan contact met ons op. We zullen zo snel mogelijk op te lossen.<\/p>\n","protected":false},"excerpt":{"rendered":"<p>Privacybeleid\u00a0\/\u00a0Algemene Voorwaarden\u00a0\/\u00a0Vrijwaring Dit is een elektronische vertalen uit het Engels. Voor de originele gelieve ENGELS Juridische Openbaarmaking De informatie in overeenstemming met artikel 5 TMG Eyetific ch. du Parc de Valency 1 1004 Lausanne Private company CH-550.1.163.122-8 VAT: CHE-161.940.677 Administered by Sigrid Blaser Developed and Founded by Pascal Blaser Persoonlijk aansprakelijk vennoot Contact Telefoon: +41 [&hellip;]<\/p>\n","protected":false},"author":1,"featured_media":0,"parent":0,"menu_order":0,"comment_status":"closed","ping_status":"closed","template":"","meta":{"site-sidebar-layout":"default","site-content-layout":"","ast-site-content-layout":"default","site-content-style":"default","site-sidebar-style":"default","ast-global-header-display":"","ast-banner-title-visibility":"","ast-main-header-display":"","ast-hfb-above-header-display":"","ast-hfb-below-header-display":"","ast-hfb-mobile-header-display":"","site-post-title":"","ast-breadcrumbs-content":"","ast-featured-img":"","footer-sml-layout":"","ast-disable-related-posts":"","theme-transparent-header-meta":"","adv-header-id-meta":"","stick-header-meta":"","header-above-stick-meta":"","header-main-stick-meta":"","header-below-stick-meta":"","astra-migrate-meta-layouts":"default","ast-page-background-enabled":"default","ast-page-background-meta":{"desktop":{"background-color":"","background-image":"","background-repeat":"repeat","background-position":"center center","background-size":"auto","background-attachment":"scroll","background-type":"","background-media":"","overlay-type":"","overlay-color":"","overlay-opacity":"","overlay-gradient":""},"tablet":{"background-color":"","background-image":"","background-repeat":"repeat","background-position":"center center","background-size":"auto","background-attachment":"scroll","background-type":"","background-media":"","overlay-type":"","overlay-color":"","overlay-opacity":"","overlay-gradient":""},"mobile":{"background-color":"","background-image":"","background-repeat":"repeat","background-position":"center center","background-size":"auto","background-attachment":"scroll","background-type":"","background-media":"","overlay-type":"","overlay-color":"","overlay-opacity":"","overlay-gradient":""}},"ast-content-background-meta":{"desktop":{"background-color":"var(--ast-global-color-5)","background-image":"","background-repeat":"repeat","background-position":"center center","background-size":"auto","background-attachment":"scroll","background-type":"","background-media":"","overlay-type":"","overlay-color":"","overlay-opacity":"","overlay-gradient":""},"tablet":{"background-color":"var(--ast-global-color-5)","background-image":"","background-repeat":"repeat","background-position":"center center","background-size":"auto","background-attachment":"scroll","background-type":"","background-media":"","overlay-type":"","overlay-color":"","overlay-opacity":"","overlay-gradient":""},"mobile":{"background-color":"var(--ast-global-color-5)","background-image":"","background-repeat":"repeat","background-position":"center center","background-size":"auto","background-attachment":"scroll","background-type":"","background-media":"","overlay-type":"","overlay-color":"","overlay-opacity":"","overlay-gradient":""}},"footnotes":""},"class_list":["post-519","page","type-page","status-publish","hentry"],"yoast_head":"<!-- This site is optimized with the Yoast SEO plugin v27.4 - https:\/\/yoast.com\/product\/yoast-seo-wordpress\/ -->\n<title>Impressum | myopia care<\/title>\n<meta name=\"robots\" content=\"index, follow, max-snippet:-1, max-image-preview:large, max-video-preview:-1\" \/>\n<link rel=\"canonical\" href=\"https:\/\/www.myopiacare.org\/nl\/impressum1\/\" \/>\n<meta property=\"og:locale\" content=\"nl_NL\" \/>\n<meta property=\"og:type\" content=\"article\" \/>\n<meta property=\"og:title\" content=\"Impressum | myopia care\" \/>\n<meta property=\"og:description\" content=\"Privacybeleid\u00a0\/\u00a0Algemene Voorwaarden\u00a0\/\u00a0Vrijwaring Dit is een elektronische vertalen uit het Engels. Voor de originele gelieve ENGELS Juridische Openbaarmaking De informatie in overeenstemming met artikel 5 TMG Eyetific ch. du Parc de Valency 1 1004 Lausanne Private company CH-550.1.163.122-8 VAT: CHE-161.940.677 Administered by Sigrid Blaser Developed and Founded by Pascal Blaser Persoonlijk aansprakelijk vennoot Contact Telefoon: +41 [&hellip;]\" \/>\n<meta property=\"og:url\" content=\"https:\/\/www.myopiacare.org\/nl\/impressum1\/\" \/>\n<meta property=\"og:site_name\" content=\"myopia care\" \/>\n<meta property=\"article:publisher\" content=\"https:\/\/www.facebook.com\/myopia.care\/\" \/>\n<meta property=\"article:modified_time\" content=\"2020-04-16T18:11:58+00:00\" \/>\n<meta name=\"twitter:card\" content=\"summary_large_image\" \/>\n<meta name=\"twitter:label1\" content=\"Geschatte leestijd\" \/>\n\t<meta name=\"twitter:data1\" content=\"1 minuut\" \/>\n<script type=\"application\/ld+json\" class=\"yoast-schema-graph\">{\"@context\":\"https:\\\/\\\/schema.org\",\"@graph\":[{\"@type\":\"WebPage\",\"@id\":\"https:\\\/\\\/www.myopiacare.org\\\/nl\\\/impressum1\\\/\",\"url\":\"https:\\\/\\\/www.myopiacare.org\\\/nl\\\/impressum1\\\/\",\"name\":\"Impressum | myopia care\",\"isPartOf\":{\"@id\":\"https:\\\/\\\/www.myopiacare.org\\\/#website\"},\"datePublished\":\"2016-10-02T16:49:30+00:00\",\"dateModified\":\"2020-04-16T18:11:58+00:00\",\"breadcrumb\":{\"@id\":\"https:\\\/\\\/www.myopiacare.org\\\/nl\\\/impressum1\\\/#breadcrumb\"},\"inLanguage\":\"nl-NL\",\"potentialAction\":[{\"@type\":\"ReadAction\",\"target\":[\"https:\\\/\\\/www.myopiacare.org\\\/nl\\\/impressum1\\\/\"]}]},{\"@type\":\"BreadcrumbList\",\"@id\":\"https:\\\/\\\/www.myopiacare.org\\\/nl\\\/impressum1\\\/#breadcrumb\",\"itemListElement\":[{\"@type\":\"ListItem\",\"position\":1,\"name\":\"Home\",\"item\":\"https:\\\/\\\/www.myopiacare.org\\\/nl\\\/\"},{\"@type\":\"ListItem\",\"position\":2,\"name\":\"Impressum\"}]},{\"@type\":\"WebSite\",\"@id\":\"https:\\\/\\\/www.myopiacare.org\\\/#website\",\"url\":\"https:\\\/\\\/www.myopiacare.org\\\/\",\"name\":\"myopia care\",\"description\":\"Test your Predicted Level of Myopia (Short-sightedness)\",\"publisher\":{\"@id\":\"https:\\\/\\\/www.myopiacare.org\\\/#organization\"},\"potentialAction\":[{\"@type\":\"SearchAction\",\"target\":{\"@type\":\"EntryPoint\",\"urlTemplate\":\"https:\\\/\\\/www.myopiacare.org\\\/?s={search_term_string}\"},\"query-input\":{\"@type\":\"PropertyValueSpecification\",\"valueRequired\":true,\"valueName\":\"search_term_string\"}}],\"inLanguage\":\"nl-NL\"},{\"@type\":\"Organization\",\"@id\":\"https:\\\/\\\/www.myopiacare.org\\\/#organization\",\"name\":\"myopia.care\",\"url\":\"https:\\\/\\\/www.myopiacare.org\\\/\",\"logo\":{\"@type\":\"ImageObject\",\"inLanguage\":\"nl-NL\",\"@id\":\"https:\\\/\\\/www.myopiacare.org\\\/#\\\/schema\\\/logo\\\/image\\\/\",\"url\":\"https:\\\/\\\/www.myopiacare.org\\\/wp-content\\\/uploads\\\/2016\\\/10\\\/Myopia-Care-logo-picto-Large_clear.png\",\"contentUrl\":\"https:\\\/\\\/www.myopiacare.org\\\/wp-content\\\/uploads\\\/2016\\\/10\\\/Myopia-Care-logo-picto-Large_clear.png\",\"width\":1341,\"height\":180,\"caption\":\"myopia.care\"},\"image\":{\"@id\":\"https:\\\/\\\/www.myopiacare.org\\\/#\\\/schema\\\/logo\\\/image\\\/\"},\"sameAs\":[\"https:\\\/\\\/www.facebook.com\\\/myopia.care\\\/\"]}]}<\/script>\n<!-- \/ Yoast SEO plugin. -->","yoast_head_json":{"title":"Impressum | myopia care","robots":{"index":"index","follow":"follow","max-snippet":"max-snippet:-1","max-image-preview":"max-image-preview:large","max-video-preview":"max-video-preview:-1"},"canonical":"https:\/\/www.myopiacare.org\/nl\/impressum1\/","og_locale":"nl_NL","og_type":"article","og_title":"Impressum | myopia care","og_description":"Privacybeleid\u00a0\/\u00a0Algemene Voorwaarden\u00a0\/\u00a0Vrijwaring Dit is een elektronische vertalen uit het Engels. Voor de originele gelieve ENGELS Juridische Openbaarmaking De informatie in overeenstemming met artikel 5 TMG Eyetific ch. du Parc de Valency 1 1004 Lausanne Private company CH-550.1.163.122-8 VAT: CHE-161.940.677 Administered by Sigrid Blaser Developed and Founded by Pascal Blaser Persoonlijk aansprakelijk vennoot Contact Telefoon: +41 [&hellip;]","og_url":"https:\/\/www.myopiacare.org\/nl\/impressum1\/","og_site_name":"myopia care","article_publisher":"https:\/\/www.facebook.com\/myopia.care\/","article_modified_time":"2020-04-16T18:11:58+00:00","twitter_card":"summary_large_image","twitter_misc":{"Geschatte leestijd":"1 minuut"},"schema":{"@context":"https:\/\/schema.org","@graph":[{"@type":"WebPage","@id":"https:\/\/www.myopiacare.org\/nl\/impressum1\/","url":"https:\/\/www.myopiacare.org\/nl\/impressum1\/","name":"Impressum | myopia care","isPartOf":{"@id":"https:\/\/www.myopiacare.org\/#website"},"datePublished":"2016-10-02T16:49:30+00:00","dateModified":"2020-04-16T18:11:58+00:00","breadcrumb":{"@id":"https:\/\/www.myopiacare.org\/nl\/impressum1\/#breadcrumb"},"inLanguage":"nl-NL","potentialAction":[{"@type":"ReadAction","target":["https:\/\/www.myopiacare.org\/nl\/impressum1\/"]}]},{"@type":"BreadcrumbList","@id":"https:\/\/www.myopiacare.org\/nl\/impressum1\/#breadcrumb","itemListElement":[{"@type":"ListItem","position":1,"name":"Home","item":"https:\/\/www.myopiacare.org\/nl\/"},{"@type":"ListItem","position":2,"name":"Impressum"}]},{"@type":"WebSite","@id":"https:\/\/www.myopiacare.org\/#website","url":"https:\/\/www.myopiacare.org\/","name":"myopia care","description":"Test your Predicted Level of Myopia (Short-sightedness)","publisher":{"@id":"https:\/\/www.myopiacare.org\/#organization"},"potentialAction":[{"@type":"SearchAction","target":{"@type":"EntryPoint","urlTemplate":"https:\/\/www.myopiacare.org\/?s={search_term_string}"},"query-input":{"@type":"PropertyValueSpecification","valueRequired":true,"valueName":"search_term_string"}}],"inLanguage":"nl-NL"},{"@type":"Organization","@id":"https:\/\/www.myopiacare.org\/#organization","name":"myopia.care","url":"https:\/\/www.myopiacare.org\/","logo":{"@type":"ImageObject","inLanguage":"nl-NL","@id":"https:\/\/www.myopiacare.org\/#\/schema\/logo\/image\/","url":"https:\/\/www.myopiacare.org\/wp-content\/uploads\/2016\/10\/Myopia-Care-logo-picto-Large_clear.png","contentUrl":"https:\/\/www.myopiacare.org\/wp-content\/uploads\/2016\/10\/Myopia-Care-logo-picto-Large_clear.png","width":1341,"height":180,"caption":"myopia.care"},"image":{"@id":"https:\/\/www.myopiacare.org\/#\/schema\/logo\/image\/"},"sameAs":["https:\/\/www.facebook.com\/myopia.care\/"]}]}},"_links":{"self":[{"href":"https:\/\/www.myopiacare.org\/nl\/wp-json\/wp\/v2\/pages\/519\/"}],"collection":[{"href":"https:\/\/www.myopiacare.org\/nl\/wp-json\/wp\/v2\/pages\/"}],"about":[{"href":"https:\/\/www.myopiacare.org\/nl\/wp-json\/wp\/v2\/types\/page\/"}],"author":[{"embeddable":true,"href":"https:\/\/www.myopiacare.org\/nl\/wp-json\/wp\/v2\/users\/1\/"}],"replies":[{"embeddable":true,"href":"https:\/\/www.myopiacare.org\/nl\/wp-json\/wp\/v2\/comments\/?post=519"}],"version-history":[{"count":4,"href":"https:\/\/www.myopiacare.org\/nl\/wp-json\/wp\/v2\/pages\/519\/revisions\/"}],"predecessor-version":[{"id":2563,"href":"https:\/\/www.myopiacare.org\/nl\/wp-json\/wp\/v2\/pages\/519\/revisions\/2563\/"}],"wp:attachment":[{"href":"https:\/\/www.myopiacare.org\/nl\/wp-json\/wp\/v2\/media\/?parent=519"}],"curies":[{"name":"wp","href":"https:\/\/api.w.org\/{rel}","templated":true}]}}