{"id":2418,"date":"2020-04-16T17:36:54","date_gmt":"2020-04-16T15:36:54","guid":{"rendered":"https:\/\/www.myopiacare.org\/polityka-prywatnosci-2\/"},"modified":"2022-12-18T12:43:04","modified_gmt":"2022-12-18T11:43:04","slug":"polityka-prywatnosci","status":"publish","type":"page","link":"https:\/\/www.myopiacare.org\/pl\/polityka-prywatnosci\/","title":{"rendered":"Polityka prywatno\u015bci"},"content":{"rendered":"\t\t<div data-elementor-type=\"wp-page\" data-elementor-id=\"2418\" class=\"elementor elementor-2418\" data-elementor-post-type=\"page\">\n\t\t\t\t\t\t<section class=\"elementor-section elementor-top-section elementor-element elementor-element-9946ab1 elementor-section-boxed elementor-section-height-default elementor-section-height-default\" data-id=\"9946ab1\" data-element_type=\"section\" data-e-type=\"section\">\n\t\t\t\t\t\t<div class=\"elementor-container elementor-column-gap-default\">\n\t\t\t\t\t<div class=\"elementor-column elementor-col-100 elementor-top-column elementor-element elementor-element-6ea802b\" data-id=\"6ea802b\" data-element_type=\"column\" data-e-type=\"column\">\n\t\t\t<div class=\"elementor-widget-wrap elementor-element-populated\">\n\t\t\t\t\t\t<div class=\"elementor-element elementor-element-f14cca0 elementor-widget elementor-widget-heading\" data-id=\"f14cca0\" data-element_type=\"widget\" data-e-type=\"widget\" data-widget_type=\"heading.default\">\n\t\t\t\t<div class=\"elementor-widget-container\">\n\t\t\t\t\t<h2 class=\"elementor-heading-title elementor-size-default\">Polityka prywatno\u015bci<\/h2>\t\t\t\t<\/div>\n\t\t\t\t<\/div>\n\t\t\t\t<div class=\"elementor-element elementor-element-3e56cd4 elementor-widget elementor-widget-text-editor\" data-id=\"3e56cd4\" data-element_type=\"widget\" data-e-type=\"widget\" data-widget_type=\"text-editor.default\">\n\t\t\t\t<div class=\"elementor-widget-container\">\n\t\t\t\t\t\t\t\t\t<p>Dzi\u0119kujemy za skorzystanie z us\u0142ug Myopia Care.<br \/>INFORMACJE<\/p><p>Myopia Care jest zainteresowana wy\u0142\u0105cznie informacjami bezpo\u015brednio zwi\u0105zanymi z obliczeniami i poradami dotycz\u0105cymi potencja\u0142u kr\u00f3tkowzroczno\u015bci danej osoby oraz wy\u0142\u0105cznie naukowymi podstawami dotycz\u0105cymi kontroli kr\u00f3tkowzroczno\u015bci. Informacje te zostan\u0105 wykorzystane do natychmiastowego przewidywania kr\u00f3tkowzroczno\u015bci oraz do przysz\u0142ej modyfikacji kalkulatora jako narz\u0119dzia wewn\u0119trznego. Wszystkie informacje zostan\u0105 zanonimizowane i oddzielone od podanych nazwisk i nie b\u0119d\u0105 przekazywane osobom trzecim. Nie potrzebujemy Twoich prywatnych danych kontaktowych dla naszego serwisu.<\/p><p>Traktujemy Twoj\u0105 prywatno\u015b\u0107 niezwykle powa\u017cnie i chronimy Twoje dane tak bardzo, jak to tylko mo\u017cliwe. W tym celu dokonali\u015bmy pewnych specjalnych regulacji w bazie danych. Jednym z g\u0142\u00f3wnych zabezpiecze\u0144 jest rozdzielenie baz danych, jedna z Twoimi prywatnymi danymi (data urodzenia, p\u0142e\u0107, grupa etniczna i kraj), druga z innymi danymi z kwestionariusza i kolejna z miejscem pracy zawodowej. Dzi\u0119ki temu podzia\u0142owi nie jest mo\u017cliwe, ani dla nas, ani dla innych podmiot\u00f3w, po\u0142\u0105czenie Pa\u0144stwa prywatnych danych z danymi bez Pa\u0144stwa kodu rezerwacji i danych logowania od specjalisty. Oznacza to, \u017ce tylko specjalista mo\u017ce po\u0142\u0105czy\u0107 bazy danych w swojej przestrzeni roboczej.<\/p><p>Adres e-mail podany do transmisji b\u0119dzie wykorzystywany tylko do przes\u0142ania indywidualnego kodu i nie b\u0119dzie przez nas przechowywany. Adres e-mail nie jest obowi\u0105zkowy dla procesu.<\/p><p>USUWANIE DANYCH<\/p><p>Dane z kwestionariusza s\u0105 automatycznie usuwane co miesi\u0105c, je\u015bli nie zosta\u0142y wykorzystane\/zaimportowane przez lekarza okulist\u0119 po stronie zawodowej w ci\u0105gu 180 dni (sze\u015b\u0107 miesi\u0119cy). Lub wcze\u015bniej poprzez wys\u0142anie EMAIL do mened\u017cera ds. prywatno\u015bci.<\/p><p>1. Specjalista chor\u00f3b oczu mo\u017ce w ka\u017cdej chwili ca\u0142kowicie usun\u0105\u0107 dane pacjenta w swojej strefie chronionej w Menu &#8222;Moje zapisy&#8221;<\/p><p>2. Okulista mo\u017ce w ka\u017cdej chwili ca\u0142kowicie zamkn\u0105\u0107 sw\u00f3j dost\u0119p i dane w swoim profilu lub za pomoc\u0105 tego LINKU.<\/p><p>3. U\u017cytkownik mo\u017ce usun\u0105\u0107 swoje dane z kwestionariusza publicznego za pomoc\u0105 tego LINKU, o ile kod nie zosta\u0142 zaimportowany przez specjalist\u0119. Kod jest niezb\u0119dny do przeprowadzenia tego procesu.<\/p><p>Wszystkie te procesy s\u0105 nieodwracalne.<\/p><p>BEZPIECZE\u0143STWO BAZY DANYCH<\/p><p>Aby chroni\u0107 Twoje dane, wybrali\u015bmy nasz w\u0142asny serwer pod adresem www.hetzner.de\/ Niemcy. Jest to jeden z najwi\u0119kszych hosting\u00f3w i najbardziej pewnych baz danych. Baza danych jest zarejestrowana w Szwajcarskim Federalnym Buro ochrony danych i przejrzysto\u015bci ED\u00d6B. Numer rejestru 2016 00039.<\/p><p>Nigdy nie sprzedajemy danych kontaktowych i adres\u00f3w e-mail.<\/p><p>PODSTAWY<\/p><p>Zaczniemy od pozbycia si\u0119 kilku definicji, kt\u00f3re powinny pom\u00f3c Ci zrozumie\u0107 t\u0119 polityk\u0119. M\u00f3wi\u0105c &#8222;my&#8221;, &#8222;nas&#8221; i &#8222;Myopia Care&#8221; mamy na my\u015bli Myopia Care , Lausanne Switzerland. Zapewniamy platformy internetowe, z kt\u00f3rych mo\u017cesz korzysta\u0107, aby obliczy\u0107 ryzyko wyst\u0105pienia kr\u00f3tkowzroczno\u015bci, poleci\u0107 Ci i produkty specjalisty od oczu (&#8222;Us\u0142ugi&#8221;). Kiedy m\u00f3wimy &#8222;ty&#8221; &#8222;specjalista od oczu&#8221; lub &#8222;U\u017cytkownik&#8221;, mamy na my\u015bli osob\u0119 lub podmiot, kt\u00f3ry jest u\u017cywany lub zarejestrowany z nami, aby korzysta\u0107 z Us\u0142ug. Mo\u017cemy po\u0142\u0105czy\u0107 og\u00f3lne informacje o u\u017cytkowniku z informacjami dostarczonymi przez innych u\u017cytkownik\u00f3w lub osoby trzecie, aby utworzy\u0107 &#8222;Informacje zbiorcze&#8221;, kt\u00f3re mog\u0105 obejmowa\u0107, ale nie ograniczaj\u0105 si\u0119 do informacji demograficznych i osobistych, adres\u00f3w IP i lokalizacji.<\/p><p>Kiedy m\u00f3wimy o danych osobowych lub prywatnych, mamy na my\u015bli Twoje imi\u0119 i nazwisko oraz adres e-mail. Kiedy m\u00f3wimy o og\u00f3lnych informacjach, mamy na my\u015bli wszystkie informacje z kwestionariusza i miejsca pracy specjalist\u00f3w opieki nad oczami (ECPs). Te dwie informacje (prywatna i og\u00f3lna) nie s\u0105 przechowywane w tej samej bazie danych.<br \/>Oferujemy Us\u0142ugi na naszych stronach internetowych https:\/\/www.myopiacare.org, https:\/\/www.myopiacare.com i https:\/\/myopia.care (ka\u017cda &#8222;strona&#8221; i razem &#8222;strony&#8221;). Podczas \u015bwiadczenia Us\u0142ug mo\u017cemy zbiera\u0107 Informacje osobiste, czyli informacje o U\u017cytkowniku lub specjali\u015bcie od oczu.<\/p><p>Zmiany<\/p><p>Je\u015bli nast\u0105pi\u0105 jakiekolwiek istotne zmiany w niniejszej Polityce prywatno\u015bci, zamie\u015bcimy je na stronie internetowej (dla wszystkich) i wy\u015blemy je na ostatni adres e-mail podany przez u\u017cytkownika (dla specjalist\u00f3w od oczu). Wszelkie zmiany b\u0119d\u0105 obowi\u0105zywa\u0107 od dnia, w kt\u00f3rym umie\u015bcimy je na stronie internetowej lub wy\u015blemy e-mail (w zale\u017cno\u015bci od tego, kt\u00f3ra data jest p\u00f3\u017aniejsza). Je\u015bli sprzeciwisz si\u0119 zmianom w naszej Polityce Prywatno\u015bci, b\u0119dziemy musieli zlikwidowa\u0107 Twoje konto.<\/p><p>WA\u017bNA INFORMACJA DOTYCZ\u0104CA DZIECI PONI\u017bEJ 13 ROKU \u017bYCIA:<\/p><p>Niniejsza Polityka Prywatno\u015bci dotyczy og\u00f3lnie u\u017cytkownik\u00f3w naszych Us\u0142ug. Kwestionariusz nie jest do wykorzystania przez dzieci w wieku poni\u017cej 13 lat (&#8222;Dziecko&#8221;). B\u0119dziemy zbiera\u0107, wykorzystywa\u0107 i udost\u0119pnia\u0107 informacje o Dziecku tylko na potrzeby us\u0142ug opisanych w poni\u017cszej podsekcji zatytu\u0142owanej &#8222;Prywatno\u015b\u0107 Dzieci&#8221;.<\/p><p>Zasady spoza UE lub Szwajcarii<\/p><p>Je\u015bli istnieje jakikolwiek konflikt mi\u0119dzy warunkami zawartymi w niniejszej polityce prywatno\u015bci a zasadami Tarczy Prywatno\u015bci obowi\u0105zuj\u0105cymi w UE, obowi\u0105zuj\u0105 zasady Tarczy Prywatno\u015bci. Aby dowiedzie\u0107 si\u0119 wi\u0119cej o zasadach Tarczy Prywatno\u015bci, odwied\u017a list\u0119 Tarczy Prywatno\u015bci Departamentu Handlu USA: https:\/\/www.privacyshield.gov\/list<\/p><p>TWOJE INFORMACJE<\/p><p>Informacje przekazywane nam przez u\u017cytkownika: Kiedy korzystasz z Us\u0142ug, konsultujesz si\u0119 z naszym zwyczajem<\/p>\t\t\t\t\t\t\t\t<\/div>\n\t\t\t\t<\/div>\n\t\t\t\t\t<\/div>\n\t\t<\/div>\n\t\t\t\t\t<\/div>\n\t\t<\/section>\n\t\t\t\t<\/div>\n\t\t","protected":false},"excerpt":{"rendered":"<p>Polityka prywatno\u015bci Dzi\u0119kujemy za skorzystanie z us\u0142ug Myopia Care.INFORMACJE Myopia Care jest zainteresowana wy\u0142\u0105cznie informacjami bezpo\u015brednio zwi\u0105zanymi z obliczeniami i poradami dotycz\u0105cymi potencja\u0142u kr\u00f3tkowzroczno\u015bci danej osoby oraz wy\u0142\u0105cznie naukowymi podstawami dotycz\u0105cymi kontroli kr\u00f3tkowzroczno\u015bci. Informacje te zostan\u0105 wykorzystane do natychmiastowego przewidywania kr\u00f3tkowzroczno\u015bci oraz do przysz\u0142ej modyfikacji kalkulatora jako narz\u0119dzia wewn\u0119trznego. Wszystkie informacje zostan\u0105 zanonimizowane i oddzielone [&hellip;]<\/p>\n","protected":false},"author":3,"featured_media":0,"parent":0,"menu_order":0,"comment_status":"closed","ping_status":"closed","template":"","meta":{"site-sidebar-layout":"default","site-content-layout":"default","ast-site-content-layout":"default","site-content-style":"default","site-sidebar-style":"default","ast-global-header-display":"","ast-banner-title-visibility":"","ast-main-header-display":"disabled","ast-hfb-above-header-display":"","ast-hfb-below-header-display":"","ast-hfb-mobile-header-display":"","site-post-title":"disabled","ast-breadcrumbs-content":"disabled","ast-featured-img":"","footer-sml-layout":"","ast-disable-related-posts":"","theme-transparent-header-meta":"default","adv-header-id-meta":"","stick-header-meta":"","header-above-stick-meta":"","header-main-stick-meta":"","header-below-stick-meta":"","astra-migrate-meta-layouts":"default","ast-page-background-enabled":"default","ast-page-background-meta":{"desktop":{"background-color":"","background-image":"","background-repeat":"repeat","background-position":"center center","background-size":"auto","background-attachment":"scroll","background-type":"","background-media":"","overlay-type":"","overlay-color":"","overlay-opacity":"","overlay-gradient":""},"tablet":{"background-color":"","background-image":"","background-repeat":"repeat","background-position":"center center","background-size":"auto","background-attachment":"scroll","background-type":"","background-media":"","overlay-type":"","overlay-color":"","overlay-opacity":"","overlay-gradient":""},"mobile":{"background-color":"","background-image":"","background-repeat":"repeat","background-position":"center center","background-size":"auto","background-attachment":"scroll","background-type":"","background-media":"","overlay-type":"","overlay-color":"","overlay-opacity":"","overlay-gradient":""}},"ast-content-background-meta":{"desktop":{"background-color":"var(--ast-global-color-5)","background-image":"","background-repeat":"repeat","background-position":"center center","background-size":"auto","background-attachment":"scroll","background-type":"","background-media":"","overlay-type":"","overlay-color":"","overlay-opacity":"","overlay-gradient":""},"tablet":{"background-color":"var(--ast-global-color-5)","background-image":"","background-repeat":"repeat","background-position":"center center","background-size":"auto","background-attachment":"scroll","background-type":"","background-media":"","overlay-type":"","overlay-color":"","overlay-opacity":"","overlay-gradient":""},"mobile":{"background-color":"var(--ast-global-color-5)","background-image":"","background-repeat":"repeat","background-position":"center center","background-size":"auto","background-attachment":"scroll","background-type":"","background-media":"","overlay-type":"","overlay-color":"","overlay-opacity":"","overlay-gradient":""}},"footnotes":""},"class_list":["post-2418","page","type-page","status-publish","hentry"],"yoast_head":"<!-- This site is optimized with the Yoast SEO plugin v27.6 - https:\/\/yoast.com\/product\/yoast-seo-wordpress\/ -->\n<title>Polityka prywatno\u015bci | myopia care<\/title>\n<meta name=\"robots\" content=\"index, follow, max-snippet:-1, max-image-preview:large, max-video-preview:-1\" \/>\n<link rel=\"canonical\" href=\"https:\/\/www.myopiacare.org\/pl\/protection-des-donnees\/\" \/>\n<meta property=\"og:locale\" content=\"pl_PL\" \/>\n<meta property=\"og:type\" content=\"article\" \/>\n<meta property=\"og:title\" content=\"Polityka prywatno\u015bci | myopia care\" \/>\n<meta property=\"og:description\" content=\"Polityka prywatno\u015bci Dzi\u0119kujemy za skorzystanie z us\u0142ug Myopia Care.INFORMACJE Myopia Care jest zainteresowana wy\u0142\u0105cznie informacjami bezpo\u015brednio zwi\u0105zanymi z obliczeniami i poradami dotycz\u0105cymi potencja\u0142u kr\u00f3tkowzroczno\u015bci danej osoby oraz wy\u0142\u0105cznie naukowymi podstawami dotycz\u0105cymi kontroli kr\u00f3tkowzroczno\u015bci. Informacje te zostan\u0105 wykorzystane do natychmiastowego przewidywania kr\u00f3tkowzroczno\u015bci oraz do przysz\u0142ej modyfikacji kalkulatora jako narz\u0119dzia wewn\u0119trznego. Wszystkie informacje zostan\u0105 zanonimizowane i oddzielone [&hellip;]\" \/>\n<meta property=\"og:url\" content=\"https:\/\/www.myopiacare.org\/fr\/protection-des-donnees\/\" \/>\n<meta property=\"og:site_name\" content=\"myopia care\" \/>\n<meta property=\"article:publisher\" content=\"https:\/\/www.facebook.com\/myopia.care\/\" \/>\n<meta property=\"article:modified_time\" content=\"2022-12-18T11:43:04+00:00\" \/>\n<meta name=\"twitter:card\" content=\"summary_large_image\" \/>\n<meta name=\"twitter:label1\" content=\"Szacowany czas czytania\" \/>\n\t<meta name=\"twitter:data1\" content=\"4 minuty\" \/>\n<script type=\"application\/ld+json\" class=\"yoast-schema-graph\">{\"@context\":\"https:\\\/\\\/schema.org\",\"@graph\":[{\"@type\":\"WebPage\",\"@id\":\"https:\\\/\\\/www.myopiacare.org\\\/fr\\\/protection-des-donnees\\\/\",\"url\":\"https:\\\/\\\/www.myopiacare.org\\\/fr\\\/protection-des-donnees\\\/\",\"name\":\"Polityka prywatno\u015bci | myopia care\",\"isPartOf\":{\"@id\":\"https:\\\/\\\/www.myopiacare.org\\\/#website\"},\"datePublished\":\"2020-04-16T15:36:54+00:00\",\"dateModified\":\"2022-12-18T11:43:04+00:00\",\"breadcrumb\":{\"@id\":\"https:\\\/\\\/www.myopiacare.org\\\/fr\\\/protection-des-donnees\\\/#breadcrumb\"},\"inLanguage\":\"pl-PL\",\"potentialAction\":[{\"@type\":\"ReadAction\",\"target\":[\"https:\\\/\\\/www.myopiacare.org\\\/fr\\\/protection-des-donnees\\\/\"]}]},{\"@type\":\"BreadcrumbList\",\"@id\":\"https:\\\/\\\/www.myopiacare.org\\\/fr\\\/protection-des-donnees\\\/#breadcrumb\",\"itemListElement\":[{\"@type\":\"ListItem\",\"position\":1,\"name\":\"Home\",\"item\":\"https:\\\/\\\/www.myopiacare.org\\\/pl\\\/\"},{\"@type\":\"ListItem\",\"position\":2,\"name\":\"Polityka prywatno\u015bci\"}]},{\"@type\":\"WebSite\",\"@id\":\"https:\\\/\\\/www.myopiacare.org\\\/#website\",\"url\":\"https:\\\/\\\/www.myopiacare.org\\\/\",\"name\":\"myopia care\",\"description\":\"Test your Predicted Level of Myopia (Short-sightedness)\",\"publisher\":{\"@id\":\"https:\\\/\\\/www.myopiacare.org\\\/#organization\"},\"potentialAction\":[{\"@type\":\"SearchAction\",\"target\":{\"@type\":\"EntryPoint\",\"urlTemplate\":\"https:\\\/\\\/www.myopiacare.org\\\/?s={search_term_string}\"},\"query-input\":{\"@type\":\"PropertyValueSpecification\",\"valueRequired\":true,\"valueName\":\"search_term_string\"}}],\"inLanguage\":\"pl-PL\"},{\"@type\":\"Organization\",\"@id\":\"https:\\\/\\\/www.myopiacare.org\\\/#organization\",\"name\":\"myopia.care\",\"url\":\"https:\\\/\\\/www.myopiacare.org\\\/\",\"logo\":{\"@type\":\"ImageObject\",\"inLanguage\":\"pl-PL\",\"@id\":\"https:\\\/\\\/www.myopiacare.org\\\/#\\\/schema\\\/logo\\\/image\\\/\",\"url\":\"https:\\\/\\\/www.myopiacare.org\\\/wp-content\\\/uploads\\\/2016\\\/10\\\/Myopia-Care-logo-picto-Large_clear.png\",\"contentUrl\":\"https:\\\/\\\/www.myopiacare.org\\\/wp-content\\\/uploads\\\/2016\\\/10\\\/Myopia-Care-logo-picto-Large_clear.png\",\"width\":1341,\"height\":180,\"caption\":\"myopia.care\"},\"image\":{\"@id\":\"https:\\\/\\\/www.myopiacare.org\\\/#\\\/schema\\\/logo\\\/image\\\/\"},\"sameAs\":[\"https:\\\/\\\/www.facebook.com\\\/myopia.care\\\/\"]}]}<\/script>\n<!-- \/ Yoast SEO plugin. -->","yoast_head_json":{"title":"Polityka prywatno\u015bci | myopia care","robots":{"index":"index","follow":"follow","max-snippet":"max-snippet:-1","max-image-preview":"max-image-preview:large","max-video-preview":"max-video-preview:-1"},"canonical":"https:\/\/www.myopiacare.org\/pl\/protection-des-donnees\/","og_locale":"pl_PL","og_type":"article","og_title":"Polityka prywatno\u015bci | myopia care","og_description":"Polityka prywatno\u015bci Dzi\u0119kujemy za skorzystanie z us\u0142ug Myopia Care.INFORMACJE Myopia Care jest zainteresowana wy\u0142\u0105cznie informacjami bezpo\u015brednio zwi\u0105zanymi z obliczeniami i poradami dotycz\u0105cymi potencja\u0142u kr\u00f3tkowzroczno\u015bci danej osoby oraz wy\u0142\u0105cznie naukowymi podstawami dotycz\u0105cymi kontroli kr\u00f3tkowzroczno\u015bci. Informacje te zostan\u0105 wykorzystane do natychmiastowego przewidywania kr\u00f3tkowzroczno\u015bci oraz do przysz\u0142ej modyfikacji kalkulatora jako narz\u0119dzia wewn\u0119trznego. Wszystkie informacje zostan\u0105 zanonimizowane i oddzielone [&hellip;]","og_url":"https:\/\/www.myopiacare.org\/fr\/protection-des-donnees\/","og_site_name":"myopia care","article_publisher":"https:\/\/www.facebook.com\/myopia.care\/","article_modified_time":"2022-12-18T11:43:04+00:00","twitter_card":"summary_large_image","twitter_misc":{"Szacowany czas czytania":"4 minuty"},"schema":{"@context":"https:\/\/schema.org","@graph":[{"@type":"WebPage","@id":"https:\/\/www.myopiacare.org\/fr\/protection-des-donnees\/","url":"https:\/\/www.myopiacare.org\/fr\/protection-des-donnees\/","name":"Polityka prywatno\u015bci | myopia care","isPartOf":{"@id":"https:\/\/www.myopiacare.org\/#website"},"datePublished":"2020-04-16T15:36:54+00:00","dateModified":"2022-12-18T11:43:04+00:00","breadcrumb":{"@id":"https:\/\/www.myopiacare.org\/fr\/protection-des-donnees\/#breadcrumb"},"inLanguage":"pl-PL","potentialAction":[{"@type":"ReadAction","target":["https:\/\/www.myopiacare.org\/fr\/protection-des-donnees\/"]}]},{"@type":"BreadcrumbList","@id":"https:\/\/www.myopiacare.org\/fr\/protection-des-donnees\/#breadcrumb","itemListElement":[{"@type":"ListItem","position":1,"name":"Home","item":"https:\/\/www.myopiacare.org\/pl\/"},{"@type":"ListItem","position":2,"name":"Polityka prywatno\u015bci"}]},{"@type":"WebSite","@id":"https:\/\/www.myopiacare.org\/#website","url":"https:\/\/www.myopiacare.org\/","name":"myopia care","description":"Test your Predicted Level of Myopia (Short-sightedness)","publisher":{"@id":"https:\/\/www.myopiacare.org\/#organization"},"potentialAction":[{"@type":"SearchAction","target":{"@type":"EntryPoint","urlTemplate":"https:\/\/www.myopiacare.org\/?s={search_term_string}"},"query-input":{"@type":"PropertyValueSpecification","valueRequired":true,"valueName":"search_term_string"}}],"inLanguage":"pl-PL"},{"@type":"Organization","@id":"https:\/\/www.myopiacare.org\/#organization","name":"myopia.care","url":"https:\/\/www.myopiacare.org\/","logo":{"@type":"ImageObject","inLanguage":"pl-PL","@id":"https:\/\/www.myopiacare.org\/#\/schema\/logo\/image\/","url":"https:\/\/www.myopiacare.org\/wp-content\/uploads\/2016\/10\/Myopia-Care-logo-picto-Large_clear.png","contentUrl":"https:\/\/www.myopiacare.org\/wp-content\/uploads\/2016\/10\/Myopia-Care-logo-picto-Large_clear.png","width":1341,"height":180,"caption":"myopia.care"},"image":{"@id":"https:\/\/www.myopiacare.org\/#\/schema\/logo\/image\/"},"sameAs":["https:\/\/www.facebook.com\/myopia.care\/"]}]}},"_links":{"self":[{"href":"https:\/\/www.myopiacare.org\/pl\/wp-json\/wp\/v2\/pages\/2418\/"}],"collection":[{"href":"https:\/\/www.myopiacare.org\/pl\/wp-json\/wp\/v2\/pages\/"}],"about":[{"href":"https:\/\/www.myopiacare.org\/pl\/wp-json\/wp\/v2\/types\/page\/"}],"author":[{"embeddable":true,"href":"https:\/\/www.myopiacare.org\/pl\/wp-json\/wp\/v2\/users\/3\/"}],"replies":[{"embeddable":true,"href":"https:\/\/www.myopiacare.org\/pl\/wp-json\/wp\/v2\/comments\/?post=2418"}],"version-history":[{"count":5,"href":"https:\/\/www.myopiacare.org\/pl\/wp-json\/wp\/v2\/pages\/2418\/revisions\/"}],"predecessor-version":[{"id":3668,"href":"https:\/\/www.myopiacare.org\/pl\/wp-json\/wp\/v2\/pages\/2418\/revisions\/3668\/"}],"wp:attachment":[{"href":"https:\/\/www.myopiacare.org\/pl\/wp-json\/wp\/v2\/media\/?parent=2418"}],"curies":[{"name":"wp","href":"https:\/\/api.w.org\/{rel}","templated":true}]}}